{"id":69959,"date":"2024-02-13T11:52:58","date_gmt":"2024-02-13T16:52:58","guid":{"rendered":"https:\/\/localhost:10096\/?page_id=69959"},"modified":"2024-02-13T15:11:24","modified_gmt":"2024-02-13T20:11:24","slug":"ui-month-2","status":"publish","type":"page","link":"https:\/\/upstateinternational.org\/fr\/ui-month-2\/","title":{"rendered":"Mois de l&#039;interface utilisateur (brouillon)"},"content":{"rendered":"<div data-elementor-type=\"wp-page\" data-elementor-id=\"69959\" class=\"elementor elementor-69959\" data-elementor-post-type=\"page\">\n\t\t\t\t<div class=\"elementor-element elementor-element-20f31eea e-flex e-con-boxed e-con e-parent\" data-id=\"20f31eea\" data-element_type=\"container\" data-e-type=\"container\" data-settings=\"{&quot;background_background&quot;:&quot;classic&quot;}\">\n\t\t\t\t\t<div class=\"e-con-inner\">\n\t\t<div class=\"elementor-element elementor-element-47fe97d6 e-con-full e-flex e-con e-child\" data-id=\"47fe97d6\" data-element_type=\"container\" data-e-type=\"container\">\n\t\t\t\t<div class=\"elementor-element elementor-element-7d5b5945 elementor-widget elementor-widget-heading\" data-id=\"7d5b5945\" data-element_type=\"widget\" data-e-type=\"widget\" data-widget_type=\"heading.default\">\n\t\t\t\t<div class=\"elementor-widget-container\">\n\t\t\t\t\t<h1 class=\"elementor-heading-title elementor-size-default\">Mois international du nord de l&#039;\u00c9tat<\/h1>\t\t\t\t<\/div>\n\t\t\t\t<\/div>\n\t\t\t\t<div class=\"elementor-element elementor-element-1f48c353 elementor-widget elementor-widget-heading\" data-id=\"1f48c353\" data-element_type=\"widget\" data-e-type=\"widget\" data-widget_type=\"heading.default\">\n\t\t\t\t<div class=\"elementor-widget-container\">\n\t\t\t\t\t<h2 class=\"elementor-heading-title elementor-size-default\">Une collaboration multiculturelle et amusante \u00e0 l&#039;\u00e9chelle mondiale<\/h2>\t\t\t\t<\/div>\n\t\t\t\t<\/div>\n\t\t\t\t<\/div>\n\t\t\t\t\t<\/div>\n\t\t\t\t<\/div>\n\t\t<div class=\"elementor-element elementor-element-dba359e e-flex e-con-boxed e-con e-parent\" data-id=\"dba359e\" data-element_type=\"container\" data-e-type=\"container\">\n\t\t\t\t\t<div class=\"e-con-inner\">\n\t\t<div class=\"elementor-element elementor-element-3392669 e-con-full e-flex e-con e-child\" data-id=\"3392669\" data-element_type=\"container\" data-e-type=\"container\">\n\t\t\t\t<div class=\"elementor-element elementor-element-6bcef33 elementor-widget elementor-widget-heading\" data-id=\"6bcef33\" data-element_type=\"widget\" data-e-type=\"widget\" data-widget_type=\"heading.default\">\n\t\t\t\t<div class=\"elementor-widget-container\">\n\t\t\t\t\t<h3 class=\"elementor-heading-title elementor-size-default\">Une collaboration multicomt\u00e9<\/h3>\t\t\t\t<\/div>\n\t\t\t\t<\/div>\n\t\t\t\t<div class=\"elementor-element elementor-element-ca0e84a elementor-widget elementor-widget-heading\" data-id=\"ca0e84a\" data-element_type=\"widget\" data-e-type=\"widget\" data-widget_type=\"heading.default\">\n\t\t\t\t<div class=\"elementor-widget-container\">\n\t\t\t\t\t<h3 class=\"elementor-heading-title elementor-size-default\">Des organisations, des partenaires et des communaut\u00e9s<\/h3>\t\t\t\t<\/div>\n\t\t\t\t<\/div>\n\t\t\t\t<div class=\"elementor-element elementor-element-b55439d elementor-widget elementor-widget-text-editor\" data-id=\"b55439d\" data-element_type=\"widget\" data-e-type=\"widget\" data-widget_type=\"text-editor.default\">\n\t\t\t\t<div class=\"elementor-widget-container\">\n\t\t\t\t\t\t\t\t\t<p>En accueillant, en soutenant, en c\u00e9l\u00e9brant et en \u00e9duquant \u00e0 travers une vari\u00e9t\u00e9 d&#039;\u00e9v\u00e9nements \u00e0 th\u00e9matique internationale, le Mois international d&#039;Upstate promeut notre riche diversit\u00e9 culturelle, notre patrimoine et nos liens mondiaux.<\/p><p><span style=\"text-align: var(--text-align); color: var( --e-global-color-secondary );\">Depuis sa cr\u00e9ation en 2013, Upstate International a organis\u00e9 chaque ann\u00e9e en mars plus de 100 \u00e9v\u00e9nements internationaux dans toute la r\u00e9gion, offrant ainsi \u00e0 des centaines de personnes l&#039;opportunit\u00e9 de d\u00e9couvrir une grande vari\u00e9t\u00e9 d&#039;exp\u00e9riences culturelles. Upstate International est le catalyseur qui encourage et f\u00e9d\u00e8re tous ces \u00e9v\u00e9nements internationaux, contribuant ainsi \u00e0 \u00e9duquer et \u00e0 enthousiasmer le public, tout en c\u00e9l\u00e9brant la diversit\u00e9 et les \u00e9changes internationaux de la r\u00e9gion.<\/span><\/p>\t\t\t\t\t\t\t\t<\/div>\n\t\t\t\t<\/div>\n\t\t\t\t<div class=\"elementor-element elementor-element-2c63f2d elementor-align-left elementor-widget elementor-widget-button\" data-id=\"2c63f2d\" data-element_type=\"widget\" data-e-type=\"widget\" data-widget_type=\"button.default\">\n\t\t\t\t<div class=\"elementor-widget-container\">\n\t\t\t\t\t\t\t\t\t<div class=\"elementor-button-wrapper\">\n\t\t\t\t\t<a class=\"elementor-button elementor-button-link elementor-size-xl\" href=\"#registration\">\n\t\t\t\t\t\t<span class=\"elementor-button-content-wrapper\">\n\t\t\t\t\t\t<span class=\"elementor-button-icon\">\n\t\t\t\t<svg aria-hidden=\"true\" class=\"e-font-icon-svg e-far-calendar-check\" viewbox=\"0 0 448 512\" xmlns=\"http:\/\/www.w3.org\/2000\/svg\"><path d=\"M400 64h-48V12c0-6.627-5.373-12-12-12h-40c-6.627 0-12 5.373-12 12v52H160V12c0-6.627-5.373-12-12-12h-40c-6.627 0-12 5.373-12 12v52H48C21.49 64 0 85.49 0 112v352c0 26.51 21.49 48 48 48h352c26.51 0 48-21.49 48-48V112c0-26.51-21.49-48-48-48zm-6 400H54a6 6 0 0 1-6-6V160h352v298a6 6 0 0 1-6 6zm-52.849-200.65L198.842 404.519c-4.705 4.667-12.303 4.637-16.971-.068l-75.091-75.699c-4.667-4.705-4.637-12.303.068-16.971l22.719-22.536c4.705-4.667 12.303-4.637 16.97.069l44.104 44.461 111.072-110.181c4.705-4.667 12.303-4.637 16.971.068l22.536 22.718c4.667 4.705 4.636 12.303-.069 16.97z\"><\/path><\/svg>\t\t\t<\/span>\n\t\t\t\t\t\t\t\t\t<span class=\"elementor-button-text\">T\u00e9l\u00e9chargez l&#039;application Upstate International Month pour participer \u00e0 toutes les activit\u00e9s amusantes \u00e0 l&#039;\u00e9chelle mondiale. <\/span>\n\t\t\t\t\t<\/span>\n\t\t\t\t\t<\/a>\n\t\t\t\t<\/div>\n\t\t\t\t\t\t\t\t<\/div>\n\t\t\t\t<\/div>\n\t\t\t\t<\/div>\n\t\t<div class=\"elementor-element elementor-element-e194b4e e-con-full e-flex e-con e-child\" data-id=\"e194b4e\" data-element_type=\"container\" data-e-type=\"container\">\n\t\t\t\t<div class=\"elementor-element elementor-element-b9805f3 elementor-widget elementor-widget-image\" data-id=\"b9805f3\" data-element_type=\"widget\" data-e-type=\"widget\" data-widget_type=\"image.default\">\n\t\t\t\t<div class=\"elementor-widget-container\">\n\t\t\t\t\t\t\t\t\t\t\t\t\t\t\t<img fetchpriority=\"high\" decoding=\"async\" width=\"800\" height=\"492\" src=\"https:\/\/upstateinternational.org\/wp-content\/uploads\/2023\/07\/upstate-international-flag-people-1024x630.jpg\" class=\"attachment-large size-large wp-image-58861\" alt=\"\" srcset=\"https:\/\/upstateinternational.org\/wp-content\/uploads\/2023\/07\/upstate-international-flag-people-1024x630.jpg 1024w, https:\/\/upstateinternational.org\/wp-content\/uploads\/2023\/07\/upstate-international-flag-people-600x369.jpg 600w, https:\/\/upstateinternational.org\/wp-content\/uploads\/2023\/07\/upstate-international-flag-people-300x185.jpg 300w, https:\/\/upstateinternational.org\/wp-content\/uploads\/2023\/07\/upstate-international-flag-people-768x473.jpg 768w, https:\/\/upstateinternational.org\/wp-content\/uploads\/2023\/07\/upstate-international-flag-people.jpg 1300w\" sizes=\"(max-width: 800px) 100vw, 800px\" \/>\t\t\t\t\t\t\t\t\t\t\t\t\t\t\t<\/div>\n\t\t\t\t<\/div>\n\t\t\t\t<\/div>\n\t\t<div class=\"elementor-element elementor-element-3dd4913 e-con-full e-flex e-con e-child\" data-id=\"3dd4913\" data-element_type=\"container\" data-e-type=\"container\">\n\t\t<div class=\"elementor-element elementor-element-478522c e-flex e-con-boxed e-con e-child\" data-id=\"478522c\" data-element_type=\"container\" data-e-type=\"container\" data-settings=\"{&quot;background_background&quot;:&quot;classic&quot;}\">\n\t\t\t\t\t<div class=\"e-con-inner\">\n\t\t\t\t<div class=\"elementor-element elementor-element-03c28f8 elementor-widget elementor-widget-heading\" data-id=\"03c28f8\" data-element_type=\"widget\" data-e-type=\"widget\" data-widget_type=\"heading.default\">\n\t\t\t\t<div class=\"elementor-widget-container\">\n\t\t\t\t\t<div class=\"elementor-heading-title elementor-size-default\">1. Participez aux \u00e9v\u00e9nements et soutenez-les !<\/div>\t\t\t\t<\/div>\n\t\t\t\t<\/div>\n\t\t\t\t<div class=\"elementor-element elementor-element-c985076 elementor-widget elementor-widget-text-editor\" data-id=\"c985076\" data-element_type=\"widget\" data-e-type=\"widget\" data-widget_type=\"text-editor.default\">\n\t\t\t\t<div class=\"elementor-widget-container\">\n\t\t\t\t\t\t\t\t\t<p>D\u00e9couvrez les couleurs du monde \u00e0 travers les costumes, les drapeaux, les danses traditionnelles et les d\u00e9monstrations. \u00c9coutez les voix et les musiques de pays lointains. Go\u00fbtez aux saveurs d&#039;un tout nouveau monde gr\u00e2ce \u00e0 des d\u00e9monstrations culinaires internationales, des galas et des festivals. Apprenez-en davantage sur les coutumes et les langues de notre r\u00e9gion d&#039;Upstate, riche de sa diversit\u00e9.<\/p>\t\t\t\t\t\t\t\t<\/div>\n\t\t\t\t<\/div>\n\t\t\t\t<div class=\"elementor-element elementor-element-4cbb039 elementor-widget elementor-widget-button\" data-id=\"4cbb039\" data-element_type=\"widget\" data-e-type=\"widget\" data-widget_type=\"button.default\">\n\t\t\t\t<div class=\"elementor-widget-container\">\n\t\t\t\t\t\t\t\t\t<div class=\"elementor-button-wrapper\">\n\t\t\t\t\t<a class=\"elementor-button elementor-button-link elementor-size-sm\" href=\"#events\">\n\t\t\t\t\t\t<span class=\"elementor-button-content-wrapper\">\n\t\t\t\t\t\t\t\t\t<span class=\"elementor-button-text\">Voir les \u00e9v\u00e9nements \u2192<\/span>\n\t\t\t\t\t<\/span>\n\t\t\t\t\t<\/a>\n\t\t\t\t<\/div>\n\t\t\t\t\t\t\t\t<\/div>\n\t\t\t\t<\/div>\n\t\t\t\t\t<\/div>\n\t\t\t\t<\/div>\n\t\t<div class=\"elementor-element elementor-element-9649e4c e-flex e-con-boxed e-con e-child\" data-id=\"9649e4c\" data-element_type=\"container\" data-e-type=\"container\" data-settings=\"{&quot;background_background&quot;:&quot;classic&quot;}\">\n\t\t\t\t\t<div class=\"e-con-inner\">\n\t\t\t\t<div class=\"elementor-element elementor-element-1778e54 elementor-widget elementor-widget-heading\" data-id=\"1778e54\" data-element_type=\"widget\" data-e-type=\"widget\" data-widget_type=\"heading.default\">\n\t\t\t\t<div class=\"elementor-widget-container\">\n\t\t\t\t\t<div class=\"elementor-heading-title elementor-size-default\">2. Organisez un \u00e9v\u00e9nement !<\/div>\t\t\t\t<\/div>\n\t\t\t\t<\/div>\n\t\t\t\t<div class=\"elementor-element elementor-element-1069d12 elementor-widget elementor-widget-text-editor\" data-id=\"1069d12\" data-element_type=\"widget\" data-e-type=\"widget\" data-widget_type=\"text-editor.default\">\n\t\t\t\t<div class=\"elementor-widget-container\">\n\t\t\t\t\t\t\t\t\tVous souhaitez partager une tradition, une cuisine, une exp\u00e9rience ou un savoir-faire avec la communaut\u00e9 d&#039;Upstate\u00a0? Organisez un \u00e9v\u00e9nement UIM\u00a0! La seule limite, outre votre imagination, est que chaque \u00e9v\u00e9nement doit avoir une dimension culturelle ou internationale. Si vous souhaitez \u00e9changer des id\u00e9es ou en discuter, veuillez nous contacter \u00e0 l&#039;adresse suivante\u00a0: <a style=\"color: #ffffff;\" href=\"mailto:uim@upstateinternational.org\">uim@upstateinternational.org<\/a> ou appelez <a style=\"color: #ffffff;\" href=\"tel:+18646312188\">864-631-2188<\/a>.\t\t\t\t\t\t\t\t<\/div>\n\t\t\t\t<\/div>\n\t\t\t\t<div class=\"elementor-element elementor-element-f0f5697 elementor-widget elementor-widget-button\" data-id=\"f0f5697\" data-element_type=\"widget\" data-e-type=\"widget\" data-widget_type=\"button.default\">\n\t\t\t\t<div class=\"elementor-widget-container\">\n\t\t\t\t\t\t\t\t\t<div class=\"elementor-button-wrapper\">\n\t\t\t\t\t<a class=\"elementor-button elementor-button-link elementor-size-sm\" href=\"https:\/\/docs.google.com\/forms\/d\/e\/1FAIpQLScwwTpAUTDCEOlzN1E9LQ82S_X2THUyBBhYergu4OZ-EAq6ow\/viewform\" target=\"_blank\">\n\t\t\t\t\t\t<span class=\"elementor-button-content-wrapper\">\n\t\t\t\t\t\t\t\t\t<span class=\"elementor-button-text\">Proposer un \u00e9v\u00e9nement<\/span>\n\t\t\t\t\t<\/span>\n\t\t\t\t\t<\/a>\n\t\t\t\t<\/div>\n\t\t\t\t\t\t\t\t<\/div>\n\t\t\t\t<\/div>\n\t\t\t\t\t<\/div>\n\t\t\t\t<\/div>\n\t\t<div class=\"elementor-element elementor-element-5eecdcb e-flex e-con-boxed e-con e-child\" data-id=\"5eecdcb\" data-element_type=\"container\" data-e-type=\"container\" data-settings=\"{&quot;background_background&quot;:&quot;classic&quot;}\">\n\t\t\t\t\t<div class=\"e-con-inner\">\n\t\t\t\t<div class=\"elementor-element elementor-element-0fd291b elementor-widget elementor-widget-heading\" data-id=\"0fd291b\" data-element_type=\"widget\" data-e-type=\"widget\" data-widget_type=\"heading.default\">\n\t\t\t\t<div class=\"elementor-widget-container\">\n\t\t\t\t\t<div class=\"elementor-heading-title elementor-size-default\">3. Devenez sponsor !<\/div>\t\t\t\t<\/div>\n\t\t\t\t<\/div>\n\t\t\t\t<div class=\"elementor-element elementor-element-27e4bae elementor-widget elementor-widget-text-editor\" data-id=\"27e4bae\" data-element_type=\"widget\" data-e-type=\"widget\" data-widget_type=\"text-editor.default\">\n\t\t\t\t<div class=\"elementor-widget-container\">\n\t\t\t\t\t\t\t\t\tTous nos niveaux de parrainage sont con\u00e7us pour c\u00e9l\u00e9brer la richesse culturelle de la r\u00e9gion d&#039;Upstate et valoriser les personnes et entreprises qui y contribuent. Plusieurs formules de parrainage sont disponibles et peuvent \u00eatre adapt\u00e9es aux objectifs de votre entreprise ou organisation.\t\t\t\t\t\t\t\t<\/div>\n\t\t\t\t<\/div>\n\t\t\t\t\t<\/div>\n\t\t\t\t<\/div>\n\t\t\t\t<\/div>\n\t\t<div class=\"elementor-element elementor-element-0810ec4 e-con-full e-flex e-con e-child\" data-id=\"0810ec4\" data-element_type=\"container\" data-e-type=\"container\">\n\t\t<div class=\"elementor-element elementor-element-7411949 e-flex e-con-boxed e-con e-child\" data-id=\"7411949\" data-element_type=\"container\" data-e-type=\"container\">\n\t\t\t\t\t<div class=\"e-con-inner\">\n\t\t\t\t<div class=\"elementor-element elementor-element-0501aec elementor-widget elementor-widget-image\" data-id=\"0501aec\" data-element_type=\"widget\" data-e-type=\"widget\" data-widget_type=\"image.default\">\n\t\t\t\t<div class=\"elementor-widget-container\">\n\t\t\t\t\t\t\t\t\t\t\t\t\t\t\t<img decoding=\"async\" width=\"800\" height=\"534\" src=\"https:\/\/upstateinternational.org\/wp-content\/uploads\/2023\/08\/slider-background-1-1024x683.jpg\" class=\"attachment-large size-large wp-image-60494\" alt=\"\" srcset=\"https:\/\/upstateinternational.org\/wp-content\/uploads\/2023\/08\/slider-background-1-1024x683.jpg 1024w, https:\/\/upstateinternational.org\/wp-content\/uploads\/2023\/08\/slider-background-1-scaled-600x400.jpg 600w, https:\/\/upstateinternational.org\/wp-content\/uploads\/2023\/08\/slider-background-1-300x200.jpg 300w, https:\/\/upstateinternational.org\/wp-content\/uploads\/2023\/08\/slider-background-1-768x512.jpg 768w, https:\/\/upstateinternational.org\/wp-content\/uploads\/2023\/08\/slider-background-1-1536x1024.jpg 1536w, https:\/\/upstateinternational.org\/wp-content\/uploads\/2023\/08\/slider-background-1-2048x1365.jpg 2048w\" sizes=\"(max-width: 800px) 100vw, 800px\" \/>\t\t\t\t\t\t\t\t\t\t\t\t\t\t\t<\/div>\n\t\t\t\t<\/div>\n\t\t\t\t<div class=\"elementor-element elementor-element-08b3166 elementor-widget elementor-widget-heading\" data-id=\"08b3166\" data-element_type=\"widget\" data-e-type=\"widget\" data-widget_type=\"heading.default\">\n\t\t\t\t<div class=\"elementor-widget-container\">\n\t\t\t\t\t<h3 class=\"elementor-heading-title elementor-size-default\">C\u00e9l\u00e9bration de la diversit\u00e9 internationale de la r\u00e9gion d&#039;Upstate<\/h3>\t\t\t\t<\/div>\n\t\t\t\t<\/div>\n\t\t\t\t<div class=\"elementor-element elementor-element-d57ddda elementor-widget elementor-widget-heading\" data-id=\"d57ddda\" data-element_type=\"widget\" data-e-type=\"widget\" data-widget_type=\"heading.default\">\n\t\t\t\t<div class=\"elementor-widget-container\">\n\t\t\t\t\t<h3 class=\"elementor-heading-title elementor-size-default\">Participez \u00e0 une c\u00e9l\u00e9bration multiculturelle !<\/h3>\t\t\t\t<\/div>\n\t\t\t\t<\/div>\n\t\t\t\t<div class=\"elementor-element elementor-element-1963658 elementor-widget elementor-widget-text-editor\" data-id=\"1963658\" data-element_type=\"widget\" data-e-type=\"widget\" data-widget_type=\"text-editor.default\">\n\t\t\t\t<div class=\"elementor-widget-container\">\n\t\t\t\t\t\t\t\t\t<p>Gr\u00e2ce \u00e0 plus de 50 organisateurs d&#039;\u00e9v\u00e9nements, nous avons pu proposer une programmation vari\u00e9e allant de d\u00e9gustations de caf\u00e9s et de sp\u00e9cialit\u00e9s culinaires internationales \u00e0 des expositions d&#039;art, en passant par des conf\u00e9rences enrichissantes sur des enjeux mondiaux. Nos partenaires ont offert des spectacles musicaux \u00e0 th\u00e9matique internationale, des quiz internationaux, des d\u00e9gustations de vins et bien d&#039;autres activit\u00e9s encore\u00a0!<\/p>\t\t\t\t\t\t\t\t<\/div>\n\t\t\t\t<\/div>\n\t\t\t\t\t<\/div>\n\t\t\t\t<\/div>\n\t\t\t\t<\/div>\n\t\t\t\t\t<\/div>\n\t\t\t\t<\/div>\n\t\t<div class=\"elementor-element elementor-element-add486a e-flex e-con-boxed e-con e-parent\" data-id=\"add486a\" data-element_type=\"container\" data-e-type=\"container\" id=\"registration\">\n\t\t\t\t\t<div class=\"e-con-inner\">\n\t\t\t\t<div class=\"elementor-element elementor-element-2c36447 elementor-widget__width-initial elementor-widget elementor-widget-text-editor\" data-id=\"2c36447\" data-element_type=\"widget\" data-e-type=\"widget\" data-widget_type=\"text-editor.default\">\n\t\t\t\t<div class=\"elementor-widget-container\">\n\t\t\t\t\t\t\t\t\t<p>Inscrivez-vous au Mois de l&#039;UI et t\u00e9l\u00e9chargez l&#039;application Whova ci-dessous. Upstate International s&#039;est associ\u00e9 \u00e0 Whova pour vous offrir la meilleure exp\u00e9rience possible pour consulter, vous inscrire et discuter des \u00e9v\u00e9nements du Mois de l&#039;UI. L&#039;application vous permettra de consulter le programme complet des \u00e9v\u00e9nements et de vous y inscrire. Vous pourrez \u00e9galement participer \u00e0 des discussions et cr\u00e9er vos propres groupes de rencontre avec d&#039;autres participants.&nbsp;<\/p>\t\t\t\t\t\t\t\t<\/div>\n\t\t\t\t<\/div>\n\t\t\t\t<div class=\"elementor-element elementor-element-590bc31 elementor-widget elementor-widget-html\" data-id=\"590bc31\" data-element_type=\"widget\" data-e-type=\"widget\" data-widget_type=\"html.default\">\n\t\t\t\t<div class=\"elementor-widget-container\">\n\t\t\t\t\t<div id=\"whova-regform-widget\" data-reactroot=\"\"><\/div><script src=\"https:\/\/whova.com\/static\/frontend\/xems\/js\/whova-regform-widget.js?eid=upsta1_202403&amp;host=https:\/\/whova.com&amp;registration=attendee&amp;regpagetoken=\" type=\"text\/javascript\" id=\"whova-embeded-regform-script\" data-reactroot=\"\"><\/script>\n\n<p style=\"text-align: center\";> D\u00e9j\u00e0 inscrit ? <a href=\"https:\/\/whova.com\/portal\/upsta1_202403\/\" target=\"_blank\">T\u00e9l\u00e9chargez l&#039;application<\/p>\t\t\t\t<\/div>\n\t\t\t\t<\/div>\n\t\t\t\t<div class=\"elementor-element elementor-element-0c7a9c7 elementor-widget elementor-widget-html\" data-id=\"0c7a9c7\" data-element_type=\"widget\" data-e-type=\"widget\" id=\"events\" data-widget_type=\"html.default\">\n\t\t\t\t<div class=\"elementor-widget-container\">\n\t\t\t\t\t <div>\n        <div title=\"Application Whova pour \u00e9v\u00e9nements et conf\u00e9rences\" id=\"whova-agendawidget\">\n            <p id=\"whova-loading\">Chargement...<\/p>\n        <\/div>\n        <script src=\"https:\/\/whova.com\/static\/frontend\/xems\/js\/embed\/embedagenda.js?eid=65bXJFVmstlEq9LTqekSgmVsflS6eJb8s-hr%40WlSFsw%3D&host=https:\/\/whova.com\" type=\"text\/javascript\"  id=\"embeded-agenda-script\">\n        <\/script>\n        <div id=\"whova-wrap\" class=\"whova-wrap-class\">\n            Aliment\u00e9 par\n            <a class=\"brandlink\" target=\"_blank\" href=\"https:\/\/whova.com\">\n                <b>Quiva<\/b>\n            <\/a>\n            <br\/>\n            <a class=\"whova-emslink brandanchorlink\" target=\"_blank\" href=\"https:\/\/whova.com\/blog\/free-event-planning-software-make-you-rockstar\/\">\n                logiciel de gestion d&#039;\u00e9v\u00e9nements\n            <\/a>\n        <\/div>\n    <\/div>\n\t\t\t\t<\/div>\n\t\t\t\t<\/div>\n\t\t\t\t\t<\/div>\n\t\t\t\t<\/div>\n\t\t\t\t<\/div>","protected":false},"excerpt":{"rendered":"","protected":false},"author":358,"featured_media":58864,"parent":0,"menu_order":0,"comment_status":"closed","ping_status":"closed","template":"","meta":{"_acf_changed":false,"_mo_disable_npp":"","footnotes":""},"class_list":["post-69959","page","type-page","status-publish","has-post-thumbnail","hentry"],"acf":[],"_links":{"self":[{"href":"https:\/\/upstateinternational.org\/fr\/wp-json\/wp\/v2\/pages\/69959","targetHints":{"allow":["GET"]}}],"collection":[{"href":"https:\/\/upstateinternational.org\/fr\/wp-json\/wp\/v2\/pages"}],"about":[{"href":"https:\/\/upstateinternational.org\/fr\/wp-json\/wp\/v2\/types\/page"}],"author":[{"embeddable":true,"href":"https:\/\/upstateinternational.org\/fr\/wp-json\/wp\/v2\/users\/358"}],"replies":[{"embeddable":true,"href":"https:\/\/upstateinternational.org\/fr\/wp-json\/wp\/v2\/comments?post=69959"}],"version-history":[{"count":0,"href":"https:\/\/upstateinternational.org\/fr\/wp-json\/wp\/v2\/pages\/69959\/revisions"}],"wp:featuredmedia":[{"embeddable":true,"href":"https:\/\/upstateinternational.org\/fr\/wp-json\/wp\/v2\/media\/58864"}],"wp:attachment":[{"href":"https:\/\/upstateinternational.org\/fr\/wp-json\/wp\/v2\/media?parent=69959"}],"curies":[{"name":"wp","href":"https:\/\/api.w.org\/{rel}","templated":true}]}}