{"id":88395,"date":"2025-10-11T10:37:04","date_gmt":"2025-10-11T14:37:04","guid":{"rendered":"https:\/\/ui-hybrid.local\/accessibility-statement\/"},"modified":"2025-10-11T10:37:04","modified_gmt":"2025-10-11T14:37:04","slug":"accessibility-statement","status":"publish","type":"page","link":"https:\/\/upstateinternational.org\/fr\/accessibility-statement\/","title":{"rendered":"Accessibility statement"},"content":{"rendered":"<h6 class=\"wp-block-heading has-text-align-center\">D\u00e9claration d&#039;accessibilit\u00e9 pour https:\/\/upstateinternational.org<\/h6>\n\n\n<p><strong>Upstate International<\/strong> Nous nous engageons \u00e0 garantir l&#039;accessibilit\u00e9 num\u00e9rique aux personnes handicap\u00e9es. Nous am\u00e9liorons constamment l&#039;exp\u00e9rience utilisateur pour tous et appliquons les normes d&#039;accessibilit\u00e9 pertinentes.<\/p>\n\n\n<h6 class=\"wp-block-heading\">\u00c9tat de conformit\u00e9<\/h6>\n\n\n<p>Les R\u00e8gles pour l&#039;accessibilit\u00e9 des contenus Web (WCAG) d\u00e9finissent les exigences que les concepteurs et les d\u00e9veloppeurs doivent respecter afin d&#039;am\u00e9liorer l&#039;accessibilit\u00e9 pour les personnes handicap\u00e9es. Elles d\u00e9finissent trois niveaux de conformit\u00e9\u00a0: niveau A, niveau AA et niveau AAA.<\/p>\n\n\n<p><strong>Upstate International<\/strong> s&#039;efforce constamment d&#039;am\u00e9liorer l&#039;accessibilit\u00e9 de son site et de ses services, convaincue qu&#039;il est de notre devoir moral collectif de permettre une utilisation fluide, accessible et sans entrave pour les personnes handicap\u00e9es.<\/p>\n\n\n<p>Notre objectif est de rendre toutes les pages et tous les contenus disponibles sur <strong>https:\/\/upstateinternational.org<\/strong> Le site est accessible, mais certains contenus peuvent ne pas encore r\u00e9pondre pleinement aux normes d&#039;accessibilit\u00e9 les plus exigeantes. Cela pourrait \u00eatre d\u00fb \u00e0 des difficult\u00e9s \u00e0 identifier la solution technologique la plus appropri\u00e9e.<\/p>\n\n\n<p>Nous pouvons r\u00e9viser p\u00e9riodiquement cette d\u00e9claration afin de refl\u00e9ter les am\u00e9liorations ou les changements apport\u00e9s \u00e0 nos pratiques en mati\u00e8re d&#039;accessibilit\u00e9.<\/p>\n\n\n<h6 class=\"wp-block-heading\">Retour<\/h6>\n\n\n<p>Nous vous invitons \u00e0 nous faire part de vos commentaires sur l&#039;accessibilit\u00e9 de <strong>Upstate International<\/strong> site web. Veuillez nous signaler tout probl\u00e8me d&#039;accessibilit\u00e9 rencontr\u00e9 sur notre site web\u00a0:<\/p>\n\n\n<p>E-mail: <strong>info@upstateinternational.org<\/strong><\/p>\n\n\n<p>Nous essayons de r\u00e9pondre aux commentaires dans un d\u00e9lai de 3 \u00e0 5 jours ouvrables.<\/p>\n\n\n<p>Cette d\u00e9claration a \u00e9t\u00e9 cr\u00e9\u00e9e le 10\/11\/2025. <\/p>","protected":false},"excerpt":{"rendered":"","protected":false},"author":1,"featured_media":0,"parent":0,"menu_order":0,"comment_status":"closed","ping_status":"closed","template":"","meta":{"_acf_changed":false,"_mo_disable_npp":"","footnotes":""},"class_list":["post-88395","page","type-page","status-publish","hentry"],"acf":[],"_links":{"self":[{"href":"https:\/\/upstateinternational.org\/fr\/wp-json\/wp\/v2\/pages\/88395","targetHints":{"allow":["GET"]}}],"collection":[{"href":"https:\/\/upstateinternational.org\/fr\/wp-json\/wp\/v2\/pages"}],"about":[{"href":"https:\/\/upstateinternational.org\/fr\/wp-json\/wp\/v2\/types\/page"}],"author":[{"embeddable":true,"href":"https:\/\/upstateinternational.org\/fr\/wp-json\/wp\/v2\/users\/1"}],"replies":[{"embeddable":true,"href":"https:\/\/upstateinternational.org\/fr\/wp-json\/wp\/v2\/comments?post=88395"}],"version-history":[{"count":0,"href":"https:\/\/upstateinternational.org\/fr\/wp-json\/wp\/v2\/pages\/88395\/revisions"}],"wp:attachment":[{"href":"https:\/\/upstateinternational.org\/fr\/wp-json\/wp\/v2\/media?parent=88395"}],"curies":[{"name":"wp","href":"https:\/\/api.w.org\/{rel}","templated":true}]}}