{"id":80964,"date":"2025-01-23T11:49:24","date_gmt":"2025-01-23T16:49:24","guid":{"rendered":"https:\/\/ui-hybrid.local\/?post_type=product&#038;p=80964"},"modified":"2025-10-31T08:35:09","modified_gmt":"2025-10-31T12:35:09","slug":"spanish-for-the-workplace-b1-wednesdays__trashed","status":"publish","type":"product","link":"https:\/\/upstateinternational.org\/fr\/produit\/spanish-for-the-workplace-b1-wednesdays__trashed\/","title":{"rendered":"Espagnol professionnel niveau B1+ : les mercredis"},"content":{"rendered":"<p><strong>\u00c0 propos<\/strong><\/p>\n<p><span style=\"font-weight: 400;\">D\u00e9marquez-vous au travail en vous distinguant de vos coll\u00e8gues. La r\u00e9ussite des entreprises repose sur la satisfaction de leurs clients, et la ma\u00eetrise d&#039;une deuxi\u00e8me langue peut permettre \u00e0 votre entreprise d&#039;atteindre un public plus large et de conqu\u00e9rir des march\u00e9s jusqu&#039;alors inexploit\u00e9s.<\/span><\/p>\n<p><span style=\"font-weight: 400;\">Ce cours est con\u00e7u pour les personnes qui travaillent avec des employ\u00e9s ou des clients hispanophones et qui souhaitent am\u00e9liorer leur confiance, leur aisance et leur fluidit\u00e9 en espagnol conversationnel pour les interactions quotidiennes.<\/span><\/p>\n<p><span style=\"font-weight: 400;\">Ces cours permettront d&#039;\u00e9viter les le\u00e7ons de grammaire fastidieuses propos\u00e9es dans d&#039;autres programmes de langues. Chaque s\u00e9ance comprendra des apports culturels et l&#039;atelier sera adapt\u00e9 aux besoins et aux professions sp\u00e9cifiques des participants.<\/span><\/p>\n<p>&nbsp;<\/p>\n<p><b>Objectifs du cours<\/b><\/p>\n<p><span style=\"font-weight: 400;\">\u2013 Utilisez efficacement l&#039;espagnol sur votre lieu de travail.<\/span><\/p>\n<p><span style=\"font-weight: 400;\">\u2013 Enrichissez votre vocabulaire actif en pratiquant des conversations \u00e0 l&#039;aide de documents authentiques et fictifs.<\/span><\/p>\n<p><span style=\"font-weight: 400;\">\u2013 S\u2019exercer \u00e0 mettre en pratique diff\u00e9rents sc\u00e9narios pertinents pour le milieu de travail.<\/span><\/p>\n<p><span style=\"font-weight: 400;\">\u2013 Apprenez \u00e0 demander les informations n\u00e9cessaires pour remplir les formulaires et les documents.<\/span><\/p>\n<p><span style=\"font-weight: 400;\">\u2013 Traduire des phrases, des textes courts et des questions entre l&#039;anglais et l&#039;espagnol.<\/span><\/p>\n<p><span style=\"font-weight: 400;\">\u2013 Am\u00e9liorez vos comp\u00e9tences en communication interculturelle.<\/span><\/p>","protected":false},"excerpt":{"rendered":"","protected":false},"featured_media":0,"template":"","meta":{"_acf_changed":false,"_mo_disable_npp":"","wds_primary_product_brand":0,"wds_primary_product_cat":0},"product_brand":[],"product_cat":[132],"product_tag":[134],"class_list":{"0":"post-80964","1":"product","2":"type-product","3":"status-publish","5":"product_cat-language-class","6":"product_tag-spanish","8":"first","9":"instock","10":"downloadable","11":"virtual","12":"taxable","13":"purchasable","14":"product-type-simple"},"acf":[],"_links":{"self":[{"href":"https:\/\/upstateinternational.org\/fr\/wp-json\/wp\/v2\/product\/80964","targetHints":{"allow":["GET"]}}],"collection":[{"href":"https:\/\/upstateinternational.org\/fr\/wp-json\/wp\/v2\/product"}],"about":[{"href":"https:\/\/upstateinternational.org\/fr\/wp-json\/wp\/v2\/types\/product"}],"version-history":[{"count":0,"href":"https:\/\/upstateinternational.org\/fr\/wp-json\/wp\/v2\/product\/80964\/revisions"}],"wp:attachment":[{"href":"https:\/\/upstateinternational.org\/fr\/wp-json\/wp\/v2\/media?parent=80964"}],"wp:term":[{"taxonomy":"product_brand","embeddable":true,"href":"https:\/\/upstateinternational.org\/fr\/wp-json\/wp\/v2\/product_brand?post=80964"},{"taxonomy":"product_cat","embeddable":true,"href":"https:\/\/upstateinternational.org\/fr\/wp-json\/wp\/v2\/product_cat?post=80964"},{"taxonomy":"product_tag","embeddable":true,"href":"https:\/\/upstateinternational.org\/fr\/wp-json\/wp\/v2\/product_tag?post=80964"}],"curies":[{"name":"wp","href":"https:\/\/api.w.org\/{rel}","templated":true}]}}