{"id":84334,"date":"2025-05-01T14:33:14","date_gmt":"2025-05-01T18:33:14","guid":{"rendered":"https:\/\/ui-hybrid.local\/?post_type=product&#038;p=84334"},"modified":"2025-10-31T08:35:11","modified_gmt":"2025-10-31T12:35:11","slug":"english-b1-writing-communication-regular-wednesdays_summer","status":"publish","type":"product","link":"https:\/\/upstateinternational.org\/fr\/produit\/english-b1-writing-communication-regular-wednesdays_summer\/","title":{"rendered":"Anglais B1 \u00c9criture et communication Cours r\u00e9gulier : mercredis"},"content":{"rendered":"<p><span data-sheets-root=\"1\">Stimulez votre cerveau en apprenant une nouvelle langue ou en perfectionnant vos comp\u00e9tences linguistiques \u00e0 Upstate International\u00a0! Apprendre une nouvelle langue est un moyen reconnu d\u2019am\u00e9liorer votre capacit\u00e9 \u00e0 g\u00e9rer plusieurs t\u00e2ches simultan\u00e9ment, votre m\u00e9moire et vos comp\u00e9tences en communication, et de d\u00e9velopper vos comp\u00e9tences professionnelles. C\u2019est aussi une fa\u00e7on d\u2019enrichir vos exp\u00e9riences de voyage, d\u2019\u00e9largir vos horizons et de vous ouvrir des portes partout dans le monde \u2013 la mondialisation, n\u2019est-ce pas\u00a0? Rejoignez UI dans cette aventure\u00a0!<\/span><\/p>\n<p>Les cours r\u00e9guliers ont lieu une fois par semaine et durent 75 minutes. Les cours intensifs ont lieu deux fois par semaine et durent 90 minutes. L&#039;inscription \u00e0 un cours de langue est obligatoire pour les \u00e9tudiants inscrits \u00e0 l&#039;Universit\u00e9 de l&#039;Iowa. Les cours sont offerts en ligne et en pr\u00e9sentiel. Consultez la section ci-dessous pour conna\u00eetre les dates de d\u00e9but et de fin de votre cours, ainsi que le lieu. Les frais d&#039;inscription ne sont pas remboursables, sauf en cas d&#039;annulation par l&#039;Universit\u00e9 de l&#039;Iowa.<\/p>","protected":false},"excerpt":{"rendered":"","protected":false},"featured_media":0,"template":"","meta":{"_acf_changed":false,"_mo_disable_npp":"","wds_primary_product_brand":0,"wds_primary_product_cat":0},"product_brand":[],"product_cat":[132],"product_tag":[136],"class_list":{"0":"post-84334","1":"product","2":"type-product","3":"status-publish","5":"product_cat-language-class","6":"product_tag-english","8":"first","9":"instock","10":"downloadable","11":"virtual","12":"sold-individually","13":"taxable","14":"purchasable","15":"product-type-simple"},"acf":[],"_links":{"self":[{"href":"https:\/\/upstateinternational.org\/fr\/wp-json\/wp\/v2\/product\/84334","targetHints":{"allow":["GET"]}}],"collection":[{"href":"https:\/\/upstateinternational.org\/fr\/wp-json\/wp\/v2\/product"}],"about":[{"href":"https:\/\/upstateinternational.org\/fr\/wp-json\/wp\/v2\/types\/product"}],"version-history":[{"count":0,"href":"https:\/\/upstateinternational.org\/fr\/wp-json\/wp\/v2\/product\/84334\/revisions"}],"wp:attachment":[{"href":"https:\/\/upstateinternational.org\/fr\/wp-json\/wp\/v2\/media?parent=84334"}],"wp:term":[{"taxonomy":"product_brand","embeddable":true,"href":"https:\/\/upstateinternational.org\/fr\/wp-json\/wp\/v2\/product_brand?post=84334"},{"taxonomy":"product_cat","embeddable":true,"href":"https:\/\/upstateinternational.org\/fr\/wp-json\/wp\/v2\/product_cat?post=84334"},{"taxonomy":"product_tag","embeddable":true,"href":"https:\/\/upstateinternational.org\/fr\/wp-json\/wp\/v2\/product_tag?post=84334"}],"curies":[{"name":"wp","href":"https:\/\/api.w.org\/{rel}","templated":true}]}}