{"id":88446,"date":"2025-10-07T11:59:21","date_gmt":"2025-10-07T15:59:21","guid":{"rendered":"https:\/\/ui-hybrid.local\/?post_type=product&#038;p=88446"},"modified":"2025-11-17T11:36:04","modified_gmt":"2025-11-17T16:36:04","slug":"flip-the-seasons-craft-your-own-reversible-holiday-sign","status":"publish","type":"product","link":"https:\/\/upstateinternational.org\/fr\/produit\/flip-the-seasons-craft-your-own-reversible-holiday-sign\/","title":{"rendered":"Atelier de bricolage de No\u00ebl UIWG \u2013 Fabriquez et emportez"},"content":{"rendered":"<h4 class=\"product_title entry-title\">Inversez les saisons ! Cr\u00e9ez votre propre panneau de No\u00ebl r\u00e9versible<\/h4>\n<p data-start=\"233\" data-end=\"535\">Cet atelier guid\u00e9 par Maria Brady vous offre bien plus qu&#039;un simple moment de cr\u00e9ation\u00a0: c&#039;est l&#039;occasion de ralentir le rythme, d&#039;\u00e9changer avec les autres et de profiter pleinement de l&#039;esprit des f\u00eates. Vous apprendrez des techniques de bricolage simples mais gratifiantes tout en cr\u00e9ant une charmante pancarte en bois r\u00e9versible, id\u00e9ale pour votre maison ou \u00e0 offrir en cadeau.<\/p>\n<p data-start=\"537\" data-end=\"885\">Les participants profiteront d&#039;une exp\u00e9rience conviviale et interactive, avec tout le mat\u00e9riel fourni, ce qui leur permettra de se concentrer pleinement sur leur cr\u00e9ativit\u00e9 plut\u00f4t que sur la logistique. En participant, vous repartirez non seulement avec une d\u00e9coration saisonni\u00e8re unique, mais aussi avec la satisfaction d&#039;avoir cr\u00e9\u00e9 quelque chose de significatif de vos propres mains, et un sentiment d&#039;appartenance \u00e0 une communaut\u00e9 de passionn\u00e9s de loisirs cr\u00e9atifs.<\/p>\n<p data-start=\"887\" data-end=\"974\">Le nombre de places \u00e9tant limit\u00e9 afin de garantir une exp\u00e9rience de qualit\u00e9, il est conseill\u00e9 de s&#039;inscrire rapidement.<\/p>","protected":false},"excerpt":{"rendered":"","protected":false},"featured_media":89681,"template":"","meta":{"_acf_changed":false,"_mo_disable_npp":"","wds_primary_product_brand":0,"wds_primary_product_cat":0},"product_brand":[],"product_cat":[146],"product_tag":[],"class_list":{"0":"post-88446","1":"product","2":"type-product","3":"status-publish","4":"has-post-thumbnail","6":"product_cat-events","8":"first","9":"instock","10":"taxable","11":"shipping-taxable","12":"purchasable","13":"product-type-variable"},"acf":[],"_links":{"self":[{"href":"https:\/\/upstateinternational.org\/fr\/wp-json\/wp\/v2\/product\/88446","targetHints":{"allow":["GET"]}}],"collection":[{"href":"https:\/\/upstateinternational.org\/fr\/wp-json\/wp\/v2\/product"}],"about":[{"href":"https:\/\/upstateinternational.org\/fr\/wp-json\/wp\/v2\/types\/product"}],"version-history":[{"count":0,"href":"https:\/\/upstateinternational.org\/fr\/wp-json\/wp\/v2\/product\/88446\/revisions"}],"wp:featuredmedia":[{"embeddable":true,"href":"https:\/\/upstateinternational.org\/fr\/wp-json\/wp\/v2\/media\/89681"}],"wp:attachment":[{"href":"https:\/\/upstateinternational.org\/fr\/wp-json\/wp\/v2\/media?parent=88446"}],"wp:term":[{"taxonomy":"product_brand","embeddable":true,"href":"https:\/\/upstateinternational.org\/fr\/wp-json\/wp\/v2\/product_brand?post=88446"},{"taxonomy":"product_cat","embeddable":true,"href":"https:\/\/upstateinternational.org\/fr\/wp-json\/wp\/v2\/product_cat?post=88446"},{"taxonomy":"product_tag","embeddable":true,"href":"https:\/\/upstateinternational.org\/fr\/wp-json\/wp\/v2\/product_tag?post=88446"}],"curies":[{"name":"wp","href":"https:\/\/api.w.org\/{rel}","templated":true}]}}