{"id":89880,"date":"2025-11-09T07:09:41","date_gmt":"2025-11-09T12:09:41","guid":{"rendered":"https:\/\/ui-hybrid.local\/?post_type=product&#038;p=89880"},"modified":"2025-11-25T15:49:59","modified_gmt":"2025-11-25T20:49:59","slug":"gateway-member","status":"publish","type":"product","link":"https:\/\/upstateinternational.org\/fr\/produit\/gateway-member\/","title":{"rendered":"Membre de Gateway"},"content":{"rendered":"<h3>Devenez membre Gateway et commencez \u00e0 vous connecter.<\/h3>\n<p>Con\u00e7u pour les nouveaux membres, ce niveau vous donne un acc\u00e8s complet aux \u00e9v\u00e9nements sociaux, aux activit\u00e9s culturelles et \u00e0 un tarif r\u00e9duit sur nos cours de langues les plus populaires. Vous recevrez \u00e9galement notre newsletter mensuelle, qui pr\u00e9sente les prochaines opportunit\u00e9s, des \u00e9v\u00e9nements \u00e0 venir et des id\u00e9es pour vous impliquer.<\/p>\n<p><strong>D\u00e9butez votre voyage au sein d&#039;une communaut\u00e9 accueillante de locaux ouverts sur le monde.<\/strong><\/p>\n<ul>\n<li>Acc\u00e8s \u00e0 des \u00e9v\u00e9nements sociaux, des rencontres et des programmes culturels<\/li>\n<li>Tarif r\u00e9duit pour les membres sur les cours de langues<\/li>\n<li>R\u00e9duction pour les membres sur certains programmes d&#039;enrichissement culturel<\/li>\n<li>Bulletin d&#039;information des membres<\/li>\n<li>+$25 par membre de la famille suppl\u00e9mentaire<\/li>\n<li>Des abonnements subventionn\u00e9s sont disponibles en fonction du revenu.*<\/li>\n<\/ul>\n<p><em>* $0 pour ceux qui gagnent en dessous du seuil de pauvret\u00e9, $25 pour ceux qui gagnent entre 100% et 200% au-dessus du seuil de pauvret\u00e9.<\/em><\/p>\n<p><a href=\"https:\/\/upstateinternational.org\/fr\/scholarship\/\">Demander une bourse<\/a><\/p>","protected":false},"excerpt":{"rendered":"","protected":false},"featured_media":89881,"template":"","meta":{"_acf_changed":false,"_mo_disable_npp":"","wds_primary_product_brand":0,"wds_primary_product_cat":0},"product_brand":[],"product_cat":[127],"product_tag":[],"class_list":{"0":"post-89880","1":"product","2":"type-product","3":"status-publish","4":"has-post-thumbnail","6":"product_cat-memberships","8":"first","9":"instock","10":"virtual","11":"sold-individually","12":"taxable","13":"purchasable","14":"product-type-simple"},"acf":[],"_links":{"self":[{"href":"https:\/\/upstateinternational.org\/fr\/wp-json\/wp\/v2\/product\/89880","targetHints":{"allow":["GET"]}}],"collection":[{"href":"https:\/\/upstateinternational.org\/fr\/wp-json\/wp\/v2\/product"}],"about":[{"href":"https:\/\/upstateinternational.org\/fr\/wp-json\/wp\/v2\/types\/product"}],"version-history":[{"count":0,"href":"https:\/\/upstateinternational.org\/fr\/wp-json\/wp\/v2\/product\/89880\/revisions"}],"wp:featuredmedia":[{"embeddable":true,"href":"https:\/\/upstateinternational.org\/fr\/wp-json\/wp\/v2\/media\/89881"}],"wp:attachment":[{"href":"https:\/\/upstateinternational.org\/fr\/wp-json\/wp\/v2\/media?parent=89880"}],"wp:term":[{"taxonomy":"product_brand","embeddable":true,"href":"https:\/\/upstateinternational.org\/fr\/wp-json\/wp\/v2\/product_brand?post=89880"},{"taxonomy":"product_cat","embeddable":true,"href":"https:\/\/upstateinternational.org\/fr\/wp-json\/wp\/v2\/product_cat?post=89880"},{"taxonomy":"product_tag","embeddable":true,"href":"https:\/\/upstateinternational.org\/fr\/wp-json\/wp\/v2\/product_tag?post=89880"}],"curies":[{"name":"wp","href":"https:\/\/api.w.org\/{rel}","templated":true}]}}