{"id":89885,"date":"2025-11-09T07:14:59","date_gmt":"2025-11-09T12:14:59","guid":{"rendered":"https:\/\/ui-hybrid.local\/?post_type=product&#038;p=89885"},"modified":"2025-11-25T15:49:47","modified_gmt":"2025-11-25T20:49:47","slug":"crossroads-collective","status":"publish","type":"product","link":"https:\/\/upstateinternational.org\/fr\/produit\/crossroads-collective\/","title":{"rendered":"Collectif Crossroads"},"content":{"rendered":"<p><strong>Devenez membre, offrez un abonnement.<\/strong><\/p>\n<p>Ce niveau est id\u00e9al pour les membres qui souhaitent s&#039;investir davantage dans notre mission. En plus des avantages habituels r\u00e9serv\u00e9s aux membres, les membres de Crossroads Collective b\u00e9n\u00e9ficient d&#039;une entr\u00e9e gratuite \u00e0 deux ateliers ou \u00e9v\u00e9nements culturels de l&#039;UI, d&#039;une r\u00e9duction sur les billets de notre \u00e9v\u00e9nement caritatif phare et d&#039;une mention dans notre rapport annuel.<\/p>\n<p><strong>C&#039;est notre fa\u00e7on de vous remercier de nous avoir aid\u00e9s \u00e0 grandir.<\/strong><\/p>\n<ul>\n<li>Get One, Give One \u2013 finance une adh\u00e9sion subventionn\u00e9e pour une communaut\u00e9 inclusive<\/li>\n<li>Acc\u00e8s \u00e0 des \u00e9v\u00e9nements sociaux, des rencontres et des programmes culturels<\/li>\n<li>Tarif r\u00e9duit pour les membres sur les cours de langues<\/li>\n<li>R\u00e9duction pour les membres sur certains programmes d&#039;enrichissement culturel<\/li>\n<li>+$25 par membre de la famille suppl\u00e9mentaire<\/li>\n<li>programme culturel sp\u00e9cial gratuit<\/li>\n<li>Reconnaissance dans le rapport annuel<\/li>\n<\/ul>","protected":false},"excerpt":{"rendered":"","protected":false},"featured_media":89883,"template":"","meta":{"_acf_changed":false,"_mo_disable_npp":"","wds_primary_product_brand":0,"wds_primary_product_cat":0},"product_brand":[],"product_cat":[127],"product_tag":[],"class_list":{"0":"post-89885","1":"product","2":"type-product","3":"status-publish","4":"has-post-thumbnail","6":"product_cat-memberships","8":"first","9":"instock","10":"virtual","11":"sold-individually","12":"taxable","13":"purchasable","14":"product-type-simple"},"acf":[],"_links":{"self":[{"href":"https:\/\/upstateinternational.org\/fr\/wp-json\/wp\/v2\/product\/89885","targetHints":{"allow":["GET"]}}],"collection":[{"href":"https:\/\/upstateinternational.org\/fr\/wp-json\/wp\/v2\/product"}],"about":[{"href":"https:\/\/upstateinternational.org\/fr\/wp-json\/wp\/v2\/types\/product"}],"version-history":[{"count":0,"href":"https:\/\/upstateinternational.org\/fr\/wp-json\/wp\/v2\/product\/89885\/revisions"}],"wp:featuredmedia":[{"embeddable":true,"href":"https:\/\/upstateinternational.org\/fr\/wp-json\/wp\/v2\/media\/89883"}],"wp:attachment":[{"href":"https:\/\/upstateinternational.org\/fr\/wp-json\/wp\/v2\/media?parent=89885"}],"wp:term":[{"taxonomy":"product_brand","embeddable":true,"href":"https:\/\/upstateinternational.org\/fr\/wp-json\/wp\/v2\/product_brand?post=89885"},{"taxonomy":"product_cat","embeddable":true,"href":"https:\/\/upstateinternational.org\/fr\/wp-json\/wp\/v2\/product_cat?post=89885"},{"taxonomy":"product_tag","embeddable":true,"href":"https:\/\/upstateinternational.org\/fr\/wp-json\/wp\/v2\/product_tag?post=89885"}],"curies":[{"name":"wp","href":"https:\/\/api.w.org\/{rel}","templated":true}]}}