{"id":89887,"date":"2025-11-09T07:16:11","date_gmt":"2025-11-09T12:16:11","guid":{"rendered":"https:\/\/ui-hybrid.local\/?post_type=product&#038;p=89887"},"modified":"2025-11-25T15:50:04","modified_gmt":"2025-11-25T20:50:04","slug":"world-horizon-patron","status":"publish","type":"product","link":"https:\/\/upstateinternational.org\/fr\/produit\/world-horizon-patron\/","title":{"rendered":"M\u00e9c\u00e8ne de World Horizon"},"content":{"rendered":"<h3>Devenez m\u00e9c\u00e8ne de World Horizon et amplifiez votre impact.<\/h3>\n<p>Ce niveau d&#039;adh\u00e9sion est con\u00e7u pour les entreprises et les particuliers qui souhaitent soutenir activement notre communaut\u00e9 internationale. Les m\u00e9c\u00e8nes b\u00e9n\u00e9ficient de tous les avantages offerts aux membres, notamment un cours de langue gratuit par an pour un membre de leur \u00e9quipe ou un invit\u00e9, l&#039;acc\u00e8s gratuit \u00e0 tous les ateliers et \u00e9v\u00e9nements culturels, ainsi qu&#039;une reconnaissance publique dans notre rapport annuel, notre bulletin d&#039;information et lors de notre principale collecte de fonds.<\/p>\n<p><strong>Votre contribution permet \u00e9galement de subventionner l&#039;adh\u00e9sion des membres de la communaut\u00e9 qui en ont besoin.<\/strong><\/p>\n<ul>\n<li>Acc\u00e8s \u00e0 des \u00e9v\u00e9nements sociaux, des rencontres et des programmes culturels<\/li>\n<li>Tarif r\u00e9duit pour les membres sur les cours de langues<\/li>\n<li>R\u00e9duction pour les membres sur certains programmes d&#039;enrichissement culturel<\/li>\n<li>Bulletin d&#039;information des membres<\/li>\n<li>+$25 par membre de la famille suppl\u00e9mentaire<\/li>\n<li>programme culturel sp\u00e9cial gratuit<\/li>\n<li>Reconnaissance dans le rapport annuel<\/li>\n<li>Un cours de langue gratuit par personne pendant l&#039;ann\u00e9e d&#039;adh\u00e9sion en cours<\/li>\n<li>Reconnaissance lors d&#039;un programme culturel sp\u00e9cial gratuit<\/li>\n<li>\u00c9v\u00e9nement r\u00e9serv\u00e9 aux m\u00e9c\u00e8nes en pr\u00e9sence des membres du conseil d&#039;administration<\/li>\n<li>Reconnaissance sur le site web<\/li>\n<\/ul>","protected":false},"excerpt":{"rendered":"","protected":false},"featured_media":89882,"template":"","meta":{"_acf_changed":false,"_mo_disable_npp":"","wds_primary_product_brand":0,"wds_primary_product_cat":0},"product_brand":[],"product_cat":[127],"product_tag":[],"class_list":{"0":"post-89887","1":"product","2":"type-product","3":"status-publish","4":"has-post-thumbnail","6":"product_cat-memberships","8":"first","9":"instock","10":"virtual","11":"sold-individually","12":"taxable","13":"purchasable","14":"product-type-simple"},"acf":[],"_links":{"self":[{"href":"https:\/\/upstateinternational.org\/fr\/wp-json\/wp\/v2\/product\/89887","targetHints":{"allow":["GET"]}}],"collection":[{"href":"https:\/\/upstateinternational.org\/fr\/wp-json\/wp\/v2\/product"}],"about":[{"href":"https:\/\/upstateinternational.org\/fr\/wp-json\/wp\/v2\/types\/product"}],"version-history":[{"count":0,"href":"https:\/\/upstateinternational.org\/fr\/wp-json\/wp\/v2\/product\/89887\/revisions"}],"wp:featuredmedia":[{"embeddable":true,"href":"https:\/\/upstateinternational.org\/fr\/wp-json\/wp\/v2\/media\/89882"}],"wp:attachment":[{"href":"https:\/\/upstateinternational.org\/fr\/wp-json\/wp\/v2\/media?parent=89887"}],"wp:term":[{"taxonomy":"product_brand","embeddable":true,"href":"https:\/\/upstateinternational.org\/fr\/wp-json\/wp\/v2\/product_brand?post=89887"},{"taxonomy":"product_cat","embeddable":true,"href":"https:\/\/upstateinternational.org\/fr\/wp-json\/wp\/v2\/product_cat?post=89887"},{"taxonomy":"product_tag","embeddable":true,"href":"https:\/\/upstateinternational.org\/fr\/wp-json\/wp\/v2\/product_tag?post=89887"}],"curies":[{"name":"wp","href":"https:\/\/api.w.org\/{rel}","templated":true}]}}