{"id":90344,"date":"2023-12-11T06:18:32","date_gmt":"2023-12-11T11:18:32","guid":{"rendered":"https:\/\/ui-hybrid.local\/product\/membership-2\/"},"modified":"2025-11-24T09:02:49","modified_gmt":"2025-11-24T14:02:49","slug":"membership-2","status":"publish","type":"product","link":"https:\/\/upstateinternational.org\/fr\/produit\/membership-2\/","title":{"rendered":"Adh\u00e9sion"},"content":{"rendered":"<h3 style=\"color: #68c5d3;\"><strong>Le soutien des membres constitue un v\u00e9ritable carrefour de ressources et de contacts qui contribue \u00e0 la prosp\u00e9rit\u00e9 de notre r\u00e9gion.<\/strong><\/h3>\n<p>Soutien au d\u00e9veloppement \u00e9conomique et aux comp\u00e9tences professionnelles (formation \u00e0 la ma\u00eetrise des langues \u00e9trang\u00e8res, cours de langues, listes de ressources pour les entreprises nouvellement arriv\u00e9es)<\/p>\n<p>\u00c9ducation (sensibilisation des \u00e9tudiants d\u00e9favoris\u00e9s aux carri\u00e8res internationales, aide aux universit\u00e9s pour pr\u00e9parer leurs \u00e9tudiants aux entretiens de visa, intervenants dans les universit\u00e9s)<\/p>\n<p>Vivre une mission de diversit\u00e9 et d&#039;inclusion (supprimer les obstacles \u00e0 la programmation, c\u00e9l\u00e9brer la diversit\u00e9 culturelle, offrir une formation interculturelle, un soutien en mati\u00e8re d&#039;interpr\u00e9tation et de traduction, veiller \u00e0 ce que notre conseil d&#039;administration de l&#039;UI refl\u00e8te la diversit\u00e9 d&#039;\u00e2ge, de sexe, de race, de religion, d&#039;\u00e9conomie et de culture)<\/p>\n<p>Soutenir les efforts d&#039;autres organisations \u00e0 but non lucratif en assurant gratuitement le marketing et la promotion de tous les \u00e9v\u00e9nements et initiatives \u00e0 vocation internationale dans la r\u00e9gion d&#039;Upstate.<\/p>","protected":false},"excerpt":{"rendered":"","protected":false},"featured_media":58734,"template":"","meta":{"_acf_changed":false,"_mo_disable_npp":"","wds_primary_product_brand":0,"wds_primary_product_cat":0},"product_brand":[],"product_cat":[127],"product_tag":[],"class_list":{"0":"post-90344","1":"product","2":"type-product","3":"status-publish","4":"has-post-thumbnail","6":"product_cat-memberships","8":"first","9":"instock","10":"featured","11":"taxable","12":"shipping-taxable","13":"product-type-simple"},"acf":[],"_links":{"self":[{"href":"https:\/\/upstateinternational.org\/fr\/wp-json\/wp\/v2\/product\/90344","targetHints":{"allow":["GET"]}}],"collection":[{"href":"https:\/\/upstateinternational.org\/fr\/wp-json\/wp\/v2\/product"}],"about":[{"href":"https:\/\/upstateinternational.org\/fr\/wp-json\/wp\/v2\/types\/product"}],"version-history":[{"count":0,"href":"https:\/\/upstateinternational.org\/fr\/wp-json\/wp\/v2\/product\/90344\/revisions"}],"wp:featuredmedia":[{"embeddable":true,"href":"https:\/\/upstateinternational.org\/fr\/wp-json\/wp\/v2\/media\/58734"}],"wp:attachment":[{"href":"https:\/\/upstateinternational.org\/fr\/wp-json\/wp\/v2\/media?parent=90344"}],"wp:term":[{"taxonomy":"product_brand","embeddable":true,"href":"https:\/\/upstateinternational.org\/fr\/wp-json\/wp\/v2\/product_brand?post=90344"},{"taxonomy":"product_cat","embeddable":true,"href":"https:\/\/upstateinternational.org\/fr\/wp-json\/wp\/v2\/product_cat?post=90344"},{"taxonomy":"product_tag","embeddable":true,"href":"https:\/\/upstateinternational.org\/fr\/wp-json\/wp\/v2\/product_tag?post=90344"}],"curies":[{"name":"wp","href":"https:\/\/api.w.org\/{rel}","templated":true}]}}