{"id":90364,"date":"2025-03-31T14:40:43","date_gmt":"2025-03-31T18:40:43","guid":{"rendered":"https:\/\/ui-hybrid.local\/product\/africa-and-the-global-economy-2\/"},"modified":"2026-02-24T10:53:41","modified_gmt":"2026-02-24T15:53:41","slug":"africa-and-the-global-economy-2","status":"publish","type":"product","link":"https:\/\/upstateinternational.org\/fr\/produit\/africa-and-the-global-economy-2\/","title":{"rendered":"La renaissance \u00e9conomique de l&#039;Afrique : briser les barri\u00e8res, b\u00e2tir l&#039;avenir"},"content":{"rendered":"<p>Questions relatives au sujet de la discussion\u00a0:<\/p>\n<p class=\"\" data-start=\"41\" data-end=\"585\"><strong>Mme Gugu Selela<\/strong> Cette conf\u00e9rence explorera le r\u00f4le \u00e9volutif de l&#039;Afrique dans l&#039;\u00e9conomie mondiale, en examinant son potentiel \u00e9conomique, ses d\u00e9fis structurels et ses perspectives de transformation. Elle analysera les facteurs historiques et contemporains qui influencent le paysage \u00e9conomique africain, notamment l&#039;h\u00e9ritage colonial, les d\u00e9s\u00e9quilibres commerciaux et les investissements \u00e9trangers. Par ailleurs, Mme Selela soulignera le r\u00f4le crucial des femmes africaines dans le d\u00e9veloppement \u00e9conomique et la n\u00e9cessit\u00e9 de solutions men\u00e9es par les Africains qui privil\u00e9gient l&#039;\u00e9quit\u00e9, l&#039;innovation et une prosp\u00e9rit\u00e9 durable.<\/p>\n<p class=\"\" data-start=\"587\" data-end=\"626\">Les questions cl\u00e9s \u00e0 aborder lors de la discussion sont les suivantes\u00a0:<\/p>\n<ul data-start=\"628\" data-end=\"1314\" data-is-last-node=\"\" data-is-only-node=\"\">\n<li class=\"\" data-start=\"628\" data-end=\"723\">\n<p class=\"\" data-start=\"630\" data-end=\"723\">Comment l&#039;histoire coloniale et les d\u00e9s\u00e9quilibres commerciaux ont-ils fa\u00e7onn\u00e9 la situation \u00e9conomique actuelle de l&#039;Afrique\u00a0?<\/p>\n<\/li>\n<li class=\"\" data-start=\"724\" data-end=\"830\">\n<p class=\"\" data-start=\"726\" data-end=\"830\">Quels sont les d\u00e9fis structurels qui continuent d&#039;entraver la croissance \u00e9conomique de l&#039;Afrique, et comment peut-on y rem\u00e9dier ?<\/p>\n<\/li>\n<li class=\"\" data-start=\"831\" data-end=\"951\">\n<p class=\"\" data-start=\"833\" data-end=\"951\">Quel est l\u2019impact des investissements \u00e9trangers sur le d\u00e9veloppement de l\u2019Afrique\u00a0? Sont-ils une voie vers le progr\u00e8s ou une forme de d\u00e9pendance \u00e9conomique\u00a0?<\/p>\n<\/li>\n<li class=\"\" data-start=\"952\" data-end=\"1092\">\n<p class=\"\" data-start=\"954\" data-end=\"1092\">Quel r\u00f4le jouent les femmes africaines dans la transformation \u00e9conomique, et comment les politiques inclusives en mati\u00e8re de genre peuvent-elles acc\u00e9l\u00e9rer une croissance durable\u00a0?<\/p>\n<\/li>\n<li class=\"\" data-start=\"1093\" data-end=\"1221\">\n<p class=\"\" data-start=\"1095\" data-end=\"1221\">Comment les nations africaines peuvent-elles prendre l&#039;initiative de fa\u00e7onner des politiques \u00e9conomiques qui favorisent l&#039;innovation, l&#039;\u00e9quit\u00e9 et la prosp\u00e9rit\u00e9 \u00e0 long terme\u00a0?<\/p>\n<\/li>\n<\/ul>\n<p>&nbsp;<\/p>\n<hr \/>\n<p><em>\u00ab\u00a0Beyond the Headlines\u00a0\u00bb est un cycle de conf\u00e9rences-d\u00e9jeuners pr\u00e9sentant des informations factuelles sur les enjeux mondiaux les plus pressants. Des personnalit\u00e9s du monde universitaire ou de la recherche interviendront en tant que conf\u00e9renciers, apportant leur \u00e9clairage et leurs r\u00e9flexions sur le sujet avant de permettre au public de poser des questions et d&#039;\u00e9changer. Offrir un espace apolitique pour aborder des sujets sensibles permettra \u00e0 chacun d&#039;\u00e9largir ses horizons et de poser des questions favorisant l&#039;approfondissement des connaissances. Ce cycle de conf\u00e9rences est gratuit (hors d\u00e9jeuner) et ouvert \u00e0 tous.<\/em><\/p>","protected":false},"excerpt":{"rendered":"","protected":false},"featured_media":83871,"template":"","meta":{"_acf_changed":false,"_mo_disable_npp":"","wds_primary_product_brand":0,"wds_primary_product_cat":0},"product_brand":[],"product_cat":[146],"product_tag":[],"class_list":{"0":"post-90364","1":"product","2":"type-product","3":"status-publish","4":"has-post-thumbnail","6":"product_cat-events","8":"first","9":"instock","10":"taxable","11":"shipping-taxable","12":"product-type-simple"},"acf":[],"_links":{"self":[{"href":"https:\/\/upstateinternational.org\/fr\/wp-json\/wp\/v2\/product\/90364","targetHints":{"allow":["GET"]}}],"collection":[{"href":"https:\/\/upstateinternational.org\/fr\/wp-json\/wp\/v2\/product"}],"about":[{"href":"https:\/\/upstateinternational.org\/fr\/wp-json\/wp\/v2\/types\/product"}],"version-history":[{"count":2,"href":"https:\/\/upstateinternational.org\/fr\/wp-json\/wp\/v2\/product\/90364\/revisions"}],"predecessor-version":[{"id":93789,"href":"https:\/\/upstateinternational.org\/fr\/wp-json\/wp\/v2\/product\/90364\/revisions\/93789"}],"wp:featuredmedia":[{"embeddable":true,"href":"https:\/\/upstateinternational.org\/fr\/wp-json\/wp\/v2\/media\/83871"}],"wp:attachment":[{"href":"https:\/\/upstateinternational.org\/fr\/wp-json\/wp\/v2\/media?parent=90364"}],"wp:term":[{"taxonomy":"product_brand","embeddable":true,"href":"https:\/\/upstateinternational.org\/fr\/wp-json\/wp\/v2\/product_brand?post=90364"},{"taxonomy":"product_cat","embeddable":true,"href":"https:\/\/upstateinternational.org\/fr\/wp-json\/wp\/v2\/product_cat?post=90364"},{"taxonomy":"product_tag","embeddable":true,"href":"https:\/\/upstateinternational.org\/fr\/wp-json\/wp\/v2\/product_tag?post=90364"}],"curies":[{"name":"wp","href":"https:\/\/api.w.org\/{rel}","templated":true}]}}