{"id":90382,"date":"2025-05-06T13:26:41","date_gmt":"2025-05-06T17:26:41","guid":{"rendered":"https:\/\/ui-hybrid.local\/product\/spanish-b2-therapeutic-autobiographical-writing-workshop-2\/"},"modified":"2025-11-24T09:02:54","modified_gmt":"2025-11-24T14:02:54","slug":"spanish-b2-therapeutic-autobiographical-writing-workshop-2","status":"publish","type":"product","link":"https:\/\/upstateinternational.org\/fr\/produit\/spanish-b2-therapeutic-autobiographical-writing-workshop-2\/","title":{"rendered":"Atelier d&#039;\u00e9criture th\u00e9rapeutique en espagnol niveau B2+ : les lundis"},"content":{"rendered":"<p>Cet atelier d&#039;\u00e9criture autobiographique \u00e0 vis\u00e9e th\u00e9rapeutique est une exp\u00e9rience pratique et immersive. Au cours des s\u00e9ances, nous r\u00e9aliserons des exercices d&#039;\u00e9criture qui vous aideront \u00e0 raconter vos exp\u00e9riences personnelles et \u00e0 leur donner un nouveau sens. Vous aurez \u00e9galement l&#039;occasion de pratiquer votre espagnol, d&#039;enrichir votre vocabulaire et d&#039;am\u00e9liorer votre style. C&#039;est une exp\u00e9rience unique qui vous invite \u00e0 explorer vos propres histoires et exp\u00e9riences de vie \u2013 et, sans aucun doute, elle en vaut la peine.<br \/>\nNous avons h\u00e2te de vous voir !<\/p>\n<p>&nbsp;<\/p>\n<table>\n<tbody>\n<tr>\n<td>Objectif:<\/td>\n<td>\n<ul>\n<li style=\"font-weight: 400;\" aria-level=\"1\"><span style=\"font-weight: 400;\">Guider les participants dans l&#039;utilisation de l&#039;\u00e9criture autobiographique comme outil th\u00e9rapeutique pour raconter, explorer et reformuler des moments ou des \u00e9tapes importantes de leur vie.<\/span><\/li>\n<\/ul>\n<\/td>\n<\/tr>\n<tr>\n<td>Exigence:<\/td>\n<td>\n<ul>\n<li style=\"font-weight: 400;\" aria-level=\"1\"><span style=\"font-weight: 400;\">Niveau B2 ou sup\u00e9rieur en espagnol<\/span><\/li>\n<\/ul>\n<\/td>\n<\/tr>\n<tr>\n<td>Description du programme\u00a0:<\/td>\n<td>\n<ul>\n<li style=\"font-weight: 400;\" aria-level=\"1\">\u00a0Br\u00e8ve introduction th\u00e9orique\u00a0: <span style=\"font-weight: 400;\">Concepts cl\u00e9s pour contextualiser chaque sujet.<\/span><\/li>\n<\/ul>\n<ul>\n<li style=\"font-weight: 400;\" aria-level=\"1\">Exercices d&#039;\u00e9criture guid\u00e9e\u00a0: <span style=\"font-weight: 400;\">Des activit\u00e9s pour explorer les \u00e9motions, les exp\u00e9riences et le recadrage.<\/span><\/li>\n<\/ul>\n<ul>\n<li style=\"font-weight: 400;\" aria-level=\"1\">Dynamique de l&#039;introspection : <span style=\"font-weight: 400;\">Des techniques telles que les m\u00e9ditations guid\u00e9es et les visualisations pour se connecter \u00e0 ses exp\u00e9riences personnelles.<\/span><\/li>\n<\/ul>\n<ul>\n<li style=\"font-weight: 400;\" aria-level=\"1\">Cercles d&#039;\u00e9criture et de r\u00e9flexion : <span style=\"font-weight: 400;\">Des espaces de groupe o\u00f9 les participants peuvent partager leurs textes et recevoir des commentaires et une \u00e9coute active.<\/span><\/li>\n<\/ul>\n<\/td>\n<\/tr>\n<tr>\n<td>Contenu th\u00e9matique :<\/td>\n<td>\n<ol>\n<li style=\"font-weight: 400;\" aria-level=\"1\">Introduction \u00e0 l&#039;\u00e9criture th\u00e9rapeutique\n<ul>\n<li style=\"font-weight: 400;\" aria-level=\"2\"><span style=\"font-weight: 400;\">Qu\u2019est-ce que l\u2019\u00e9criture th\u00e9rapeutique et quels sont ses bienfaits \u00e9motionnels\u00a0?<\/span><\/li>\n<li style=\"font-weight: 400;\" aria-level=\"2\"><span style=\"font-weight: 400;\">La diff\u00e9rence entre \u00e9crire pour raconter et \u00e9crire pour gu\u00e9rir.<\/span><\/li>\n<li style=\"font-weight: 400;\" aria-level=\"2\"><span style=\"font-weight: 400;\">Exercices initiaux\u00a0: lib\u00e9ration \u00e9motionnelle par les mots.<\/span><\/li>\n<\/ul>\n<\/li>\n<\/ol>\n<ol>\n<li style=\"font-weight: 400;\" aria-level=\"1\">Techniques d&#039;\u00e9criture autobiographique\n<ul>\n<li style=\"font-weight: 400;\" aria-level=\"2\"><span style=\"font-weight: 400;\">Comment structurer un r\u00e9cit personnel\u00a0: d\u00e9but, d\u00e9veloppement et conclusion.<\/span><\/li>\n<li style=\"font-weight: 400;\" aria-level=\"2\"><span style=\"font-weight: 400;\">L&#039;importance de l&#039;honn\u00eatet\u00e9 et de la vuln\u00e9rabilit\u00e9 dans l&#039;\u00e9criture.<\/span><\/li>\n<li style=\"font-weight: 400;\" aria-level=\"2\"><span style=\"font-weight: 400;\">Utiliser des m\u00e9taphores et des symboles pour exprimer des \u00e9motions profondes.<\/span><\/li>\n<li style=\"font-weight: 400;\" aria-level=\"2\">Exercice pratique :<span style=\"font-weight: 400;\"> \u201c La carte de mon histoire \u201d (visualisation et \u00e9criture d&#039;une chronologie de vie).<\/span><\/li>\n<\/ul>\n<\/li>\n<\/ol>\n<ol>\n<li style=\"font-weight: 400;\" aria-level=\"1\">Explorer son exp\u00e9rience personnelle\n<ul>\n<li style=\"font-weight: 400;\" aria-level=\"2\"><span style=\"font-weight: 400;\">Identifier les moments cl\u00e9s\u00a0: la maternit\u00e9, la parentalit\u00e9 ou les \u00e9tapes de transformation.<\/span><\/li>\n<li style=\"font-weight: 400;\" aria-level=\"2\"><span style=\"font-weight: 400;\">R\u00e9fl\u00e9chir aux \u00e9motions li\u00e9es \u00e0 ces exp\u00e9riences.<\/span><\/li>\n<li style=\"font-weight: 400;\" aria-level=\"2\">Exercice pratique :<span style=\"font-weight: 400;\"> \u201c Lettres \u00e0 mon moi pass\u00e9 \u201d ou \u201c Lettres \u00e0 mon enfant \u201d.\u201d<\/span><\/li>\n<\/ul>\n<\/li>\n<\/ol>\n<ol>\n<li style=\"font-weight: 400;\" aria-level=\"1\">Repenser son histoire personnelle\n<ul>\n<li style=\"font-weight: 400;\" aria-level=\"2\"><span style=\"font-weight: 400;\">Comment donner un nouveau sens aux exp\u00e9riences difficiles.<\/span><\/li>\n<li style=\"font-weight: 400;\" aria-level=\"2\"><span style=\"font-weight: 400;\">Identifier les le\u00e7ons apprises, la croissance et les points forts.<\/span><\/li>\n<li style=\"font-weight: 400;\" aria-level=\"2\">Exercice pratique :<span style=\"font-weight: 400;\"> \u201c Avant et apr\u00e8s \u201d (revisiter une exp\u00e9rience sous un nouvel angle).<\/span><\/li>\n<\/ul>\n<\/li>\n<\/ol>\n<ol>\n<li style=\"font-weight: 400;\" aria-level=\"1\">Partager le r\u00e9cit : du \u2018 je \u2019 au \u2018 nous \u2019\n<ul>\n<li style=\"font-weight: 400;\" aria-level=\"2\"><span style=\"font-weight: 400;\">Les avantages de partager des histoires personnelles dans un espace s\u00e9curis\u00e9.<\/span><\/li>\n<li style=\"font-weight: 400;\" aria-level=\"2\"><span style=\"font-weight: 400;\">Cr\u00e9er du lien social par les mots.<\/span><\/li>\n<li style=\"font-weight: 400;\" aria-level=\"2\"><span style=\"font-weight: 400;\">Exercice pratique : lecture volontaire d&#039;\u00e9crits et retours respectueux.<\/span><\/li>\n<\/ul>\n<\/li>\n<\/ol>\n<\/td>\n<\/tr>\n<\/tbody>\n<\/table>","protected":false},"excerpt":{"rendered":"","protected":false},"featured_media":0,"template":"","meta":{"_acf_changed":false,"_mo_disable_npp":"","wds_primary_product_brand":0,"wds_primary_product_cat":132},"product_brand":[],"product_cat":[146,132],"product_tag":[134],"class_list":{"0":"post-90382","1":"product","2":"type-product","3":"status-publish","5":"product_cat-events","6":"product_cat-language-class","7":"product_tag-spanish","9":"first","10":"instock","11":"downloadable","12":"virtual","13":"taxable","14":"purchasable","15":"product-type-simple"},"acf":[],"_links":{"self":[{"href":"https:\/\/upstateinternational.org\/fr\/wp-json\/wp\/v2\/product\/90382","targetHints":{"allow":["GET"]}}],"collection":[{"href":"https:\/\/upstateinternational.org\/fr\/wp-json\/wp\/v2\/product"}],"about":[{"href":"https:\/\/upstateinternational.org\/fr\/wp-json\/wp\/v2\/types\/product"}],"version-history":[{"count":0,"href":"https:\/\/upstateinternational.org\/fr\/wp-json\/wp\/v2\/product\/90382\/revisions"}],"wp:attachment":[{"href":"https:\/\/upstateinternational.org\/fr\/wp-json\/wp\/v2\/media?parent=90382"}],"wp:term":[{"taxonomy":"product_brand","embeddable":true,"href":"https:\/\/upstateinternational.org\/fr\/wp-json\/wp\/v2\/product_brand?post=90382"},{"taxonomy":"product_cat","embeddable":true,"href":"https:\/\/upstateinternational.org\/fr\/wp-json\/wp\/v2\/product_cat?post=90382"},{"taxonomy":"product_tag","embeddable":true,"href":"https:\/\/upstateinternational.org\/fr\/wp-json\/wp\/v2\/product_tag?post=90382"}],"curies":[{"name":"wp","href":"https:\/\/api.w.org\/{rel}","templated":true}]}}