{"id":90397,"date":"2025-11-07T09:18:04","date_gmt":"2025-11-07T14:18:04","guid":{"rendered":"https:\/\/ui-hybrid.local\/product\/15th-annual-german-holiday-party\/"},"modified":"2026-02-24T10:45:18","modified_gmt":"2026-02-24T15:45:18","slug":"15th-annual-german-holiday-party","status":"publish","type":"product","link":"https:\/\/upstateinternational.org\/fr\/produit\/15th-annual-german-holiday-party\/","title":{"rendered":"15e f\u00eate annuelle allemande"},"content":{"rendered":"<p><span style=\"color: #ff0000;\"><strong>C\u00e9l\u00e9brez le d\u00e9but des f\u00eates de fin d&#039;ann\u00e9e dans le plus pur style allemand traditionnel.<\/strong><\/span><\/p>\n<p>Le Christkindlesmarkt (march\u00e9 de No\u00ebl) est un march\u00e9 de rue qui se tient dans toute l&#039;Allemagne pendant les quatre semaines de l&#039;Avent, avant No\u00ebl. On peut y acheter de l&#039;artisanat, des d\u00e9corations de No\u00ebl, \u00e9couter de la musique de No\u00ebl et profiter de l&#039;ambiance festive. <em>Vin chaud<\/em>, des bratwursts et de nombreuses friandises.<\/p>\n<p><em>Vin chaud<\/em> Le vin chaud est un vin chaud \u2013 g\u00e9n\u00e9ralement rouge \u2013 aux \u00e9pices, destin\u00e9 \u00e0 r\u00e9chauffer les gens par temps froid.<\/p>\n<p>Nous vous invitons chaleureusement \u00e0 vous joindre \u00e0 nous pour notre f\u00eate allemande de No\u00ebl\u00a0! Au menu\u00a0: bratwurst, choucroute, salade de pommes de terre, stollen (pain de No\u00ebl sucr\u00e9), autres sp\u00e9cialit\u00e9s allemandes et boissons traditionnelles d\u2019hiver.<\/p>\n<p><span style=\"color: #008000;\"><em>Une tombola chinoise avec de superbes lots sera organis\u00e9e. Les tickets co\u00fbtent $1 chacun, ou 11 tickets pour $10. N&#039;oubliez pas d&#039;apporter de l&#039;argent liquide ou un ch\u00e8que\u00a0! Les b\u00e9n\u00e9fices de la tombola seront revers\u00e9s \u00e0\u2026 <\/em><em>organisations locales suivantes : Period Project\/ Safe Harbor\/ Jasmine Road.<\/em><\/span><\/p>\n<p><strong>Co\u00fbt par personne :<\/strong> $30 pour les membres d&#039;Upstate International | $35 pour les non-membres<br \/>\nAucun remboursement en cas d&#039;annulation. R\u00e9servation obligatoire, les billets ne seront pas vendus sur place.<\/p>\n<p><strong>Date limite : lundi 1er d\u00e9cembre 2025<\/strong><\/p>\n<p>Des questions\u00a0? Veuillez contacter internationalwg@upstateinternational.org<\/p>","protected":false},"excerpt":{"rendered":"","protected":false},"featured_media":90398,"template":"","meta":{"_acf_changed":false,"_mo_disable_npp":"","wds_primary_product_brand":0,"wds_primary_product_cat":0},"product_brand":[],"product_cat":[146],"product_tag":[],"class_list":{"0":"post-90397","1":"product","2":"type-product","3":"status-publish","4":"has-post-thumbnail","6":"product_cat-events","8":"first","9":"outofstock","10":"taxable","11":"shipping-taxable","12":"purchasable","13":"product-type-variable"},"acf":[],"_links":{"self":[{"href":"https:\/\/upstateinternational.org\/fr\/wp-json\/wp\/v2\/product\/90397","targetHints":{"allow":["GET"]}}],"collection":[{"href":"https:\/\/upstateinternational.org\/fr\/wp-json\/wp\/v2\/product"}],"about":[{"href":"https:\/\/upstateinternational.org\/fr\/wp-json\/wp\/v2\/types\/product"}],"version-history":[{"count":1,"href":"https:\/\/upstateinternational.org\/fr\/wp-json\/wp\/v2\/product\/90397\/revisions"}],"predecessor-version":[{"id":93786,"href":"https:\/\/upstateinternational.org\/fr\/wp-json\/wp\/v2\/product\/90397\/revisions\/93786"}],"wp:featuredmedia":[{"embeddable":true,"href":"https:\/\/upstateinternational.org\/fr\/wp-json\/wp\/v2\/media\/90398"}],"wp:attachment":[{"href":"https:\/\/upstateinternational.org\/fr\/wp-json\/wp\/v2\/media?parent=90397"}],"wp:term":[{"taxonomy":"product_brand","embeddable":true,"href":"https:\/\/upstateinternational.org\/fr\/wp-json\/wp\/v2\/product_brand?post=90397"},{"taxonomy":"product_cat","embeddable":true,"href":"https:\/\/upstateinternational.org\/fr\/wp-json\/wp\/v2\/product_cat?post=90397"},{"taxonomy":"product_tag","embeddable":true,"href":"https:\/\/upstateinternational.org\/fr\/wp-json\/wp\/v2\/product_tag?post=90397"}],"curies":[{"name":"wp","href":"https:\/\/api.w.org\/{rel}","templated":true}]}}