{"id":59019,"date":"2023-07-27T09:33:56","date_gmt":"2023-07-27T13:33:56","guid":{"rendered":"https:\/\/localhost:10096\/?page_id=59019"},"modified":"2025-09-28T11:50:12","modified_gmt":"2025-09-28T15:50:12","slug":"international-directory","status":"publish","type":"page","link":"https:\/\/upstateinternational.org\/it\/international-directory\/","title":{"rendered":"Elenco internazionale"},"content":{"rendered":"<div data-elementor-type=\"wp-page\" data-elementor-id=\"59019\" class=\"elementor elementor-59019\" data-elementor-post-type=\"page\">\n\t\t\t\t<div class=\"elementor-element elementor-element-50b34d3 e-flex e-con-boxed e-con e-parent\" data-id=\"50b34d3\" data-element_type=\"container\" data-e-type=\"container\" data-settings=\"{&quot;background_background&quot;:&quot;classic&quot;}\">\n\t\t\t\t\t<div class=\"e-con-inner\">\n\t\t<div class=\"elementor-element elementor-element-8d97af7 e-con-full e-flex e-con e-child\" data-id=\"8d97af7\" data-element_type=\"container\" data-e-type=\"container\">\n\t\t\t\t<div class=\"elementor-element elementor-element-08a14a9 elementor-widget elementor-widget-heading\" data-id=\"08a14a9\" data-element_type=\"widget\" data-e-type=\"widget\" data-widget_type=\"heading.default\">\n\t\t\t\t<div class=\"elementor-widget-container\">\n\t\t\t\t\t<h1 class=\"elementor-heading-title elementor-size-default\">Elenco internazionale delle risorse<\/h1>\t\t\t\t<\/div>\n\t\t\t\t<\/div>\n\t\t\t\t<div class=\"elementor-element elementor-element-e3e7b47 elementor-widget elementor-widget-heading\" data-id=\"e3e7b47\" data-element_type=\"widget\" data-e-type=\"widget\" data-widget_type=\"heading.default\">\n\t\t\t\t<div class=\"elementor-widget-container\">\n\t\t\t\t\t<span class=\"elementor-heading-title elementor-size-default\">Risorse per la nostra comunit\u00e0 del nord dello stato<\/span>\t\t\t\t<\/div>\n\t\t\t\t<\/div>\n\t\t\t\t<\/div>\n\t\t\t\t\t<\/div>\n\t\t\t\t<\/div>\n\t\t<div class=\"elementor-element elementor-element-0b536fe e-flex e-con-boxed e-con e-parent\" data-id=\"0b536fe\" data-element_type=\"container\" data-e-type=\"container\">\n\t\t\t\t\t<div class=\"e-con-inner\">\n\t\t<div class=\"elementor-element elementor-element-2fc6d71 e-con-full e-flex e-con e-child\" data-id=\"2fc6d71\" data-element_type=\"container\" data-e-type=\"container\">\n\t\t\t\t<div class=\"elementor-element elementor-element-12033e6 elementor-widget elementor-widget-heading\" data-id=\"12033e6\" data-element_type=\"widget\" data-e-type=\"widget\" data-widget_type=\"heading.default\">\n\t\t\t\t<div class=\"elementor-widget-container\">\n\t\t\t\t\t<h3 class=\"elementor-heading-title elementor-size-default\">Benvenuti nell&#039;Upstate!<\/h3>\t\t\t\t<\/div>\n\t\t\t\t<\/div>\n\t\t\t\t<div class=\"elementor-element elementor-element-e59043b elementor-widget elementor-widget-text-editor\" data-id=\"e59043b\" data-element_type=\"widget\" data-e-type=\"widget\" data-widget_type=\"text-editor.default\">\n\t\t\t\t<div class=\"elementor-widget-container\">\n\t\t\t\t\t\t\t\t\t<p>Upstate International \u00e8 lieta di darti il benvenuto nella comunit\u00e0 di Upstate! Trasferirsi in un nuovo Paese o Stato \u00e8 una delle avventure pi\u00f9 entusiasmanti e impegnative che tu possa mai intraprendere. Noi di Upstate International puntiamo a farti acquisire sicurezza nell&#039;orientarti nella comunit\u00e0 di Upstate, in modo che tu possa prosperare e trovare il tuo posto. UI offre risorse relative agli aspetti essenziali della vita quotidiana per aiutarti ad adattarti. Sentiti libero di sentirti a casa!<\/p>\t\t\t\t\t\t\t\t<\/div>\n\t\t\t\t<\/div>\n\t\t<div class=\"elementor-element elementor-element-0f49a5f e-con-full e-flex e-con e-child\" data-id=\"0f49a5f\" data-element_type=\"container\" data-e-type=\"container\" data-settings=\"{&quot;background_background&quot;:&quot;gradient&quot;}\">\n\t\t\t\t<div class=\"elementor-element elementor-element-19767be elementor-widget elementor-widget-text-editor\" data-id=\"19767be\" data-element_type=\"widget\" data-e-type=\"widget\" data-widget_type=\"text-editor.default\">\n\t\t\t\t<div class=\"elementor-widget-container\">\n\t\t\t\t\t\t\t\t\t<p><strong>NOTARE CHE:<\/strong> Upstate International non avalla nessuna delle entit\u00e0 qui elencate e non pu\u00f2 essere ritenuta responsabile per eventuali problemi derivanti da transazioni private. I singoli utenti sono tenuti a valutare a propria discrezione il merito dei contatti qui elencati. Se desiderate che la vostra azienda venga inclusa di seguito, vi preghiamo di contattarci. <a href=\"mailto:tracie@upstateinternational.org\" rel=\"noopener noreferrer\">contattare il direttore esecutivo di Upstate International<\/a>.<\/p>\t\t\t\t\t\t\t\t<\/div>\n\t\t\t\t<\/div>\n\t\t\t\t<\/div>\n\t\t\t\t<\/div>\n\t\t<div class=\"elementor-element elementor-element-4e9212b e-con-full e-flex e-con e-child\" data-id=\"4e9212b\" data-element_type=\"container\" data-e-type=\"container\">\n\t\t\t\t<div class=\"elementor-element elementor-element-6caf027 elementor-widget elementor-widget-image\" data-id=\"6caf027\" data-element_type=\"widget\" data-e-type=\"widget\" data-widget_type=\"image.default\">\n\t\t\t\t<div class=\"elementor-widget-container\">\n\t\t\t\t\t\t\t\t\t\t\t\t\t\t\t<img fetchpriority=\"high\" decoding=\"async\" width=\"650\" height=\"400\" src=\"https:\/\/upstateinternational.org\/wp-content\/uploads\/2024\/01\/upstate-international-greenville.webp\" class=\"attachment-large size-large wp-image-69587\" alt=\"\" srcset=\"https:\/\/upstateinternational.org\/wp-content\/uploads\/2024\/01\/upstate-international-greenville.webp 650w, https:\/\/upstateinternational.org\/wp-content\/uploads\/2024\/01\/upstate-international-greenville-300x185.webp 300w, https:\/\/upstateinternational.org\/wp-content\/uploads\/2024\/01\/upstate-international-greenville-600x369.webp 600w\" sizes=\"(max-width: 650px) 100vw, 650px\" \/>\t\t\t\t\t\t\t\t\t\t\t\t\t\t\t<\/div>\n\t\t\t\t<\/div>\n\t\t\t\t<\/div>\n\t\t<div class=\"elementor-element elementor-element-172a166 e-con-full e-flex e-con e-child\" data-id=\"172a166\" data-element_type=\"container\" data-e-type=\"container\" data-settings=\"{&quot;background_background&quot;:&quot;classic&quot;}\">\n\t\t\t\t<div class=\"elementor-element elementor-element-38a3ca8 elementor-widget elementor-widget-heading\" data-id=\"38a3ca8\" data-element_type=\"widget\" data-e-type=\"widget\" data-widget_type=\"heading.default\">\n\t\t\t\t<div class=\"elementor-widget-container\">\n\t\t\t\t\t<h2 class=\"elementor-heading-title elementor-size-default\">MODULO DI CONTATTO<\/h2>\t\t\t\t<\/div>\n\t\t\t\t<\/div>\n\t\t\t\t<\/div>\n\t\t\t\t\t<\/div>\n\t\t\t\t<\/div>\n\t\t\t\t<\/div>","protected":false},"excerpt":{"rendered":"","protected":false},"author":1,"featured_media":0,"parent":0,"menu_order":0,"comment_status":"closed","ping_status":"closed","template":"","meta":{"_acf_changed":false,"_mo_disable_npp":"","footnotes":""},"class_list":["post-59019","page","type-page","status-publish","hentry"],"acf":[],"_links":{"self":[{"href":"https:\/\/upstateinternational.org\/it\/wp-json\/wp\/v2\/pages\/59019","targetHints":{"allow":["GET"]}}],"collection":[{"href":"https:\/\/upstateinternational.org\/it\/wp-json\/wp\/v2\/pages"}],"about":[{"href":"https:\/\/upstateinternational.org\/it\/wp-json\/wp\/v2\/types\/page"}],"author":[{"embeddable":true,"href":"https:\/\/upstateinternational.org\/it\/wp-json\/wp\/v2\/users\/1"}],"replies":[{"embeddable":true,"href":"https:\/\/upstateinternational.org\/it\/wp-json\/wp\/v2\/comments?post=59019"}],"version-history":[{"count":0,"href":"https:\/\/upstateinternational.org\/it\/wp-json\/wp\/v2\/pages\/59019\/revisions"}],"wp:attachment":[{"href":"https:\/\/upstateinternational.org\/it\/wp-json\/wp\/v2\/media?parent=59019"}],"curies":[{"name":"parola chiave","href":"https:\/\/api.w.org\/{rel}","templated":true}]}}