{"id":88102,"date":"2025-10-11T04:45:10","date_gmt":"2025-10-11T08:45:10","guid":{"rendered":"https:\/\/ui-hybrid.local\/?page_id=88102"},"modified":"2025-11-25T04:26:58","modified_gmt":"2025-11-25T09:26:58","slug":"community-resources","status":"publish","type":"page","link":"https:\/\/upstateinternational.org\/it\/community-resources\/","title":{"rendered":"Risorse della comunit\u00e0"},"content":{"rendered":"<div data-elementor-type=\"wp-page\" data-elementor-id=\"88102\" class=\"elementor elementor-88102\" data-elementor-post-type=\"page\">\n\t\t\t\t<div class=\"elementor-element elementor-element-22ac5bd e-flex e-con-boxed e-con e-parent\" data-id=\"22ac5bd\" data-element_type=\"container\" data-e-type=\"container\" data-settings=\"{&quot;background_background&quot;:&quot;classic&quot;}\">\n\t\t\t\t\t<div class=\"e-con-inner\">\n\t\t<div class=\"elementor-element elementor-element-d8d6ae0 e-con-full e-flex e-con e-child\" data-id=\"d8d6ae0\" data-element_type=\"container\" data-e-type=\"container\">\n\t\t\t\t<div class=\"elementor-element elementor-element-9fa382c elementor-widget elementor-widget-heading\" data-id=\"9fa382c\" data-element_type=\"widget\" data-e-type=\"widget\" data-widget_type=\"heading.default\">\n\t\t\t\t<div class=\"elementor-widget-container\">\n\t\t\t\t\t<h1 class=\"elementor-heading-title elementor-size-default\">Risorse della comunit\u00e0<\/h1>\t\t\t\t<\/div>\n\t\t\t\t<\/div>\n\t\t\t\t<div class=\"elementor-element elementor-element-de96e53 elementor-widget elementor-widget-heading\" data-id=\"de96e53\" data-element_type=\"widget\" data-e-type=\"widget\" data-widget_type=\"heading.default\">\n\t\t\t\t<div class=\"elementor-widget-container\">\n\t\t\t\t\t<span class=\"elementor-heading-title elementor-size-default\">La tua guida per orientarti nella vita a Greenville, che tu sia appena arrivato o che tu viva qui da anni.<\/span>\t\t\t\t<\/div>\n\t\t\t\t<\/div>\n\t\t\t\t<\/div>\n\t\t\t\t\t<\/div>\n\t\t\t\t<\/div>\n\t\t<div class=\"elementor-element elementor-element-06a451e e-flex e-con-boxed e-con e-parent\" data-id=\"06a451e\" data-element_type=\"container\" data-e-type=\"container\">\n\t\t\t\t\t<div class=\"e-con-inner\">\n\t\t<div class=\"elementor-element elementor-element-cdd445c e-con-full e-flex e-con e-child\" data-id=\"cdd445c\" data-element_type=\"container\" data-e-type=\"container\">\n\t\t\t\t<div class=\"elementor-element elementor-element-8cb91e8 elementor-widget elementor-widget-heading\" data-id=\"8cb91e8\" data-element_type=\"widget\" data-e-type=\"widget\" data-widget_type=\"heading.default\">\n\t\t\t\t<div class=\"elementor-widget-container\">\n\t\t\t\t\t<h3 class=\"elementor-heading-title elementor-size-default\">Benvenuti nella comunit\u00e0 dell&#039;Upstate<\/h3>\t\t\t\t<\/div>\n\t\t\t\t<\/div>\n\t\t\t\t<div class=\"elementor-element elementor-element-9955edb elementor-widget elementor-widget-text-editor\" data-id=\"9955edb\" data-element_type=\"widget\" data-e-type=\"widget\" data-widget_type=\"text-editor.default\">\n\t\t\t\t<div class=\"elementor-widget-container\">\n\t\t\t\t\t\t\t\t\t<p>Che tu ti stia sistemando nell&#039;Upstate per la prima volta o che ci viva da decenni, trovare le risorse giuste, dall&#039;alloggio all&#039;assistenza sanitaria, dagli eventi culturali al supporto linguistico, pu\u00f2 fare la differenza. Upstate International \u00e8 qui per aiutarti a orientarti, entrare in contatto e sentirti a casa.<\/p><p>Il nostro Elenco delle Risorse \u00e8 una raccolta di organizzazioni, servizi e contatti locali al servizio della nostra variegata comunit\u00e0. \u00c8 progettato per aiutare i nuovi arrivati ad adattarsi alla vita nell&#039;Upstate e per supportare i residenti di lunga data nella scoperta di nuovi modi di interagire a livello globale e locale.\u00a0<\/p>\t\t\t\t\t\t\t\t<\/div>\n\t\t\t\t<\/div>\n\t\t<div class=\"elementor-element elementor-element-609d86e e-con-full e-flex e-con e-child\" data-id=\"609d86e\" data-element_type=\"container\" data-e-type=\"container\" data-settings=\"{&quot;background_background&quot;:&quot;gradient&quot;}\">\n\t\t\t\t<div class=\"elementor-element elementor-element-20b027b elementor-widget elementor-widget-text-editor\" data-id=\"20b027b\" data-element_type=\"widget\" data-e-type=\"widget\" data-widget_type=\"text-editor.default\">\n\t\t\t\t<div class=\"elementor-widget-container\">\n\t\t\t\t\t\t\t\t\t<p><strong>NOTARE CHE:<\/strong> Upstate International non avalla nessuna delle entit\u00e0 qui elencate e non pu\u00f2 essere ritenuta responsabile per eventuali problemi derivanti da transazioni private. I singoli utenti sono tenuti a valutare la validit\u00e0 dei contatti qui elencati a propria discrezione.<\/p><p>Se desideri che la tua attivit\u00e0 venga inclusa di seguito, per favore <a href=\"https:\/\/upstateinternational.org\/it\/contact\/\">contattaci.<\/a><\/p>\t\t\t\t\t\t\t\t<\/div>\n\t\t\t\t<\/div>\n\t\t\t\t<\/div>\n\t\t\t\t<\/div>\n\t\t<div class=\"elementor-element elementor-element-cf08db1 e-con-full e-flex e-con e-child\" data-id=\"cf08db1\" data-element_type=\"container\" data-e-type=\"container\">\n\t\t\t\t<div class=\"elementor-element elementor-element-be172aa elementor-widget elementor-widget-image\" data-id=\"be172aa\" data-element_type=\"widget\" data-e-type=\"widget\" data-widget_type=\"image.default\">\n\t\t\t\t<div class=\"elementor-widget-container\">\n\t\t\t\t\t\t\t\t\t\t\t\t\t\t\t<img fetchpriority=\"high\" decoding=\"async\" width=\"650\" height=\"400\" src=\"https:\/\/upstateinternational.org\/wp-content\/uploads\/2024\/01\/upstate-international-greenville.webp\" class=\"attachment-large size-large wp-image-69587\" alt=\"\" srcset=\"https:\/\/upstateinternational.org\/wp-content\/uploads\/2024\/01\/upstate-international-greenville.webp 650w, https:\/\/upstateinternational.org\/wp-content\/uploads\/2024\/01\/upstate-international-greenville-300x185.webp 300w, https:\/\/upstateinternational.org\/wp-content\/uploads\/2024\/01\/upstate-international-greenville-600x369.webp 600w\" sizes=\"(max-width: 650px) 100vw, 650px\" \/>\t\t\t\t\t\t\t\t\t\t\t\t\t\t\t<\/div>\n\t\t\t\t<\/div>\n\t\t\t\t<\/div>\n\t\t<div class=\"elementor-element elementor-element-9c1c1f4 e-con-full e-flex e-con e-child\" data-id=\"9c1c1f4\" data-element_type=\"container\" data-e-type=\"container\">\n\t\t\t\t<div class=\"elementor-element elementor-element-ae59670 elementor-widget elementor-widget-heading\" data-id=\"ae59670\" data-element_type=\"widget\" data-e-type=\"widget\" data-widget_type=\"heading.default\">\n\t\t\t\t<div class=\"elementor-widget-container\">\n\t\t\t\t\t<h3 class=\"elementor-heading-title elementor-size-default\">Cosa troverai all&#039;interno<\/h3>\t\t\t\t<\/div>\n\t\t\t\t<\/div>\n\t\t\t\t<div class=\"elementor-element elementor-element-c14afbe elementor-widget elementor-widget-text-editor\" data-id=\"c14afbe\" data-element_type=\"widget\" data-e-type=\"widget\" data-widget_type=\"text-editor.default\">\n\t\t\t\t<div class=\"elementor-widget-container\">\n\t\t\t\t\t\t\t\t\t<p>La directory copre gli aspetti essenziali della vita nell&#039;Upstate, tra cui:<\/p><ul><li><strong>Servizi di alloggio e trasferimento<\/strong> \u2013 Trova il tuo posto nella comunit\u00e0<\/li><li><strong>Salute e benessere<\/strong> \u2013 Accedere all\u2019assistenza medica, al supporto per la salute mentale e alle risorse di sanit\u00e0 pubblica<\/li><li><strong>Lingua e istruzione<\/strong> \u2013 Programmi ESL, servizi di traduzione e scuole<\/li><li><strong>Supporto legale e per l&#039;immigrazione<\/strong> \u2013 Contatti affidabili per orientarsi nei sistemi legali<\/li><li><strong>Risorse per l&#039;occupazione e la carriera<\/strong> \u2013 Formazione professionale, networking e sviluppo professionale<\/li><li><strong>Organizzazioni culturali e comunitarie<\/strong> \u2013 Connettiti con gruppi che celebrano prospettive globali<\/li><li><strong>Comunit\u00e0 di fede<\/strong> \u2013 Esplora i luoghi di culto attraverso le tradizioni<\/li><\/ul>\t\t\t\t\t\t\t\t<\/div>\n\t\t\t\t<\/div>\n\t\t\t\t<\/div>\n\t\t<div class=\"elementor-element elementor-element-276d50a e-con-full e-flex e-con e-child\" data-id=\"276d50a\" data-element_type=\"container\" data-e-type=\"container\" data-settings=\"{&quot;background_background&quot;:&quot;gradient&quot;}\">\n\t\t\t\t<div class=\"elementor-element elementor-element-7289f31 elementor-widget elementor-widget-spacer\" data-id=\"7289f31\" data-element_type=\"widget\" data-e-type=\"widget\" data-widget_type=\"spacer.default\">\n\t\t\t\t<div class=\"elementor-widget-container\">\n\t\t\t\t\t\t\t<div class=\"elementor-spacer\">\n\t\t\t<div class=\"elementor-spacer-inner\"><\/div>\n\t\t<\/div>\n\t\t\t\t\t\t<\/div>\n\t\t\t\t<\/div>\n\t\t\t\t<div class=\"elementor-element elementor-element-89bf8a2 elementor-widget elementor-widget-heading\" data-id=\"89bf8a2\" data-element_type=\"widget\" data-e-type=\"widget\" data-widget_type=\"heading.default\">\n\t\t\t\t<div class=\"elementor-widget-container\">\n\t\t\t\t\t<h2 class=\"elementor-heading-title elementor-size-default\">Perdonate il nostro progresso.<\/h2>\t\t\t\t<\/div>\n\t\t\t\t<\/div>\n\t\t\t\t<div class=\"elementor-element elementor-element-0d4491f elementor-widget elementor-widget-heading\" data-id=\"0d4491f\" data-element_type=\"widget\" data-e-type=\"widget\" data-widget_type=\"heading.default\">\n\t\t\t\t<div class=\"elementor-widget-container\">\n\t\t\t\t\t<span class=\"elementor-heading-title elementor-size-default\">Risorsa PDF in arrivo!<\/span>\t\t\t\t<\/div>\n\t\t\t\t<\/div>\n\t\t\t\t<div class=\"elementor-element elementor-element-a8bf865 elementor-widget elementor-widget-spacer\" data-id=\"a8bf865\" data-element_type=\"widget\" data-e-type=\"widget\" data-widget_type=\"spacer.default\">\n\t\t\t\t<div class=\"elementor-widget-container\">\n\t\t\t\t\t\t\t<div class=\"elementor-spacer\">\n\t\t\t<div class=\"elementor-spacer-inner\"><\/div>\n\t\t<\/div>\n\t\t\t\t\t\t<\/div>\n\t\t\t\t<\/div>\n\t\t\t\t<\/div>\n\t\t<div class=\"elementor-element elementor-element-a5f6434 e-con-full e-flex e-con e-child\" data-id=\"a5f6434\" data-element_type=\"container\" data-e-type=\"container\">\n\t\t<div class=\"elementor-element elementor-element-9dd3e8d e-con-full e-flex e-con e-child\" data-id=\"9dd3e8d\" data-element_type=\"container\" data-e-type=\"container\" data-settings=\"{&quot;background_background&quot;:&quot;gradient&quot;}\">\n\t\t\t\t<div class=\"elementor-element elementor-element-f37db99 elementor-widget elementor-widget-heading\" data-id=\"f37db99\" data-element_type=\"widget\" data-e-type=\"widget\" data-widget_type=\"heading.default\">\n\t\t\t\t<div class=\"elementor-widget-container\">\n\t\t\t\t\t<h3 class=\"elementor-heading-title elementor-size-default\">Hai ancora bisogno di aiuto? <\/h3>\t\t\t\t<\/div>\n\t\t\t\t<\/div>\n\t\t\t\t<div class=\"elementor-element elementor-element-92fa051 elementor-widget elementor-widget-text-editor\" data-id=\"92fa051\" data-element_type=\"widget\" data-e-type=\"widget\" data-widget_type=\"text-editor.default\">\n\t\t\t\t<div class=\"elementor-widget-container\">\n\t\t\t\t\t\t\t\t\t<p>Per favore <a href=\"https:\/\/upstateinternational.org\/it\/contact\/\">contattaci<\/a> e il nostro team sar\u00e0 lieto di assisterti!<\/p>\t\t\t\t\t\t\t\t<\/div>\n\t\t\t\t<\/div>\n\t\t\t\t<div class=\"elementor-element elementor-element-c9bbd4a elementor-widget elementor-widget-button\" data-id=\"c9bbd4a\" data-element_type=\"widget\" data-e-type=\"widget\" data-widget_type=\"button.default\">\n\t\t\t\t<div class=\"elementor-widget-container\">\n\t\t\t\t\t\t\t\t\t<div class=\"elementor-button-wrapper\">\n\t\t\t\t\t<a class=\"elementor-button elementor-button-link elementor-size-sm\" href=\"https:\/\/upstateinternational.org\/it\/contact\/\">\n\t\t\t\t\t\t<span class=\"elementor-button-content-wrapper\">\n\t\t\t\t\t\t\t\t\t<span class=\"elementor-button-text\">Modulo di contatto<\/span>\n\t\t\t\t\t<\/span>\n\t\t\t\t\t<\/a>\n\t\t\t\t<\/div>\n\t\t\t\t\t\t\t\t<\/div>\n\t\t\t\t<\/div>\n\t\t\t\t<\/div>\n\t\t\t\t<\/div>\n\t\t\t\t\t<\/div>\n\t\t\t\t<\/div>\n\t\t\t\t<\/div>","protected":false},"excerpt":{"rendered":"","protected":false},"author":1,"featured_media":0,"parent":0,"menu_order":0,"comment_status":"closed","ping_status":"closed","template":"","meta":{"_acf_changed":false,"_mo_disable_npp":"","footnotes":""},"class_list":["post-88102","page","type-page","status-publish","hentry"],"acf":[],"_links":{"self":[{"href":"https:\/\/upstateinternational.org\/it\/wp-json\/wp\/v2\/pages\/88102","targetHints":{"allow":["GET"]}}],"collection":[{"href":"https:\/\/upstateinternational.org\/it\/wp-json\/wp\/v2\/pages"}],"about":[{"href":"https:\/\/upstateinternational.org\/it\/wp-json\/wp\/v2\/types\/page"}],"author":[{"embeddable":true,"href":"https:\/\/upstateinternational.org\/it\/wp-json\/wp\/v2\/users\/1"}],"replies":[{"embeddable":true,"href":"https:\/\/upstateinternational.org\/it\/wp-json\/wp\/v2\/comments?post=88102"}],"version-history":[{"count":0,"href":"https:\/\/upstateinternational.org\/it\/wp-json\/wp\/v2\/pages\/88102\/revisions"}],"wp:attachment":[{"href":"https:\/\/upstateinternational.org\/it\/wp-json\/wp\/v2\/media?parent=88102"}],"curies":[{"name":"parola chiave","href":"https:\/\/api.w.org\/{rel}","templated":true}]}}