{"id":88395,"date":"2025-10-11T10:37:04","date_gmt":"2025-10-11T14:37:04","guid":{"rendered":"https:\/\/ui-hybrid.local\/accessibility-statement\/"},"modified":"2025-10-11T10:37:04","modified_gmt":"2025-10-11T14:37:04","slug":"accessibility-statement","status":"publish","type":"page","link":"https:\/\/upstateinternational.org\/it\/accessibility-statement\/","title":{"rendered":"Accessibility statement"},"content":{"rendered":"<h6 class=\"wp-block-heading has-text-align-center\">Dichiarazione di accessibilit\u00e0 per https:\/\/upstateinternational.org<\/h6>\n\n\n<p><strong>Upstate International<\/strong> si impegna a garantire l&#039;accessibilit\u00e0 digitale alle persone con disabilit\u00e0. Miglioriamo costantemente l&#039;esperienza utente per tutti e applichiamo gli standard di accessibilit\u00e0 pertinenti.<\/p>\n\n\n<h6 class=\"wp-block-heading\">Stato di conformit\u00e0<\/h6>\n\n\n<p>Le Linee Guida per l&#039;Accessibilit\u00e0 dei Contenuti Web (WCAG) definiscono i requisiti per progettisti e sviluppatori per migliorare l&#039;accessibilit\u00e0 per le persone con disabilit\u00e0. Definiscono tre livelli di conformit\u00e0: Livello A, Livello AA e Livello AAA.<\/p>\n\n\n<p><strong>Upstate International<\/strong> si impegna costantemente per migliorare l&#039;accessibilit\u00e0 del suo sito e dei suoi servizi, nella convinzione che sia nostro obbligo morale collettivo consentire un utilizzo agevole, accessibile e senza ostacoli per coloro che hanno disabilit\u00e0.<\/p>\n\n\n<p>Il nostro obiettivo \u00e8 rendere tutte le pagine e i contenuti su <strong>https:\/\/upstateinternational.org<\/strong> accessibili, ma alcuni contenuti potrebbero non soddisfare ancora pienamente i pi\u00f9 elevati standard di accessibilit\u00e0. Ci\u00f2 potrebbe essere dovuto alle difficolt\u00e0 nell&#039;individuare la soluzione tecnologica pi\u00f9 adatta.<\/p>\n\n\n<p>Potremmo rivedere periodicamente la presente Informativa per riflettere miglioramenti o modifiche alle nostre pratiche di accessibilit\u00e0.<\/p>\n\n\n<h6 class=\"wp-block-heading\">Feedback<\/h6>\n\n\n<p>Apprezziamo il tuo feedback sull&#039;accessibilit\u00e0 di <strong>Upstate International<\/strong> sito web. Vi preghiamo di segnalarci se riscontrate barriere di accessibilit\u00e0 sul nostro sito web:<\/p>\n\n\n<p>E-mail: <strong>info@upstateinternational.org<\/strong><\/p>\n\n\n<p>Cerchiamo di rispondere ai feedback entro 3-5 giorni lavorativi.<\/p>\n\n\n<p>Questa dichiarazione \u00e8 stata creata il 10\/11\/2025. <\/p>","protected":false},"excerpt":{"rendered":"","protected":false},"author":1,"featured_media":0,"parent":0,"menu_order":0,"comment_status":"closed","ping_status":"closed","template":"","meta":{"_acf_changed":false,"_mo_disable_npp":"","footnotes":""},"class_list":["post-88395","page","type-page","status-publish","hentry"],"acf":[],"_links":{"self":[{"href":"https:\/\/upstateinternational.org\/it\/wp-json\/wp\/v2\/pages\/88395","targetHints":{"allow":["GET"]}}],"collection":[{"href":"https:\/\/upstateinternational.org\/it\/wp-json\/wp\/v2\/pages"}],"about":[{"href":"https:\/\/upstateinternational.org\/it\/wp-json\/wp\/v2\/types\/page"}],"author":[{"embeddable":true,"href":"https:\/\/upstateinternational.org\/it\/wp-json\/wp\/v2\/users\/1"}],"replies":[{"embeddable":true,"href":"https:\/\/upstateinternational.org\/it\/wp-json\/wp\/v2\/comments?post=88395"}],"version-history":[{"count":0,"href":"https:\/\/upstateinternational.org\/it\/wp-json\/wp\/v2\/pages\/88395\/revisions"}],"wp:attachment":[{"href":"https:\/\/upstateinternational.org\/it\/wp-json\/wp\/v2\/media?parent=88395"}],"curies":[{"name":"parola chiave","href":"https:\/\/api.w.org\/{rel}","templated":true}]}}