{"id":84334,"date":"2025-05-01T14:33:14","date_gmt":"2025-05-01T18:33:14","guid":{"rendered":"https:\/\/ui-hybrid.local\/?post_type=product&#038;p=84334"},"modified":"2025-10-31T08:35:11","modified_gmt":"2025-10-31T12:35:11","slug":"english-b1-writing-communication-regular-wednesdays_summer","status":"publish","type":"product","link":"https:\/\/upstateinternational.org\/it\/prodotto\/english-b1-writing-communication-regular-wednesdays_summer\/","title":{"rendered":"Inglese B1 Scrittura e Comunicazione Regolare: Mercoled\u00ec"},"content":{"rendered":"<p><span data-sheets-root=\"1\">Stimola il tuo cervello imparando una nuova lingua o consolidando le tue competenze linguistiche con Upstate International! Imparare una nuova lingua \u00e8 un modo noto per migliorare la capacit\u00e0 di multitasking, migliorare la memoria e le capacit\u00e0 comunicative e migliorare le tue competenze professionali. \u00c8 anche un modo per arricchire le tue esperienze di viaggio, ampliare la tua prospettiva globale e aprirti le porte di tutto il mondo: globalizzazione, giusto? Unisciti a UI in questo viaggio!<\/span><\/p>\n<p>Le lezioni regolari si tengono una volta a settimana per un totale di 75 minuti. Le lezioni intensive si tengono due volte a settimana per un totale di 90 minuti. Gli studenti DEVONO ESSERE membri dell&#039;UI per poter frequentare un corso di lingua. Le lezioni si svolgono online e in presenza. Scorri verso il basso per visualizzare le date di inizio e fine del tuo corso e la sede. Le quote NON SONO RIMBORSABILI, salvo disdetta da parte dell&#039;UI.<\/p>","protected":false},"excerpt":{"rendered":"","protected":false},"featured_media":0,"template":"","meta":{"_acf_changed":false,"_mo_disable_npp":"","wds_primary_product_brand":0,"wds_primary_product_cat":0},"product_brand":[],"product_cat":[132],"product_tag":[136],"class_list":{"0":"post-84334","1":"product","2":"type-product","3":"status-publish","5":"product_cat-language-class","6":"product_tag-english","8":"first","9":"instock","10":"downloadable","11":"virtual","12":"sold-individually","13":"taxable","14":"purchasable","15":"product-type-simple"},"acf":[],"_links":{"self":[{"href":"https:\/\/upstateinternational.org\/it\/wp-json\/wp\/v2\/product\/84334","targetHints":{"allow":["GET"]}}],"collection":[{"href":"https:\/\/upstateinternational.org\/it\/wp-json\/wp\/v2\/product"}],"about":[{"href":"https:\/\/upstateinternational.org\/it\/wp-json\/wp\/v2\/types\/product"}],"version-history":[{"count":0,"href":"https:\/\/upstateinternational.org\/it\/wp-json\/wp\/v2\/product\/84334\/revisions"}],"wp:attachment":[{"href":"https:\/\/upstateinternational.org\/it\/wp-json\/wp\/v2\/media?parent=84334"}],"wp:term":[{"taxonomy":"product_brand","embeddable":true,"href":"https:\/\/upstateinternational.org\/it\/wp-json\/wp\/v2\/product_brand?post=84334"},{"taxonomy":"product_cat","embeddable":true,"href":"https:\/\/upstateinternational.org\/it\/wp-json\/wp\/v2\/product_cat?post=84334"},{"taxonomy":"product_tag","embeddable":true,"href":"https:\/\/upstateinternational.org\/it\/wp-json\/wp\/v2\/product_tag?post=84334"}],"curies":[{"name":"parola chiave","href":"https:\/\/api.w.org\/{rel}","templated":true}]}}