{"id":90363,"date":"2025-01-23T11:49:24","date_gmt":"2025-01-23T16:49:24","guid":{"rendered":"https:\/\/ui-hybrid.local\/product\/spanish-for-the-workplace-b1-wednesdays__trashed-2\/"},"modified":"2025-11-24T09:02:52","modified_gmt":"2025-11-24T14:02:52","slug":"spanish-for-the-workplace-b1-wednesdays__trashed-2","status":"publish","type":"product","link":"https:\/\/upstateinternational.org\/it\/prodotto\/spanish-for-the-workplace-b1-wednesdays__trashed-2\/","title":{"rendered":"Spagnolo per il mondo del lavoro B1+: mercoled\u00ec"},"content":{"rendered":"<p><strong>Di<\/strong><\/p>\n<p><span style=\"font-weight: 400;\">Distinguiti sul lavoro distinguendoti dai tuoi colleghi. Le aziende prosperano grazie alla capacit\u00e0 di soddisfare le esigenze dei clienti, e conoscere una seconda lingua pu\u00f2 aiutare la tua azienda a raggiungere pi\u00f9 persone e ad accedere a mercati precedentemente inesplorati.<\/span><\/p>\n<p><span style=\"font-weight: 400;\">Questo corso \u00e8 pensato per chi lavora con dipendenti o clienti di lingua spagnola e desidera migliorare la propria sicurezza, il proprio comfort e la propria fluidit\u00e0 nella conversazione in spagnolo per le interazioni quotidiane.<\/span><\/p>\n<p><span style=\"font-weight: 400;\">Questi corsi elimineranno le noiose lezioni di grammatica presenti in altri programmi linguistici. Ogni sessione includer\u00e0 approfondimenti culturali e il workshop sar\u00e0 personalizzato per soddisfare le esigenze e le professioni specifiche dei partecipanti.<\/span><\/p>\n<p>&nbsp;<\/p>\n<p><b>Obiettivi del corso<\/b><\/p>\n<p><span style=\"font-weight: 400;\">\u2013 Utilizza efficacemente lo spagnolo sul posto di lavoro.<\/span><\/p>\n<p><span style=\"font-weight: 400;\">\u2013 Amplia il tuo vocabolario attivo esercitandoti nelle conversazioni utilizzando materiali autentici e simulati.<\/span><\/p>\n<p><span style=\"font-weight: 400;\">\u2013 Esercitarsi in vari scenari rilevanti per il posto di lavoro.<\/span><\/p>\n<p><span style=\"font-weight: 400;\">\u2013 Impara a chiedere le informazioni necessarie per compilare moduli e documenti.<\/span><\/p>\n<p><span style=\"font-weight: 400;\">\u2013 Tradurre frasi, brevi testi e domande dall&#039;inglese allo spagnolo.<\/span><\/p>\n<p><span style=\"font-weight: 400;\">\u2013 Migliora le tue capacit\u00e0 di comunicazione culturale.<\/span><\/p>","protected":false},"excerpt":{"rendered":"","protected":false},"featured_media":0,"template":"","meta":{"_acf_changed":false,"_mo_disable_npp":"","wds_primary_product_brand":0,"wds_primary_product_cat":0},"product_brand":[],"product_cat":[132],"product_tag":[134],"class_list":{"0":"post-90363","1":"product","2":"type-product","3":"status-publish","5":"product_cat-language-class","6":"product_tag-spanish","8":"first","9":"instock","10":"downloadable","11":"virtual","12":"taxable","13":"purchasable","14":"product-type-simple"},"acf":[],"_links":{"self":[{"href":"https:\/\/upstateinternational.org\/it\/wp-json\/wp\/v2\/product\/90363","targetHints":{"allow":["GET"]}}],"collection":[{"href":"https:\/\/upstateinternational.org\/it\/wp-json\/wp\/v2\/product"}],"about":[{"href":"https:\/\/upstateinternational.org\/it\/wp-json\/wp\/v2\/types\/product"}],"version-history":[{"count":0,"href":"https:\/\/upstateinternational.org\/it\/wp-json\/wp\/v2\/product\/90363\/revisions"}],"wp:attachment":[{"href":"https:\/\/upstateinternational.org\/it\/wp-json\/wp\/v2\/media?parent=90363"}],"wp:term":[{"taxonomy":"product_brand","embeddable":true,"href":"https:\/\/upstateinternational.org\/it\/wp-json\/wp\/v2\/product_brand?post=90363"},{"taxonomy":"product_cat","embeddable":true,"href":"https:\/\/upstateinternational.org\/it\/wp-json\/wp\/v2\/product_cat?post=90363"},{"taxonomy":"product_tag","embeddable":true,"href":"https:\/\/upstateinternational.org\/it\/wp-json\/wp\/v2\/product_tag?post=90363"}],"curies":[{"name":"parola chiave","href":"https:\/\/api.w.org\/{rel}","templated":true}]}}