{"id":90364,"date":"2025-03-31T14:40:43","date_gmt":"2025-03-31T18:40:43","guid":{"rendered":"https:\/\/ui-hybrid.local\/product\/africa-and-the-global-economy-2\/"},"modified":"2026-02-24T10:53:41","modified_gmt":"2026-02-24T15:53:41","slug":"africa-and-the-global-economy-2","status":"publish","type":"product","link":"https:\/\/upstateinternational.org\/it\/prodotto\/africa-and-the-global-economy-2\/","title":{"rendered":"La rinascita economica dell&#039;Africa: abbattere le barriere, costruire il futuro"},"content":{"rendered":"<p>Domande sull&#039;argomento della discussione:<\/p>\n<p class=\"\" data-start=\"41\" data-end=\"585\"><strong>La signora Gugu Selela<\/strong> esplorer\u00e0 il ruolo in evoluzione dell&#039;Africa nell&#039;economia globale, esaminandone il potenziale economico, le sfide strutturali e le opportunit\u00e0 di trasformazione. L&#039;intervento approfondir\u00e0 i fattori storici e contemporanei che influenzano il panorama economico africano, tra cui l&#039;eredit\u00e0 coloniale, gli squilibri commerciali e gli investimenti esteri. Inoltre, la Sig.ra Selela sottolineer\u00e0 il ruolo cruciale delle donne africane nello sviluppo economico e la necessit\u00e0 di soluzioni guidate dagli africani che diano priorit\u00e0 all&#039;equit\u00e0, all&#039;innovazione e alla prosperit\u00e0 a lungo termine.<\/p>\n<p class=\"\" data-start=\"587\" data-end=\"626\">Le domande chiave da discutere includono:<\/p>\n<ul data-start=\"628\" data-end=\"1314\" data-is-last-node=\"\" data-is-only-node=\"\">\n<li class=\"\" data-start=\"628\" data-end=\"723\">\n<p class=\"\" data-start=\"630\" data-end=\"723\">In che modo la storia coloniale e gli squilibri commerciali hanno plasmato l&#039;attuale posizione economica dell&#039;Africa?<\/p>\n<\/li>\n<li class=\"\" data-start=\"724\" data-end=\"830\">\n<p class=\"\" data-start=\"726\" data-end=\"830\">Quali sfide strutturali continuano a ostacolare la crescita economica dell&#039;Africa e come \u00e8 possibile affrontarle?<\/p>\n<\/li>\n<li class=\"\" data-start=\"831\" data-end=\"951\">\n<p class=\"\" data-start=\"833\" data-end=\"951\">In che modo gli investimenti esteri influiscono sullo sviluppo dell&#039;Africa: sono una via verso il progresso o una forma di dipendenza economica?<\/p>\n<\/li>\n<li class=\"\" data-start=\"952\" data-end=\"1092\">\n<p class=\"\" data-start=\"954\" data-end=\"1092\">Quale ruolo svolgono le donne africane nel guidare la trasformazione economica e in che modo le politiche inclusive di genere possono accelerare una crescita sostenibile?<\/p>\n<\/li>\n<li class=\"\" data-start=\"1093\" data-end=\"1221\">\n<p class=\"\" data-start=\"1095\" data-end=\"1221\">In che modo le nazioni africane possono assumere un ruolo guida nell&#039;elaborazione di politiche economiche che promuovano l&#039;innovazione, l&#039;equit\u00e0 e la prosperit\u00e0 a lungo termine?<\/p>\n<\/li>\n<\/ul>\n<p>&nbsp;<\/p>\n<hr \/>\n<p><em>Beyond the Headlines \u00e8 una serie di conferenze Lunch and Learn che presenta informazioni basate sui fatti sui problemi globali pi\u00f9 urgenti di oggi. Gli eventi vedranno la partecipazione di opinion leader del mondo accademico o di ricerca, che forniranno spunti di riflessione e osservazioni sull&#039;argomento prima di consentire al pubblico di porre domande e partecipare alla discussione. Offrire una piattaforma non politica per argomenti delicati consentir\u00e0 alle persone di ampliare i propri orizzonti e porre domande che facilitino la crescita personale sull&#039;argomento. La serie \u00e8 gratuita, senza pranzo, ed \u00e8 aperta alla comunit\u00e0.<\/em><\/p>","protected":false},"excerpt":{"rendered":"","protected":false},"featured_media":83871,"template":"","meta":{"_acf_changed":false,"_mo_disable_npp":"","wds_primary_product_brand":0,"wds_primary_product_cat":0},"product_brand":[],"product_cat":[146],"product_tag":[],"class_list":{"0":"post-90364","1":"product","2":"type-product","3":"status-publish","4":"has-post-thumbnail","6":"product_cat-events","8":"first","9":"instock","10":"taxable","11":"shipping-taxable","12":"product-type-simple"},"acf":[],"_links":{"self":[{"href":"https:\/\/upstateinternational.org\/it\/wp-json\/wp\/v2\/product\/90364","targetHints":{"allow":["GET"]}}],"collection":[{"href":"https:\/\/upstateinternational.org\/it\/wp-json\/wp\/v2\/product"}],"about":[{"href":"https:\/\/upstateinternational.org\/it\/wp-json\/wp\/v2\/types\/product"}],"version-history":[{"count":2,"href":"https:\/\/upstateinternational.org\/it\/wp-json\/wp\/v2\/product\/90364\/revisions"}],"predecessor-version":[{"id":93789,"href":"https:\/\/upstateinternational.org\/it\/wp-json\/wp\/v2\/product\/90364\/revisions\/93789"}],"wp:featuredmedia":[{"embeddable":true,"href":"https:\/\/upstateinternational.org\/it\/wp-json\/wp\/v2\/media\/83871"}],"wp:attachment":[{"href":"https:\/\/upstateinternational.org\/it\/wp-json\/wp\/v2\/media?parent=90364"}],"wp:term":[{"taxonomy":"product_brand","embeddable":true,"href":"https:\/\/upstateinternational.org\/it\/wp-json\/wp\/v2\/product_brand?post=90364"},{"taxonomy":"product_cat","embeddable":true,"href":"https:\/\/upstateinternational.org\/it\/wp-json\/wp\/v2\/product_cat?post=90364"},{"taxonomy":"product_tag","embeddable":true,"href":"https:\/\/upstateinternational.org\/it\/wp-json\/wp\/v2\/product_tag?post=90364"}],"curies":[{"name":"parola chiave","href":"https:\/\/api.w.org\/{rel}","templated":true}]}}