{"id":90382,"date":"2025-05-06T13:26:41","date_gmt":"2025-05-06T17:26:41","guid":{"rendered":"https:\/\/ui-hybrid.local\/product\/spanish-b2-therapeutic-autobiographical-writing-workshop-2\/"},"modified":"2025-11-24T09:02:54","modified_gmt":"2025-11-24T14:02:54","slug":"spanish-b2-therapeutic-autobiographical-writing-workshop-2","status":"publish","type":"product","link":"https:\/\/upstateinternational.org\/it\/prodotto\/spanish-b2-therapeutic-autobiographical-writing-workshop-2\/","title":{"rendered":"Laboratorio di scrittura terapeutica di spagnolo B2+: luned\u00ec"},"content":{"rendered":"<p>Questo corso \u00e8 un laboratorio di scrittura autobiografica terapeutica, un percorso pratico ed esperienziale. Durante le sessioni, faremo esercizi di scrittura che ti aiuteranno a raccontare le tue esperienze personali e a dar loro un nuovo significato. Allo stesso tempo, avrai l&#039;opportunit\u00e0 di mettere in pratica le tue capacit\u00e0 di scrittura in spagnolo, ampliare il tuo vocabolario e migliorare la tua composizione. \u00c8 un&#039;esperienza unica che ti invita a esplorare le tue storie e le tue esperienze di vita \u2013 e senza dubbio, ne vale la pena.<br \/>\nNon vediamo l&#039;ora di vedervi!<\/p>\n<p>&nbsp;<\/p>\n<table>\n<tbody>\n<tr>\n<td>Obiettivo:<\/td>\n<td>\n<ul>\n<li style=\"font-weight: 400;\" aria-level=\"1\"><span style=\"font-weight: 400;\">Guidare i partecipanti nell&#039;uso della scrittura autobiografica come strumento terapeutico per narrare, esplorare e riformulare momenti o fasi significative della loro vita.<\/span><\/li>\n<\/ul>\n<\/td>\n<\/tr>\n<tr>\n<td>Requisito:<\/td>\n<td>\n<ul>\n<li style=\"font-weight: 400;\" aria-level=\"1\"><span style=\"font-weight: 400;\">Livello spagnolo B2 o superiore<\/span><\/li>\n<\/ul>\n<\/td>\n<\/tr>\n<tr>\n<td>Descrizione del curriculum:<\/td>\n<td>\n<ul>\n<li style=\"font-weight: 400;\" aria-level=\"1\">\u00a0Breve introduzione teorica: <span style=\"font-weight: 400;\">Concetti chiave per contestualizzare ogni argomento.<\/span><\/li>\n<\/ul>\n<ul>\n<li style=\"font-weight: 400;\" aria-level=\"1\">Esercizi di scrittura guidata: <span style=\"font-weight: 400;\">Attivit\u00e0 per esplorare emozioni, esperienze e riformulazioni.<\/span><\/li>\n<\/ul>\n<ul>\n<li style=\"font-weight: 400;\" aria-level=\"1\">Dinamiche di introspezione: <span style=\"font-weight: 400;\">Tecniche come meditazioni guidate e visualizzazioni per entrare in contatto con le esperienze personali.<\/span><\/li>\n<\/ul>\n<ul>\n<li style=\"font-weight: 400;\" aria-level=\"1\">Circoli di scrittura e riflessione: <span style=\"font-weight: 400;\">Spazi di gruppo in cui i partecipanti possono condividere i propri testi e ricevere feedback e ascolto attivo.<\/span><\/li>\n<\/ul>\n<\/td>\n<\/tr>\n<tr>\n<td>Contenuto tematico:<\/td>\n<td>\n<ol>\n<li style=\"font-weight: 400;\" aria-level=\"1\">Introduzione alla scrittura terapeutica\n<ul>\n<li style=\"font-weight: 400;\" aria-level=\"2\"><span style=\"font-weight: 400;\">Che cos&#039;\u00e8 la scrittura terapeutica e quali sono i suoi benefici emotivi?<\/span><\/li>\n<li style=\"font-weight: 400;\" aria-level=\"2\"><span style=\"font-weight: 400;\">La differenza tra scrivere per narrare e scrivere per guarire.<\/span><\/li>\n<li style=\"font-weight: 400;\" aria-level=\"2\"><span style=\"font-weight: 400;\">Esercizi iniziali: liberazione emotiva attraverso le parole.<\/span><\/li>\n<\/ul>\n<\/li>\n<\/ol>\n<ol>\n<li style=\"font-weight: 400;\" aria-level=\"1\">Tecniche di scrittura autobiografica\n<ul>\n<li style=\"font-weight: 400;\" aria-level=\"2\"><span style=\"font-weight: 400;\">Come strutturare una narrazione personale: inizio, sviluppo e conclusione.<\/span><\/li>\n<li style=\"font-weight: 400;\" aria-level=\"2\"><span style=\"font-weight: 400;\">L&#039;importanza dell&#039;onest\u00e0 e della vulnerabilit\u00e0 nella scrittura.<\/span><\/li>\n<li style=\"font-weight: 400;\" aria-level=\"2\"><span style=\"font-weight: 400;\">Utilizzare metafore e simboli per esprimere emozioni profonde.<\/span><\/li>\n<li style=\"font-weight: 400;\" aria-level=\"2\">Esercizio pratico:<span style=\"font-weight: 400;\"> \u201cLa mappa della mia storia\u201d (visualizzazione e scrittura di una cronologia di vita).<\/span><\/li>\n<\/ul>\n<\/li>\n<\/ol>\n<ol>\n<li style=\"font-weight: 400;\" aria-level=\"1\">Esplorare l&#039;esperienza personale\n<ul>\n<li style=\"font-weight: 400;\" aria-level=\"2\"><span style=\"font-weight: 400;\">Identificare i momenti chiave: maternit\u00e0, genitorialit\u00e0 o fasi di trasformazione.<\/span><\/li>\n<li style=\"font-weight: 400;\" aria-level=\"2\"><span style=\"font-weight: 400;\">Riflettere sulle emozioni associate a queste esperienze.<\/span><\/li>\n<li style=\"font-weight: 400;\" aria-level=\"2\">Esercizio pratico:<span style=\"font-weight: 400;\"> \u201cLettere al mio io passato\u201d o \u201cLettere a mio figlio\u201d.\u201d<\/span><\/li>\n<\/ul>\n<\/li>\n<\/ol>\n<ol>\n<li style=\"font-weight: 400;\" aria-level=\"1\">Riformulare la storia personale\n<ul>\n<li style=\"font-weight: 400;\" aria-level=\"2\"><span style=\"font-weight: 400;\">Come dare un nuovo significato alle esperienze difficili.<\/span><\/li>\n<li style=\"font-weight: 400;\" aria-level=\"2\"><span style=\"font-weight: 400;\">Identificare le lezioni apprese, la crescita e i punti di forza.<\/span><\/li>\n<li style=\"font-weight: 400;\" aria-level=\"2\">Esercizio pratico:<span style=\"font-weight: 400;\"> \u201cPrima e dopo\u201d (rivisitare un\u2019esperienza con una nuova prospettiva).<\/span><\/li>\n<\/ul>\n<\/li>\n<\/ol>\n<ol>\n<li style=\"font-weight: 400;\" aria-level=\"1\">Condividere la narrazione: dall&#039;&quot;io&quot; al &quot;noi&quot;\u2018\n<ul>\n<li style=\"font-weight: 400;\" aria-level=\"2\"><span style=\"font-weight: 400;\">I vantaggi della condivisione di storie personali in uno spazio sicuro.<\/span><\/li>\n<li style=\"font-weight: 400;\" aria-level=\"2\"><span style=\"font-weight: 400;\">Costruire una comunit\u00e0 attraverso le parole.<\/span><\/li>\n<li style=\"font-weight: 400;\" aria-level=\"2\"><span style=\"font-weight: 400;\">Esercizio pratico: lettura volontaria di scritti e feedback rispettoso.<\/span><\/li>\n<\/ul>\n<\/li>\n<\/ol>\n<\/td>\n<\/tr>\n<\/tbody>\n<\/table>","protected":false},"excerpt":{"rendered":"","protected":false},"featured_media":0,"template":"","meta":{"_acf_changed":false,"_mo_disable_npp":"","wds_primary_product_brand":0,"wds_primary_product_cat":132},"product_brand":[],"product_cat":[146,132],"product_tag":[134],"class_list":{"0":"post-90382","1":"product","2":"type-product","3":"status-publish","5":"product_cat-events","6":"product_cat-language-class","7":"product_tag-spanish","9":"first","10":"instock","11":"downloadable","12":"virtual","13":"taxable","14":"purchasable","15":"product-type-simple"},"acf":[],"_links":{"self":[{"href":"https:\/\/upstateinternational.org\/it\/wp-json\/wp\/v2\/product\/90382","targetHints":{"allow":["GET"]}}],"collection":[{"href":"https:\/\/upstateinternational.org\/it\/wp-json\/wp\/v2\/product"}],"about":[{"href":"https:\/\/upstateinternational.org\/it\/wp-json\/wp\/v2\/types\/product"}],"version-history":[{"count":0,"href":"https:\/\/upstateinternational.org\/it\/wp-json\/wp\/v2\/product\/90382\/revisions"}],"wp:attachment":[{"href":"https:\/\/upstateinternational.org\/it\/wp-json\/wp\/v2\/media?parent=90382"}],"wp:term":[{"taxonomy":"product_brand","embeddable":true,"href":"https:\/\/upstateinternational.org\/it\/wp-json\/wp\/v2\/product_brand?post=90382"},{"taxonomy":"product_cat","embeddable":true,"href":"https:\/\/upstateinternational.org\/it\/wp-json\/wp\/v2\/product_cat?post=90382"},{"taxonomy":"product_tag","embeddable":true,"href":"https:\/\/upstateinternational.org\/it\/wp-json\/wp\/v2\/product_tag?post=90382"}],"curies":[{"name":"parola chiave","href":"https:\/\/api.w.org\/{rel}","templated":true}]}}