{"id":58677,"date":"2023-07-25T19:51:43","date_gmt":"2023-07-25T23:51:43","guid":{"rendered":"https:\/\/localhost:10096\/?page_id=58677"},"modified":"2025-09-28T11:48:43","modified_gmt":"2025-09-28T15:48:43","slug":"new-to-the-upstate","status":"publish","type":"page","link":"https:\/\/upstateinternational.org\/pt\/new-to-the-upstate\/","title":{"rendered":"Rec\u00e9m-chegado ao interior do estado."},"content":{"rendered":"<div data-elementor-type=\"wp-page\" data-elementor-id=\"58677\" class=\"elementor elementor-58677\" data-elementor-post-type=\"page\">\n\t\t\t\t<div class=\"elementor-element elementor-element-5e6e672 e-flex e-con-boxed e-con e-parent\" data-id=\"5e6e672\" data-element_type=\"container\" data-e-type=\"container\" data-settings=\"{&quot;background_background&quot;:&quot;classic&quot;}\">\n\t\t\t\t\t<div class=\"e-con-inner\">\n\t\t<div class=\"elementor-element elementor-element-e6f5fed e-con-full e-flex e-con e-child\" data-id=\"e6f5fed\" data-element_type=\"container\" data-e-type=\"container\">\n\t\t\t\t<div class=\"elementor-element elementor-element-1418c08 elementor-widget elementor-widget-heading\" data-id=\"1418c08\" data-element_type=\"widget\" data-e-type=\"widget\" data-widget_type=\"heading.default\">\n\t\t\t\t<div class=\"elementor-widget-container\">\n\t\t\t\t\t<h1 class=\"elementor-heading-title elementor-size-default\">Chegou recentemente ao Upstate?<\/h1>\t\t\t\t<\/div>\n\t\t\t\t<\/div>\n\t\t\t\t<div class=\"elementor-element elementor-element-cb54276 elementor-widget elementor-widget-heading\" data-id=\"cb54276\" data-element_type=\"widget\" data-e-type=\"widget\" data-widget_type=\"heading.default\">\n\t\t\t\t<div class=\"elementor-widget-container\">\n\t\t\t\t\t<span class=\"elementor-heading-title elementor-size-default\">Recursos para nossa comunidade no interior do estado<\/span>\t\t\t\t<\/div>\n\t\t\t\t<\/div>\n\t\t\t\t<\/div>\n\t\t\t\t\t<\/div>\n\t\t\t\t<\/div>\n\t\t<div class=\"elementor-element elementor-element-959137a e-flex e-con-boxed e-con e-parent\" data-id=\"959137a\" data-element_type=\"container\" data-e-type=\"container\">\n\t\t\t\t\t<div class=\"e-con-inner\">\n\t\t<div class=\"elementor-element elementor-element-f9a587f e-con-full e-flex e-con e-child\" data-id=\"f9a587f\" data-element_type=\"container\" data-e-type=\"container\">\n\t\t\t\t<div class=\"elementor-element elementor-element-5579ee4 elementor-widget elementor-widget-heading\" data-id=\"5579ee4\" data-element_type=\"widget\" data-e-type=\"widget\" data-widget_type=\"heading.default\">\n\t\t\t\t<div class=\"elementor-widget-container\">\n\t\t\t\t\t<h3 class=\"elementor-heading-title elementor-size-default\">Bem-vindo(a) ao Upstate!<\/h3>\t\t\t\t<\/div>\n\t\t\t\t<\/div>\n\t\t\t\t<div class=\"elementor-element elementor-element-05b37ba elementor-widget elementor-widget-text-editor\" data-id=\"05b37ba\" data-element_type=\"widget\" data-e-type=\"widget\" data-widget_type=\"text-editor.default\">\n\t\t\t\t<div class=\"elementor-widget-container\">\n\t\t\t\t\t\t\t\t\t<p>A Upstate International tem o prazer de lhe dar as boas-vindas \u00e0 comunidade Upstate! Mudar para um novo pa\u00eds ou estado \u00e9 uma das aventuras mais emocionantes \u2013 e desafiadoras \u2013 que voc\u00ea jamais viver\u00e1. Na Upstate International, nosso objetivo \u00e9 ajud\u00e1-lo(a) a se sentir confiante para se integrar \u00e0 comunidade Upstate, prosperar e encontrar o seu lugar. A UI oferece recursos relacionados a aspectos essenciais da vida di\u00e1ria para auxiliar na sua adapta\u00e7\u00e3o. Sinta-se em casa!<\/p>\t\t\t\t\t\t\t\t<\/div>\n\t\t\t\t<\/div>\n\t\t<div class=\"elementor-element elementor-element-1f12769 e-con-full e-flex e-con e-child\" data-id=\"1f12769\" data-element_type=\"container\" data-e-type=\"container\" data-settings=\"{&quot;background_background&quot;:&quot;gradient&quot;}\">\n\t\t\t\t<div class=\"elementor-element elementor-element-6398e4c elementor-widget elementor-widget-text-editor\" data-id=\"6398e4c\" data-element_type=\"widget\" data-e-type=\"widget\" data-widget_type=\"text-editor.default\">\n\t\t\t\t<div class=\"elementor-widget-container\">\n\t\t\t\t\t\t\t\t\t<p><strong>OBSERVE:<\/strong> A Upstate International n\u00e3o endossa nenhuma das entidades listadas aqui e n\u00e3o pode ser responsabilizada por problemas resultantes de transa\u00e7\u00f5es privadas. Os indiv\u00edduos devem usar seu pr\u00f3prio crit\u00e9rio ao avaliar o m\u00e9rito dos contatos listados aqui. Se voc\u00ea deseja que sua empresa seja inclu\u00edda abaixo, por favor... <a href=\"mailto:tracie@upstateinternational.org\" rel=\"noopener noreferrer\">Entre em contato com o Diretor Executivo da Upstate International.<\/a>.<\/p>\t\t\t\t\t\t\t\t<\/div>\n\t\t\t\t<\/div>\n\t\t\t\t<\/div>\n\t\t\t\t<\/div>\n\t\t<div class=\"elementor-element elementor-element-88a634b e-con-full e-flex e-con e-child\" data-id=\"88a634b\" data-element_type=\"container\" data-e-type=\"container\">\n\t\t\t\t<div class=\"elementor-element elementor-element-8c99412 elementor-widget elementor-widget-image\" data-id=\"8c99412\" data-element_type=\"widget\" data-e-type=\"widget\" data-widget_type=\"image.default\">\n\t\t\t\t<div class=\"elementor-widget-container\">\n\t\t\t\t\t\t\t\t\t\t\t\t\t\t\t<img fetchpriority=\"high\" decoding=\"async\" width=\"800\" height=\"492\" src=\"https:\/\/upstateinternational.org\/wp-content\/uploads\/2023\/07\/upstate-international-oldergroup-1024x630.jpg\" class=\"attachment-large size-large wp-image-58743\" alt=\"\" srcset=\"https:\/\/upstateinternational.org\/wp-content\/uploads\/2023\/07\/upstate-international-oldergroup-1024x630.jpg 1024w, https:\/\/upstateinternational.org\/wp-content\/uploads\/2023\/07\/upstate-international-oldergroup-600x369.jpg 600w, https:\/\/upstateinternational.org\/wp-content\/uploads\/2023\/07\/upstate-international-oldergroup-300x185.jpg 300w, https:\/\/upstateinternational.org\/wp-content\/uploads\/2023\/07\/upstate-international-oldergroup-768x473.jpg 768w, https:\/\/upstateinternational.org\/wp-content\/uploads\/2023\/07\/upstate-international-oldergroup.jpg 1300w\" sizes=\"(max-width: 800px) 100vw, 800px\" \/>\t\t\t\t\t\t\t\t\t\t\t\t\t\t\t<\/div>\n\t\t\t\t<\/div>\n\t\t\t\t<\/div>\n\t\t<div class=\"elementor-element elementor-element-5d34a28 e-con-full e-flex e-con e-child\" data-id=\"5d34a28\" data-element_type=\"container\" data-e-type=\"container\" data-settings=\"{&quot;background_background&quot;:&quot;classic&quot;}\">\n\t\t\t\t<div class=\"elementor-element elementor-element-db46b02 elementor-widget elementor-widget-heading\" data-id=\"db46b02\" data-element_type=\"widget\" data-e-type=\"widget\" data-widget_type=\"heading.default\">\n\t\t\t\t<div class=\"elementor-widget-container\">\n\t\t\t\t\t<h2 class=\"elementor-heading-title elementor-size-default\">PDF DE RECURSOS<\/h2>\t\t\t\t<\/div>\n\t\t\t\t<\/div>\n\t\t\t\t<\/div>\n\t\t\t\t\t<\/div>\n\t\t\t\t<\/div>\n\t\t\t\t<\/div>","protected":false},"excerpt":{"rendered":"","protected":false},"author":1,"featured_media":0,"parent":0,"menu_order":0,"comment_status":"closed","ping_status":"closed","template":"","meta":{"_acf_changed":false,"_mo_disable_npp":"","footnotes":""},"class_list":["post-58677","page","type-page","status-publish","hentry"],"acf":[],"_links":{"self":[{"href":"https:\/\/upstateinternational.org\/pt\/wp-json\/wp\/v2\/pages\/58677","targetHints":{"allow":["GET"]}}],"collection":[{"href":"https:\/\/upstateinternational.org\/pt\/wp-json\/wp\/v2\/pages"}],"about":[{"href":"https:\/\/upstateinternational.org\/pt\/wp-json\/wp\/v2\/types\/page"}],"author":[{"embeddable":true,"href":"https:\/\/upstateinternational.org\/pt\/wp-json\/wp\/v2\/users\/1"}],"replies":[{"embeddable":true,"href":"https:\/\/upstateinternational.org\/pt\/wp-json\/wp\/v2\/comments?post=58677"}],"version-history":[{"count":0,"href":"https:\/\/upstateinternational.org\/pt\/wp-json\/wp\/v2\/pages\/58677\/revisions"}],"wp:attachment":[{"href":"https:\/\/upstateinternational.org\/pt\/wp-json\/wp\/v2\/media?parent=58677"}],"curies":[{"name":"wp","href":"https:\/\/api.w.org\/{rel}","templated":true}]}}