{"id":60454,"date":"2023-08-19T07:24:19","date_gmt":"2023-08-19T11:24:19","guid":{"rendered":"https:\/\/localhost:10096\/?page_id=60454"},"modified":"2023-08-19T08:16:16","modified_gmt":"2023-08-19T12:16:16","slug":"educational-materials","status":"publish","type":"page","link":"https:\/\/upstateinternational.org\/pt\/educational-materials\/","title":{"rendered":"Materiais Educacionais"},"content":{"rendered":"<div data-elementor-type=\"wp-page\" data-elementor-id=\"60454\" class=\"elementor elementor-60454\" data-elementor-post-type=\"page\">\n\t\t\t\t<div class=\"elementor-element elementor-element-7ce3eec1 e-flex e-con-boxed e-con e-parent\" data-id=\"7ce3eec1\" data-element_type=\"container\" data-e-type=\"container\" data-settings=\"{&quot;background_background&quot;:&quot;classic&quot;}\">\n\t\t\t\t\t<div class=\"e-con-inner\">\n\t\t<div class=\"elementor-element elementor-element-6ecf38d1 e-con-full e-flex e-con e-parent\" data-id=\"6ecf38d1\" data-element_type=\"container\" data-e-type=\"container\">\n\t\t\t\t<div class=\"elementor-element elementor-element-20744d5b elementor-widget elementor-widget-heading\" data-id=\"20744d5b\" data-element_type=\"widget\" data-e-type=\"widget\" data-widget_type=\"heading.default\">\n\t\t\t\t<div class=\"elementor-widget-container\">\n\t\t\t\t\t<h2 class=\"elementor-heading-title elementor-size-default\">Aprenda como aprender mais<\/h2>\t\t\t\t<\/div>\n\t\t\t\t<\/div>\n\t\t\t\t<\/div>\n\t\t\t\t\t<\/div>\n\t\t\t\t<\/div>\n\t\t<div class=\"elementor-element elementor-element-8d52bb2 e-flex e-con-boxed e-con e-parent\" data-id=\"8d52bb2\" data-element_type=\"container\" data-e-type=\"container\">\n\t\t\t\t\t<div class=\"e-con-inner\">\n\t\t<div class=\"elementor-element elementor-element-90d5da7 e-con-full e-flex e-con e-parent\" data-id=\"90d5da7\" data-element_type=\"container\" data-e-type=\"container\">\n\t\t\t\t<div class=\"elementor-element elementor-element-c9205ba elementor-widget elementor-widget-image\" data-id=\"c9205ba\" data-element_type=\"widget\" data-e-type=\"widget\" data-widget_type=\"image.default\">\n\t\t\t\t<div class=\"elementor-widget-container\">\n\t\t\t\t\t\t\t\t\t\t\t\t\t\t\t<img fetchpriority=\"high\" decoding=\"async\" width=\"800\" height=\"533\" src=\"https:\/\/upstateinternational.org\/wp-content\/uploads\/2023\/08\/brooke-cagle-g1Kr4Ozfoac-unsplash-scaled-1-1024x682.jpg\" class=\"attachment-large size-large wp-image-60496\" alt=\"\" srcset=\"https:\/\/upstateinternational.org\/wp-content\/uploads\/2023\/08\/brooke-cagle-g1Kr4Ozfoac-unsplash-scaled-1-1024x682.jpg 1024w, https:\/\/upstateinternational.org\/wp-content\/uploads\/2023\/08\/brooke-cagle-g1Kr4Ozfoac-unsplash-scaled-1-600x400.jpg 600w, https:\/\/upstateinternational.org\/wp-content\/uploads\/2023\/08\/brooke-cagle-g1Kr4Ozfoac-unsplash-scaled-1-300x200.jpg 300w, https:\/\/upstateinternational.org\/wp-content\/uploads\/2023\/08\/brooke-cagle-g1Kr4Ozfoac-unsplash-scaled-1-768x512.jpg 768w, https:\/\/upstateinternational.org\/wp-content\/uploads\/2023\/08\/brooke-cagle-g1Kr4Ozfoac-unsplash-scaled-1-1536x1024.jpg 1536w, https:\/\/upstateinternational.org\/wp-content\/uploads\/2023\/08\/brooke-cagle-g1Kr4Ozfoac-unsplash-scaled-1.jpg 2000w\" sizes=\"(max-width: 800px) 100vw, 800px\" \/>\t\t\t\t\t\t\t\t\t\t\t\t\t\t\t<\/div>\n\t\t\t\t<\/div>\n\t\t\t\t<\/div>\n\t\t<div class=\"elementor-element elementor-element-811761b e-con-full e-flex e-con e-parent\" data-id=\"811761b\" data-element_type=\"container\" data-e-type=\"container\">\n\t\t\t\t<div class=\"elementor-element elementor-element-7591027 elementor-widget elementor-widget-heading\" data-id=\"7591027\" data-element_type=\"widget\" data-e-type=\"widget\" data-widget_type=\"heading.default\">\n\t\t\t\t<div class=\"elementor-widget-container\">\n\t\t\t\t\t<h3 class=\"elementor-heading-title elementor-size-default\">Recursos valiosos para educa\u00e7\u00e3o e crescimento<\/h3>\t\t\t\t<\/div>\n\t\t\t\t<\/div>\n\t\t\t\t<div class=\"elementor-element elementor-element-fd8a0c1 elementor-widget elementor-widget-heading\" data-id=\"fd8a0c1\" data-element_type=\"widget\" data-e-type=\"widget\" data-widget_type=\"heading.default\">\n\t\t\t\t<div class=\"elementor-widget-container\">\n\t\t\t\t\t<h3 class=\"elementor-heading-title elementor-size-default\">Educar os outros, e a n\u00f3s mesmos, sobre diferentes pa\u00edses e culturas continua sendo um dos principais objetivos da Upstate International.<\/h3>\t\t\t\t<\/div>\n\t\t\t\t<\/div>\n\t\t\t\t<div class=\"elementor-element elementor-element-f9fe94e elementor-widget elementor-widget-text-editor\" data-id=\"f9fe94e\" data-element_type=\"widget\" data-e-type=\"widget\" data-widget_type=\"text-editor.default\">\n\t\t\t\t<div class=\"elementor-widget-container\">\n\t\t\t\t\t\t\t\t\t<p>Apresentamos abaixo uma lista de recursos valiosos, refer\u00eancias e materiais educativos para promover a aprendizagem multicultural.<\/p><p>Fique \u00e0 vontade para navegar, baixar ou compartilhar qualquer uma das informa\u00e7\u00f5es abaixo.<\/p>\t\t\t\t\t\t\t\t<\/div>\n\t\t\t\t<\/div>\n\t\t\t\t<\/div>\n\t\t\t\t\t<\/div>\n\t\t\t\t<\/div>\n\t\t<div class=\"elementor-element elementor-element-7ace50a e-flex e-con-boxed e-con e-parent\" data-id=\"7ace50a\" data-element_type=\"container\" data-e-type=\"container\">\n\t\t\t\t\t<div class=\"e-con-inner\">\n\t\t\t\t<div class=\"elementor-element elementor-element-8c20649 elementor-widget elementor-widget-html\" data-id=\"8c20649\" data-element_type=\"widget\" data-e-type=\"widget\" data-widget_type=\"html.default\">\n\t\t\t\t<div class=\"elementor-widget-container\">\n\t\t\t\t\t<script>\n\/* Automatically close the mobile accordion from the tabs element on mobile *\/\nwindow.addEventListener('load', function() {\nsetTimeout(function(){\n    if (window.innerWidth < 768) return;\n\nlet tabsElems = document.querySelectorAll('.e-n-tabs')\ntabsElems.forEach(e => {\nlet activeTitles = e.querySelectorAll('.e-n-tab-title.e-active');\nlet activeContent = e.querySelector('.e-con.e-active')\nactiveContent.style.display = 'none';\nactiveTitles.forEach(activeTitle => activeTitle.classList.remove('e-active'));\nactiveContent.classList.remove('e-active');\nactiveContent.setAttribute('hidden', 'hidden');\nactiveTitles.forEach(activeTitle => activeTitle.setAttribute('aria-expanded', false));\nactiveTitles.forEach(activeTitle => activeTitle.setAttribute('aria-selected', false));\nactiveTitles.forEach(activeTitle => activeTitle.setAttribute('tabindex', -1));\nactiveTitles.forEach(activeTitle => {\nactiveTitle.addEventListener('click', function () {\nactiveTitles.forEach(activeTitle => activeTitle.classList.add('e-active'));\nactiveContent.classList.add('e-active');\nactiveContent.removeAttribute('hidden');\nactiveTitles.forEach(activeTitle => activeTitle.setAttribute('aria-expanded', true));\nactiveTitles.forEach(activeTitle => activeTitle.setAttribute('aria-selected', true));\nactiveTitles.forEach(activeTitle => activeTitle.setAttribute('tabindex', 0));\nactiveContent.style.display = 'flex';\n}, { once: true })\n});\n});\n},300);\n});\n\n<\/script>\n\t\t\t\t<\/div>\n\t\t\t\t<\/div>\n\t\t\t\t<div class=\"elementor-element elementor-element-082e6ca e-n-tabs-mobile elementor-widget elementor-widget-n-tabs\" data-id=\"082e6ca\" data-element_type=\"widget\" data-e-type=\"widget\" data-widget_type=\"nested-tabs.default\">\n\t\t\t\t<div class=\"elementor-widget-container\">\n\t\t\t\t\t\t\t<div class=\"e-n-tabs\" data-widget-number=\"8578762\" aria-label=\"Sarkainn\u00e4pp\u00e4imet. Avaa kohteita Enterill\u00e4 tai v\u00e4lily\u00f6nnill\u00e4, sulje Esc-n\u00e4pp\u00e4imell\u00e4 ja siirry nuolin\u00e4pp\u00e4imill\u00e4.\" data-no-translation-aria-label=\"\">\n\t\t\t<div class=\"e-n-tabs-heading\" role=\"tablist\">\n\t\t\t\t\t<button id=\"e-n-tab-title-85787621\" data-tab-title-id=\"e-n-tab-title-85787621\" class=\"e-n-tab-title\" aria-selected=\"true\" data-tab-index=\"1\" role=\"tab\" tabindex=\"0\" aria-controls=\"e-n-tab-content-85787621\" style=\"--n-tabs-title-order: 1;\">\n\t\t\t\t\t\t<span class=\"e-n-tab-title-text\">\n\t\t\t\tLeituras comunit\u00e1rias de livros\t\t\t<\/span>\n\t\t<\/button>\n\t\t\t\t<button id=\"e-n-tab-title-85787622\" data-tab-title-id=\"e-n-tab-title-85787622\" class=\"e-n-tab-title\" aria-selected=\"false\" data-tab-index=\"2\" role=\"tab\" tabindex=\"-1\" aria-controls=\"e-n-tab-content-85787622\" style=\"--n-tabs-title-order: 2;\">\n\t\t\t\t\t\t<span class=\"e-n-tab-title-text\">\n\t\t\t\tConcurso Regional de Arte para o Ensino Fundamental e M\u00e9dio\t\t\t<\/span>\n\t\t<\/button>\n\t\t\t\t<button id=\"e-n-tab-title-85787623\" data-tab-title-id=\"e-n-tab-title-85787623\" class=\"e-n-tab-title\" aria-selected=\"false\" data-tab-index=\"3\" role=\"tab\" tabindex=\"-1\" aria-controls=\"e-n-tab-content-85787623\" style=\"--n-tabs-title-order: 3;\">\n\t\t\t\t\t\t<span class=\"e-n-tab-title-text\">\n\t\t\t\tSemana Nacional das L\u00ednguas Estrangeiras\t\t\t<\/span>\n\t\t<\/button>\n\t\t\t\t<button id=\"e-n-tab-title-85787624\" data-tab-title-id=\"e-n-tab-title-85787624\" class=\"e-n-tab-title\" aria-selected=\"false\" data-tab-index=\"4\" role=\"tab\" tabindex=\"-1\" aria-controls=\"e-n-tab-content-85787624\" style=\"--n-tabs-title-order: 4;\">\n\t\t\t\t\t\t<span class=\"e-n-tab-title-text\">\n\t\t\t\tConcurso de Ensaios Fotogr\u00e1ficos\t\t\t<\/span>\n\t\t<\/button>\n\t\t\t\t<button id=\"e-n-tab-title-85787625\" data-tab-title-id=\"e-n-tab-title-85787625\" class=\"e-n-tab-title\" aria-selected=\"false\" data-tab-index=\"5\" role=\"tab\" tabindex=\"-1\" aria-controls=\"e-n-tab-content-85787625\" style=\"--n-tabs-title-order: 5;\">\n\t\t\t\t\t\t<span class=\"e-n-tab-title-text\">\n\t\t\t\tAprendizagem online gratuita\t\t\t<\/span>\n\t\t<\/button>\n\t\t\t\t\t<\/div>\n\t\t\t<div class=\"e-n-tabs-content\">\n\t\t\t\t<div id=\"e-n-tab-content-85787621\" role=\"tabpanel\" aria-labelledby=\"e-n-tab-title-85787621\" data-tab-index=\"1\" style=\"--n-tabs-title-order: 1;\" class=\"e-active elementor-element elementor-element-3989c49 e-con-full e-flex e-con e-parent\" data-id=\"3989c49\" data-element_type=\"container\" data-e-type=\"container\">\n\t\t\t\t<div class=\"elementor-element elementor-element-ef6313b elementor-widget elementor-widget-heading\" data-id=\"ef6313b\" data-element_type=\"widget\" data-e-type=\"widget\" data-widget_type=\"heading.default\">\n\t\t\t\t<div class=\"elementor-widget-container\">\n\t\t\t\t\t<div class=\"elementor-heading-title elementor-size-default\">Todo m\u00eas de mar\u00e7o, anualmente: \u201cAprenda um idioma estrangeiro; adquira uma nova perspectiva!\u201d<\/div>\t\t\t\t<\/div>\n\t\t\t\t<\/div>\n\t\t\t\t<div class=\"elementor-element elementor-element-3dafe5d elementor-widget elementor-widget-text-editor\" data-id=\"3dafe5d\" data-element_type=\"widget\" data-e-type=\"widget\" data-widget_type=\"text-editor.default\">\n\t\t\t\t<div class=\"elementor-widget-container\">\n\t\t\t\t\t\t\t\t\t<ul><li>Organize um concurso de videocasts para seus alunos! Promova o estudo de l\u00ednguas estrangeiras no ensino fundamental em seu distrito.<\/li><li>Crie uma conta no Facebook ou no Twitter para o seu clube de l\u00ednguas estrangeiras.<\/li><li>Crie um site em l\u00edngua estrangeira relatando as atividades da semana; publique-o no site do seu distrito.<\/li><li>Desafie seus alunos a fazer o\u00a0<a href=\"http:\/\/www.actfl.org\/\" target=\"_blank\" rel=\"noopener noreferrer\">\u201cVoc\u00ea \u00e9 mais inteligente que um professor de idiomas?\u201d<\/a>\u00a0Question\u00e1rio dispon\u00edvel no site da ACTFL.<\/li><li>Incentive os alunos a ingressarem em sociedades de honra de l\u00ednguas estrangeiras patrocinadas pela AATF, AATSP, AATI e AATG, e divulgue o evento no jornal local.<\/li><li>Convide os administradores para sua sala de aula para ver os projetos e atividades atuais dos alunos.<\/li><li>Convide administradores para avaliarem as atividades de l\u00ednguas estrangeiras.<\/li><li>Organize um festival de cinema em l\u00edngua estrangeira para sua escola e\/ou comunidade.<\/li><li>Convide os pais dos seus alunos que est\u00e3o aprendendo a l\u00edngua materna para visitarem a sua sala de aula, compartilharem suas experi\u00eancias e reconhecerem o seu valor.<\/li><li>Incentive os alunos a criarem adesivos para carros, camisetas, slogans, bot\u00f5es, etc., e a us\u00e1-los durante a Semana da L\u00edngua Estrangeira.<\/li><li>Crie uma ca\u00e7a ao tesouro online para seus alunos.<\/li><li>Toque m\u00fasicas internacionais durante os an\u00fancios di\u00e1rios e deixe que alunos e funcion\u00e1rios as identifiquem.<\/li><li>Leve os alunos a uma reuni\u00e3o do Conselho de Educa\u00e7\u00e3o e pe\u00e7a-lhes que abordem o tema da import\u00e2ncia do estudo de uma segunda l\u00edngua.<\/li><li>Solicite ao Conselho Escolar que fa\u00e7a uma proclama\u00e7\u00e3o da Semana das L\u00ednguas Estrangeiras.<\/li><li>Pe\u00e7a aos seus alunos que criem cartazes para promover o seu aprendizado da l\u00edngua estrangeira.\u00a0<a href=\"http:\/\/www.glogster.com\/\" target=\"_blank\" rel=\"noopener noreferrer\">www.glogster.com<\/a><\/li><li>Pe\u00e7a aos alunos que identifiquem sua l\u00edngua materna em grandes pain\u00e9is na parede ou em impress\u00f5es de m\u00e3os e que escrevam mensagens em suas l\u00ednguas de heran\u00e7a.<\/li><li>Organize um concurso de \u00eddolos com m\u00fasicas e can\u00e7\u00f5es internacionais.<\/li><li>Apresente informa\u00e7\u00f5es importantes sobre comunicados di\u00e1rios em v\u00e1rios idiomas. Convide falantes nativos para ler uma hist\u00f3ria aut\u00eantica da inf\u00e2ncia, pertencente \u00e0 cultura-alvo, em seu pr\u00f3prio idioma, e para discuti-la no idioma-alvo.<\/li><li>Organize uma Feira Internacional de Carreiras e convide membros da comunidade e parceiros comerciais para participar.<\/li><li>Envie um comunicado de imprensa destacando todas as suas atividades da Semana da L\u00edngua Estrangeira para emissoras de TV, r\u00e1dio e jornais locais.<\/li><li>Realizar uma pesquisa com os funcion\u00e1rios sobre idiomas estudados\/falados, experi\u00eancias de interc\u00e2mbio, experi\u00eancias de viagem, patrim\u00f4nio cultural e divulgar os resultados.<\/li><li>Organize um evento intitulado &quot;Pessoas que Inspiram&quot; para destacar as conquistas de membros multil\u00edngues\/multiculturais da sua comunidade.<\/li><li>Organizar ou ser anfitri\u00e3o de um jantar\/festival\/concerto internacional.<\/li><li>Realize uma videoconfer\u00eancia ao vivo com uma escola da cultura-alvo sobre um t\u00f3pico de estudo.<\/li><li>Convide dan\u00e7arinos\/m\u00fasicos profissionais para se apresentarem para os alunos.<\/li><li><a href=\"http:\/\/www.actfl.org\/advocacy\" target=\"_blank\" rel=\"noopener noreferrer\">Defesa do Idioma Estrangeiro pela ACTFL<\/a>. Dicas sobre como se tornar um defensor de l\u00ednguas estrangeiras em sua comunidade.<\/li><li><a href=\"http:\/\/www.nysaflt.org\/advocacy\/documents.shtml\" target=\"_blank\" rel=\"noopener noreferrer\">Associa\u00e7\u00e3o de Professores de L\u00ednguas Estrangeiras de Nova Iorque<\/a>. Um reposit\u00f3rio de materiais de defesa de causas, incluindo pontos de discuss\u00e3o, benef\u00edcios do estudo de um segundo idioma, modelos de cartas de apoio, artigos relacionados a neg\u00f3cios, mercado de trabalho, defesa nacional e outros.<\/li><li><a href=\"http:\/\/clta.net\/advocacy\/\" target=\"_blank\" rel=\"noopener noreferrer\">Associa\u00e7\u00e3o de Professores de L\u00ednguas Estrangeiras da Calif\u00f3rnia<\/a>. Links para uma ampla variedade de materiais, incluindo dicas sobre como divulgar seus eventos e exemplos de comunicados de imprensa \u2013<\/li><li><a href=\"http:\/\/www.flageorgia.org\/advocacy.htm\" target=\"_blank\" rel=\"noopener noreferrer\">Associa\u00e7\u00e3o de L\u00ednguas Estrangeiras da Ge\u00f3rgia<\/a>.<\/li><li><a href=\"http:\/\/calper.la.psu.edu\/resources.php?page=langadv\" target=\"_blank\" rel=\"noopener noreferrer\">Centro de Educa\u00e7\u00e3o e Pesquisa em Profici\u00eancia Lingu\u00edstica Avan\u00e7ada da Universidade Estadual da Pensilv\u00e2nia (CALPER)<\/a>. Documentos, artigos de opini\u00e3o e not\u00edcias.<\/li><\/ul>\t\t\t\t\t\t\t\t<\/div>\n\t\t\t\t<\/div>\n\t\t\t\t<\/div>\n\t\t<div id=\"e-n-tab-content-85787622\" role=\"tabpanel\" aria-labelledby=\"e-n-tab-title-85787622\" data-tab-index=\"2\" style=\"--n-tabs-title-order: 2;\" class=\"elementor-element elementor-element-3fb9d9d e-con-full e-flex e-con e-parent\" data-id=\"3fb9d9d\" data-element_type=\"container\" data-e-type=\"container\">\n\t\t\t\t<div class=\"elementor-element elementor-element-3b679de elementor-widget elementor-widget-heading\" data-id=\"3b679de\" data-element_type=\"widget\" data-e-type=\"widget\" data-widget_type=\"heading.default\">\n\t\t\t\t<div class=\"elementor-widget-container\">\n\t\t\t\t\t<div class=\"elementor-heading-title elementor-size-default\">\u201cO mundo n\u00e3o passa de uma tela para a nossa imagina\u00e7\u00e3o\u201d \u00e9 o tema do Concurso Internacional de Arte K12 de Upstate de 2018.<\/div>\t\t\t\t<\/div>\n\t\t\t\t<\/div>\n\t\t\t\t<div class=\"elementor-element elementor-element-bc249b7 elementor-widget elementor-widget-text-editor\" data-id=\"bc249b7\" data-element_type=\"widget\" data-e-type=\"widget\" data-widget_type=\"text-editor.default\">\n\t\t\t\t<div class=\"elementor-widget-container\">\n\t\t\t\t\t\t\t\t\t<p>Escolas de toda a regi\u00e3o do Upstate est\u00e3o convidadas a participar deste Concurso de Arte do Upstate nos n\u00edveis fundamental, m\u00e9dio e superior. Os vencedores do 2\u00ba e 3\u00ba lugares de cada categoria podem ganhar pr\u00eamios em dinheiro. Al\u00e9m disso, o programa de arte de cada escola que tiver um vencedor tamb\u00e9m poder\u00e1 receber um pr\u00eamio em dinheiro. Para obter informa\u00e7\u00f5es completas sobre o concurso e o regulamento, <a href=\"http:\/\/files.constantcontact.com\/fdaea5d5101\/9763018d-20da-4fff-8012-2d33bcff1d8d.pdf?ver=1495818168000\">Clique aqui.<\/a><\/p>\t\t\t\t\t\t\t\t<\/div>\n\t\t\t\t<\/div>\n\t\t\t\t<\/div>\n\t\t<div id=\"e-n-tab-content-85787623\" role=\"tabpanel\" aria-labelledby=\"e-n-tab-title-85787623\" data-tab-index=\"3\" style=\"--n-tabs-title-order: 3;\" class=\"elementor-element elementor-element-212c214 e-con-full e-flex e-con e-parent\" data-id=\"212c214\" data-element_type=\"container\" data-e-type=\"container\">\n\t\t\t\t<div class=\"elementor-element elementor-element-4e46d9a elementor-widget elementor-widget-text-editor\" data-id=\"4e46d9a\" data-element_type=\"widget\" data-e-type=\"widget\" data-widget_type=\"text-editor.default\">\n\t\t\t\t<div class=\"elementor-widget-container\">\n\t\t\t\t\t\t\t\t\t<ul><li>Organize uma reuni\u00e3o com foco internacional, com um palestrante, DVD e\/ou m\u00fasica.<\/li><li>Crie uma exposi\u00e7\u00e3o que apresente uma parte diferente do mundo.<\/li><li>Pe\u00e7a a algu\u00e9m de outro pa\u00eds para falar sobre programas semelhantes.<\/li><li>Pe\u00e7a aos funcion\u00e1rios\/clientes que s\u00e3o de primeira gera\u00e7\u00e3o que falem sobre as semelhan\u00e7as e diferen\u00e7as nas organiza\u00e7\u00f5es e pr\u00e1ticas em seus pa\u00edses de origem.<\/li><\/ul>\t\t\t\t\t\t\t\t<\/div>\n\t\t\t\t<\/div>\n\t\t\t\t<\/div>\n\t\t<div id=\"e-n-tab-content-85787624\" role=\"tabpanel\" aria-labelledby=\"e-n-tab-title-85787624\" data-tab-index=\"4\" style=\"--n-tabs-title-order: 4;\" class=\"elementor-element elementor-element-7e61ca2 e-con-full e-flex e-con e-parent\" data-id=\"7e61ca2\" data-element_type=\"container\" data-e-type=\"container\">\n\t\t\t\t<div class=\"elementor-element elementor-element-7eeb789 elementor-widget elementor-widget-text-editor\" data-id=\"7eeb789\" data-element_type=\"widget\" data-e-type=\"widget\" data-widget_type=\"text-editor.default\">\n\t\t\t\t<div class=\"elementor-widget-container\">\n\t\t\t\t\t\t\t\t\t<ul><li>Cem badaladas no s\u00e1bado, 1\u00ba de mar\u00e7o, ao meio-dia. Se poss\u00edvel, onde quer que voc\u00ea esteja no interior do estado, toque os sinos cem vezes pela paz e compreens\u00e3o internacional. (B\u00e9rgamo, na It\u00e1lia, toca cem badaladas todas as noites \u00e0s 22h, em homenagem \u00e0 tradi\u00e7\u00e3o do fechamento dos port\u00f5es da cidade alta. Isso dava \u00e0s pessoas tempo para entrar ou sair \u00e0 noite.)<\/li><li>Organize um evento com a participa\u00e7\u00e3o de outras religi\u00f5es, ajude a criar um novo entendimento; convide um palestrante dessa religi\u00e3o, mostre um v\u00eddeo, leia um livro.<\/li><li>Destaque seu programa mission\u00e1rio ou receba um mission\u00e1rio e exiba um filme sobre o trabalho dele.<\/li><li>Organize uma sess\u00e3o de ora\u00e7\u00e3o pela paz e compreens\u00e3o internacional.<\/li><li>Pe\u00e7a aos membros que s\u00e3o a primeira gera\u00e7\u00e3o de sua fam\u00edlia vindos de outro pa\u00eds que falem sobre as semelhan\u00e7as e diferen\u00e7as nas pr\u00e1ticas religiosas de seus pa\u00edses de origem.<\/li><\/ul>\t\t\t\t\t\t\t\t<\/div>\n\t\t\t\t<\/div>\n\t\t\t\t<\/div>\n\t\t<div id=\"e-n-tab-content-85787625\" role=\"tabpanel\" aria-labelledby=\"e-n-tab-title-85787625\" data-tab-index=\"5\" style=\"--n-tabs-title-order: 5;\" class=\"elementor-element elementor-element-eb9389b e-con-full e-flex e-con e-parent\" data-id=\"eb9389b\" data-element_type=\"container\" data-e-type=\"container\">\n\t\t\t\t<div class=\"elementor-element elementor-element-9ba3c3a elementor-widget elementor-widget-text-editor\" data-id=\"9ba3c3a\" data-element_type=\"widget\" data-e-type=\"widget\" data-widget_type=\"text-editor.default\">\n\t\t\t\t<div class=\"elementor-widget-container\">\n\t\t\t\t\t\t\t\t\t<ul><li>Cem badaladas no s\u00e1bado, 1\u00ba de mar\u00e7o, ao meio-dia. Se poss\u00edvel, onde quer que voc\u00ea esteja no interior do estado, toque os sinos cem vezes pela paz e compreens\u00e3o internacional. (B\u00e9rgamo, na It\u00e1lia, toca cem badaladas todas as noites \u00e0s 22h, em homenagem \u00e0 tradi\u00e7\u00e3o do fechamento dos port\u00f5es da cidade alta. Isso dava \u00e0s pessoas tempo para entrar ou sair \u00e0 noite.)<\/li><li>Organize um evento com a participa\u00e7\u00e3o de outras religi\u00f5es, ajude a criar um novo entendimento; convide um palestrante dessa religi\u00e3o, mostre um v\u00eddeo, leia um livro.<\/li><li>Destaque seu programa mission\u00e1rio ou receba um mission\u00e1rio e exiba um filme sobre o trabalho dele.<\/li><li>Organize uma sess\u00e3o de ora\u00e7\u00e3o pela paz e compreens\u00e3o internacional.<\/li><li>Pe\u00e7a aos membros que s\u00e3o a primeira gera\u00e7\u00e3o de sua fam\u00edlia vindos de outro pa\u00eds que falem sobre as semelhan\u00e7as e diferen\u00e7as nas pr\u00e1ticas religiosas de seus pa\u00edses de origem.<\/li><\/ul>\t\t\t\t\t\t\t\t<\/div>\n\t\t\t\t<\/div>\n\t\t\t\t<\/div>\n\t\t\t\t\t<\/div>\n\t\t<\/div>\n\t\t\t\t\t\t<\/div>\n\t\t\t\t<\/div>\n\t\t\t\t\t<\/div>\n\t\t\t\t<\/div>\n\t\t\t\t<\/div>","protected":false},"excerpt":{"rendered":"","protected":false},"author":1,"featured_media":60494,"parent":0,"menu_order":0,"comment_status":"closed","ping_status":"closed","template":"","meta":{"_acf_changed":false,"_mo_disable_npp":"","footnotes":""},"class_list":["post-60454","page","type-page","status-publish","has-post-thumbnail","hentry"],"acf":[],"_links":{"self":[{"href":"https:\/\/upstateinternational.org\/pt\/wp-json\/wp\/v2\/pages\/60454","targetHints":{"allow":["GET"]}}],"collection":[{"href":"https:\/\/upstateinternational.org\/pt\/wp-json\/wp\/v2\/pages"}],"about":[{"href":"https:\/\/upstateinternational.org\/pt\/wp-json\/wp\/v2\/types\/page"}],"author":[{"embeddable":true,"href":"https:\/\/upstateinternational.org\/pt\/wp-json\/wp\/v2\/users\/1"}],"replies":[{"embeddable":true,"href":"https:\/\/upstateinternational.org\/pt\/wp-json\/wp\/v2\/comments?post=60454"}],"version-history":[{"count":0,"href":"https:\/\/upstateinternational.org\/pt\/wp-json\/wp\/v2\/pages\/60454\/revisions"}],"wp:featuredmedia":[{"embeddable":true,"href":"https:\/\/upstateinternational.org\/pt\/wp-json\/wp\/v2\/media\/60494"}],"wp:attachment":[{"href":"https:\/\/upstateinternational.org\/pt\/wp-json\/wp\/v2\/media?parent=60454"}],"curies":[{"name":"wp","href":"https:\/\/api.w.org\/{rel}","templated":true}]}}