{"id":88102,"date":"2025-10-11T04:45:10","date_gmt":"2025-10-11T08:45:10","guid":{"rendered":"https:\/\/ui-hybrid.local\/?page_id=88102"},"modified":"2025-11-25T04:26:58","modified_gmt":"2025-11-25T09:26:58","slug":"community-resources","status":"publish","type":"page","link":"https:\/\/upstateinternational.org\/pt\/community-resources\/","title":{"rendered":"Recursos comunit\u00e1rios"},"content":{"rendered":"<div data-elementor-type=\"wp-page\" data-elementor-id=\"88102\" class=\"elementor elementor-88102\" data-elementor-post-type=\"page\">\n\t\t\t\t<div class=\"elementor-element elementor-element-22ac5bd e-flex e-con-boxed e-con e-parent\" data-id=\"22ac5bd\" data-element_type=\"container\" data-e-type=\"container\" data-settings=\"{&quot;background_background&quot;:&quot;classic&quot;}\">\n\t\t\t\t\t<div class=\"e-con-inner\">\n\t\t<div class=\"elementor-element elementor-element-d8d6ae0 e-con-full e-flex e-con e-child\" data-id=\"d8d6ae0\" data-element_type=\"container\" data-e-type=\"container\">\n\t\t\t\t<div class=\"elementor-element elementor-element-9fa382c elementor-widget elementor-widget-heading\" data-id=\"9fa382c\" data-element_type=\"widget\" data-e-type=\"widget\" data-widget_type=\"heading.default\">\n\t\t\t\t<div class=\"elementor-widget-container\">\n\t\t\t\t\t<h1 class=\"elementor-heading-title elementor-size-default\">Recursos comunit\u00e1rios<\/h1>\t\t\t\t<\/div>\n\t\t\t\t<\/div>\n\t\t\t\t<div class=\"elementor-element elementor-element-de96e53 elementor-widget elementor-widget-heading\" data-id=\"de96e53\" data-element_type=\"widget\" data-e-type=\"widget\" data-widget_type=\"heading.default\">\n\t\t\t\t<div class=\"elementor-widget-container\">\n\t\t\t\t\t<span class=\"elementor-heading-title elementor-size-default\">Seu guia para se adaptar \u00e0 vida em Greenville \u2014 seja voc\u00ea um rec\u00e9m-chegado ou um morador antigo.<\/span>\t\t\t\t<\/div>\n\t\t\t\t<\/div>\n\t\t\t\t<\/div>\n\t\t\t\t\t<\/div>\n\t\t\t\t<\/div>\n\t\t<div class=\"elementor-element elementor-element-06a451e e-flex e-con-boxed e-con e-parent\" data-id=\"06a451e\" data-element_type=\"container\" data-e-type=\"container\">\n\t\t\t\t\t<div class=\"e-con-inner\">\n\t\t<div class=\"elementor-element elementor-element-cdd445c e-con-full e-flex e-con e-child\" data-id=\"cdd445c\" data-element_type=\"container\" data-e-type=\"container\">\n\t\t\t\t<div class=\"elementor-element elementor-element-8cb91e8 elementor-widget elementor-widget-heading\" data-id=\"8cb91e8\" data-element_type=\"widget\" data-e-type=\"widget\" data-widget_type=\"heading.default\">\n\t\t\t\t<div class=\"elementor-widget-container\">\n\t\t\t\t\t<h3 class=\"elementor-heading-title elementor-size-default\">Bem-vindo \u00e0 comunidade de Upstate!<\/h3>\t\t\t\t<\/div>\n\t\t\t\t<\/div>\n\t\t\t\t<div class=\"elementor-element elementor-element-9955edb elementor-widget elementor-widget-text-editor\" data-id=\"9955edb\" data-element_type=\"widget\" data-e-type=\"widget\" data-widget_type=\"text-editor.default\">\n\t\t\t\t<div class=\"elementor-widget-container\">\n\t\t\t\t\t\t\t\t\t<p>Se voc\u00ea est\u00e1 se instalando no Upstate pela primeira vez ou mora aqui h\u00e1 d\u00e9cadas, encontrar os recursos certos \u2014 desde moradia e assist\u00eancia m\u00e9dica at\u00e9 eventos culturais e apoio lingu\u00edstico \u2014 pode fazer toda a diferen\u00e7a. A Upstate International est\u00e1 aqui para ajudar voc\u00ea a se orientar, se conectar e se sentir em casa.<\/p><p>Nosso Diret\u00f3rio de Recursos \u00e9 uma colet\u00e2nea de organiza\u00e7\u00f5es, servi\u00e7os e contatos locais que atendem nossa comunidade diversificada. Ele foi criado para ajudar os rec\u00e9m-chegados a se adaptarem \u00e0 vida no Upstate e para apoiar os moradores de longa data na descoberta de novas maneiras de se engajarem global e localmente.\u00a0<\/p>\t\t\t\t\t\t\t\t<\/div>\n\t\t\t\t<\/div>\n\t\t<div class=\"elementor-element elementor-element-609d86e e-con-full e-flex e-con e-child\" data-id=\"609d86e\" data-element_type=\"container\" data-e-type=\"container\" data-settings=\"{&quot;background_background&quot;:&quot;gradient&quot;}\">\n\t\t\t\t<div class=\"elementor-element elementor-element-20b027b elementor-widget elementor-widget-text-editor\" data-id=\"20b027b\" data-element_type=\"widget\" data-e-type=\"widget\" data-widget_type=\"text-editor.default\">\n\t\t\t\t<div class=\"elementor-widget-container\">\n\t\t\t\t\t\t\t\t\t<p><strong>OBSERVE:<\/strong> A Upstate International n\u00e3o endossa nenhuma das entidades listadas aqui e n\u00e3o pode ser responsabilizada por problemas resultantes de transa\u00e7\u00f5es privadas. Os indiv\u00edduos devem usar seu pr\u00f3prio discernimento ao avaliar a credibilidade dos contatos listados aqui.<\/p><p>Se voc\u00ea deseja que sua empresa seja inclu\u00edda abaixo, por favor... <a href=\"https:\/\/upstateinternational.org\/pt\/contact\/\">Contate-nos.<\/a><\/p>\t\t\t\t\t\t\t\t<\/div>\n\t\t\t\t<\/div>\n\t\t\t\t<\/div>\n\t\t\t\t<\/div>\n\t\t<div class=\"elementor-element elementor-element-cf08db1 e-con-full e-flex e-con e-child\" data-id=\"cf08db1\" data-element_type=\"container\" data-e-type=\"container\">\n\t\t\t\t<div class=\"elementor-element elementor-element-be172aa elementor-widget elementor-widget-image\" data-id=\"be172aa\" data-element_type=\"widget\" data-e-type=\"widget\" data-widget_type=\"image.default\">\n\t\t\t\t<div class=\"elementor-widget-container\">\n\t\t\t\t\t\t\t\t\t\t\t\t\t\t\t<img fetchpriority=\"high\" decoding=\"async\" width=\"650\" height=\"400\" src=\"https:\/\/upstateinternational.org\/wp-content\/uploads\/2024\/01\/upstate-international-greenville.webp\" class=\"attachment-large size-large wp-image-69587\" alt=\"\" srcset=\"https:\/\/upstateinternational.org\/wp-content\/uploads\/2024\/01\/upstate-international-greenville.webp 650w, https:\/\/upstateinternational.org\/wp-content\/uploads\/2024\/01\/upstate-international-greenville-300x185.webp 300w, https:\/\/upstateinternational.org\/wp-content\/uploads\/2024\/01\/upstate-international-greenville-600x369.webp 600w\" sizes=\"(max-width: 650px) 100vw, 650px\" \/>\t\t\t\t\t\t\t\t\t\t\t\t\t\t\t<\/div>\n\t\t\t\t<\/div>\n\t\t\t\t<\/div>\n\t\t<div class=\"elementor-element elementor-element-9c1c1f4 e-con-full e-flex e-con e-child\" data-id=\"9c1c1f4\" data-element_type=\"container\" data-e-type=\"container\">\n\t\t\t\t<div class=\"elementor-element elementor-element-ae59670 elementor-widget elementor-widget-heading\" data-id=\"ae59670\" data-element_type=\"widget\" data-e-type=\"widget\" data-widget_type=\"heading.default\">\n\t\t\t\t<div class=\"elementor-widget-container\">\n\t\t\t\t\t<h3 class=\"elementor-heading-title elementor-size-default\">O que voc\u00ea encontrar\u00e1 dentro<\/h3>\t\t\t\t<\/div>\n\t\t\t\t<\/div>\n\t\t\t\t<div class=\"elementor-element elementor-element-c14afbe elementor-widget elementor-widget-text-editor\" data-id=\"c14afbe\" data-element_type=\"widget\" data-e-type=\"widget\" data-widget_type=\"text-editor.default\">\n\t\t\t\t<div class=\"elementor-widget-container\">\n\t\t\t\t\t\t\t\t\t<p>O guia abrange aspectos essenciais da vida no interior do estado, incluindo:<\/p><ul><li><strong>Servi\u00e7os de alojamento e relocaliza\u00e7\u00e3o<\/strong> \u2013 Encontre o seu lugar na comunidade<\/li><li><strong>Sa\u00fade e bem-estar<\/strong> \u2013 Acesso a cuidados m\u00e9dicos, apoio \u00e0 sa\u00fade mental e recursos de sa\u00fade p\u00fablica<\/li><li><strong>L\u00edngua e Educa\u00e7\u00e3o<\/strong> \u2013 Programas de ESL (ingl\u00eas como segunda l\u00edngua), servi\u00e7os de tradu\u00e7\u00e3o e escolas<\/li><li><strong>Apoio Jur\u00eddico e de Imigra\u00e7\u00e3o<\/strong> \u2013 Contatos de confian\u00e7a para navegar pelos sistemas jur\u00eddicos<\/li><li><strong>Recursos de emprego e carreira<\/strong> \u2013 Treinamento profissional, networking e desenvolvimento de carreira<\/li><li><strong>Organiza\u00e7\u00f5es Culturais e Comunit\u00e1rias<\/strong> \u2013 Conecte-se com grupos que valorizam perspectivas globais<\/li><li><strong>Comunidades de f\u00e9<\/strong> \u2013 Explore locais de culto de diferentes tradi\u00e7\u00f5es<\/li><\/ul>\t\t\t\t\t\t\t\t<\/div>\n\t\t\t\t<\/div>\n\t\t\t\t<\/div>\n\t\t<div class=\"elementor-element elementor-element-276d50a e-con-full e-flex e-con e-child\" data-id=\"276d50a\" data-element_type=\"container\" data-e-type=\"container\" data-settings=\"{&quot;background_background&quot;:&quot;gradient&quot;}\">\n\t\t\t\t<div class=\"elementor-element elementor-element-7289f31 elementor-widget elementor-widget-spacer\" data-id=\"7289f31\" data-element_type=\"widget\" data-e-type=\"widget\" data-widget_type=\"spacer.default\">\n\t\t\t\t<div class=\"elementor-widget-container\">\n\t\t\t\t\t\t\t<div class=\"elementor-spacer\">\n\t\t\t<div class=\"elementor-spacer-inner\"><\/div>\n\t\t<\/div>\n\t\t\t\t\t\t<\/div>\n\t\t\t\t<\/div>\n\t\t\t\t<div class=\"elementor-element elementor-element-89bf8a2 elementor-widget elementor-widget-heading\" data-id=\"89bf8a2\" data-element_type=\"widget\" data-e-type=\"widget\" data-widget_type=\"heading.default\">\n\t\t\t\t<div class=\"elementor-widget-container\">\n\t\t\t\t\t<h2 class=\"elementor-heading-title elementor-size-default\">Perdoem nosso progresso.<\/h2>\t\t\t\t<\/div>\n\t\t\t\t<\/div>\n\t\t\t\t<div class=\"elementor-element elementor-element-0d4491f elementor-widget elementor-widget-heading\" data-id=\"0d4491f\" data-element_type=\"widget\" data-e-type=\"widget\" data-widget_type=\"heading.default\">\n\t\t\t\t<div class=\"elementor-widget-container\">\n\t\t\t\t\t<span class=\"elementor-heading-title elementor-size-default\">PDF com recursos em breve!<\/span>\t\t\t\t<\/div>\n\t\t\t\t<\/div>\n\t\t\t\t<div class=\"elementor-element elementor-element-a8bf865 elementor-widget elementor-widget-spacer\" data-id=\"a8bf865\" data-element_type=\"widget\" data-e-type=\"widget\" data-widget_type=\"spacer.default\">\n\t\t\t\t<div class=\"elementor-widget-container\">\n\t\t\t\t\t\t\t<div class=\"elementor-spacer\">\n\t\t\t<div class=\"elementor-spacer-inner\"><\/div>\n\t\t<\/div>\n\t\t\t\t\t\t<\/div>\n\t\t\t\t<\/div>\n\t\t\t\t<\/div>\n\t\t<div class=\"elementor-element elementor-element-a5f6434 e-con-full e-flex e-con e-child\" data-id=\"a5f6434\" data-element_type=\"container\" data-e-type=\"container\">\n\t\t<div class=\"elementor-element elementor-element-9dd3e8d e-con-full e-flex e-con e-child\" data-id=\"9dd3e8d\" data-element_type=\"container\" data-e-type=\"container\" data-settings=\"{&quot;background_background&quot;:&quot;gradient&quot;}\">\n\t\t\t\t<div class=\"elementor-element elementor-element-f37db99 elementor-widget elementor-widget-heading\" data-id=\"f37db99\" data-element_type=\"widget\" data-e-type=\"widget\" data-widget_type=\"heading.default\">\n\t\t\t\t<div class=\"elementor-widget-container\">\n\t\t\t\t\t<h3 class=\"elementor-heading-title elementor-size-default\">Ainda precisa de ajuda? <\/h3>\t\t\t\t<\/div>\n\t\t\t\t<\/div>\n\t\t\t\t<div class=\"elementor-element elementor-element-92fa051 elementor-widget elementor-widget-text-editor\" data-id=\"92fa051\" data-element_type=\"widget\" data-e-type=\"widget\" data-widget_type=\"text-editor.default\">\n\t\t\t\t<div class=\"elementor-widget-container\">\n\t\t\t\t\t\t\t\t\t<p>Por favor <a href=\"https:\/\/upstateinternational.org\/pt\/contact\/\">Contate-nos<\/a> E nossa equipe ter\u00e1 prazer em ajud\u00e1-lo(a)!<\/p>\t\t\t\t\t\t\t\t<\/div>\n\t\t\t\t<\/div>\n\t\t\t\t<div class=\"elementor-element elementor-element-c9bbd4a elementor-widget elementor-widget-button\" data-id=\"c9bbd4a\" data-element_type=\"widget\" data-e-type=\"widget\" data-widget_type=\"button.default\">\n\t\t\t\t<div class=\"elementor-widget-container\">\n\t\t\t\t\t\t\t\t\t<div class=\"elementor-button-wrapper\">\n\t\t\t\t\t<a class=\"elementor-button elementor-button-link elementor-size-sm\" href=\"https:\/\/upstateinternational.org\/pt\/contact\/\">\n\t\t\t\t\t\t<span class=\"elementor-button-content-wrapper\">\n\t\t\t\t\t\t\t\t\t<span class=\"elementor-button-text\">Formul\u00e1rio de contato<\/span>\n\t\t\t\t\t<\/span>\n\t\t\t\t\t<\/a>\n\t\t\t\t<\/div>\n\t\t\t\t\t\t\t\t<\/div>\n\t\t\t\t<\/div>\n\t\t\t\t<\/div>\n\t\t\t\t<\/div>\n\t\t\t\t\t<\/div>\n\t\t\t\t<\/div>\n\t\t\t\t<\/div>","protected":false},"excerpt":{"rendered":"","protected":false},"author":1,"featured_media":0,"parent":0,"menu_order":0,"comment_status":"closed","ping_status":"closed","template":"","meta":{"_acf_changed":false,"_mo_disable_npp":"","footnotes":""},"class_list":["post-88102","page","type-page","status-publish","hentry"],"acf":[],"_links":{"self":[{"href":"https:\/\/upstateinternational.org\/pt\/wp-json\/wp\/v2\/pages\/88102","targetHints":{"allow":["GET"]}}],"collection":[{"href":"https:\/\/upstateinternational.org\/pt\/wp-json\/wp\/v2\/pages"}],"about":[{"href":"https:\/\/upstateinternational.org\/pt\/wp-json\/wp\/v2\/types\/page"}],"author":[{"embeddable":true,"href":"https:\/\/upstateinternational.org\/pt\/wp-json\/wp\/v2\/users\/1"}],"replies":[{"embeddable":true,"href":"https:\/\/upstateinternational.org\/pt\/wp-json\/wp\/v2\/comments?post=88102"}],"version-history":[{"count":0,"href":"https:\/\/upstateinternational.org\/pt\/wp-json\/wp\/v2\/pages\/88102\/revisions"}],"wp:attachment":[{"href":"https:\/\/upstateinternational.org\/pt\/wp-json\/wp\/v2\/media?parent=88102"}],"curies":[{"name":"wp","href":"https:\/\/api.w.org\/{rel}","templated":true}]}}