{"id":80964,"date":"2025-01-23T11:49:24","date_gmt":"2025-01-23T16:49:24","guid":{"rendered":"https:\/\/ui-hybrid.local\/?post_type=product&#038;p=80964"},"modified":"2025-10-31T08:35:09","modified_gmt":"2025-10-31T12:35:09","slug":"spanish-for-the-workplace-b1-wednesdays__trashed","status":"publish","type":"product","link":"https:\/\/upstateinternational.org\/pt\/produto\/spanish-for-the-workplace-b1-wednesdays__trashed\/","title":{"rendered":"Espanhol para o Ambiente de Trabalho B1+: Quartas-feiras"},"content":{"rendered":"<p><strong>Sobre<\/strong><\/p>\n<p><span style=\"font-weight: 400;\">Destaque-se no trabalho diferenciando-se dos seus colegas. Os neg\u00f3cios prosperam ao atender bem os clientes, e o conhecimento de um segundo idioma pode ajudar sua empresa a alcan\u00e7ar mais pessoas e explorar mercados antes inexplorados.<\/span><\/p>\n<p><span style=\"font-weight: 400;\">Este curso foi desenvolvido para pessoas que trabalham com funcion\u00e1rios ou clientes que falam espanhol e desejam aumentar sua confian\u00e7a, conforto e flu\u00eancia no espanhol conversacional para intera\u00e7\u00f5es do dia a dia.<\/span><\/p>\n<p><span style=\"font-weight: 400;\">Essas aulas eliminar\u00e3o as tediosas li\u00e7\u00f5es de gram\u00e1tica presentes em outros programas de idiomas. Cada sess\u00e3o incluir\u00e1 informa\u00e7\u00f5es culturais e o workshop ser\u00e1 personalizado para atender \u00e0s necessidades e profiss\u00f5es espec\u00edficas dos participantes.<\/span><\/p>\n<p>&nbsp;<\/p>\n<p><b>Objetivos do curso<\/b><\/p>\n<p><span style=\"font-weight: 400;\">\u2013 Utilize o espanhol de forma eficaz no seu local de trabalho.<\/span><\/p>\n<p><span style=\"font-weight: 400;\">\u2013 Amplie seu vocabul\u00e1rio ativo praticando conversas com materiais aut\u00eanticos e simulados.<\/span><\/p>\n<p><span style=\"font-weight: 400;\">\u2013 Pratique diversos cen\u00e1rios relevantes para o ambiente de trabalho.<\/span><\/p>\n<p><span style=\"font-weight: 400;\">\u2013 Aprenda a solicitar as informa\u00e7\u00f5es necess\u00e1rias para preencher formul\u00e1rios e documentos.<\/span><\/p>\n<p><span style=\"font-weight: 400;\">\u2013 Traduzir frases, textos curtos e perguntas entre ingl\u00eas e espanhol.<\/span><\/p>\n<p><span style=\"font-weight: 400;\">\u2013 Aprimore suas habilidades de comunica\u00e7\u00e3o intercultural.<\/span><\/p>","protected":false},"excerpt":{"rendered":"","protected":false},"featured_media":0,"template":"","meta":{"_acf_changed":false,"_mo_disable_npp":"","wds_primary_product_brand":0,"wds_primary_product_cat":0},"product_brand":[],"product_cat":[132],"product_tag":[134],"class_list":{"0":"post-80964","1":"product","2":"type-product","3":"status-publish","5":"product_cat-language-class","6":"product_tag-spanish","8":"first","9":"instock","10":"downloadable","11":"virtual","12":"taxable","13":"purchasable","14":"product-type-simple"},"acf":[],"_links":{"self":[{"href":"https:\/\/upstateinternational.org\/pt\/wp-json\/wp\/v2\/product\/80964","targetHints":{"allow":["GET"]}}],"collection":[{"href":"https:\/\/upstateinternational.org\/pt\/wp-json\/wp\/v2\/product"}],"about":[{"href":"https:\/\/upstateinternational.org\/pt\/wp-json\/wp\/v2\/types\/product"}],"version-history":[{"count":0,"href":"https:\/\/upstateinternational.org\/pt\/wp-json\/wp\/v2\/product\/80964\/revisions"}],"wp:attachment":[{"href":"https:\/\/upstateinternational.org\/pt\/wp-json\/wp\/v2\/media?parent=80964"}],"wp:term":[{"taxonomy":"product_brand","embeddable":true,"href":"https:\/\/upstateinternational.org\/pt\/wp-json\/wp\/v2\/product_brand?post=80964"},{"taxonomy":"product_cat","embeddable":true,"href":"https:\/\/upstateinternational.org\/pt\/wp-json\/wp\/v2\/product_cat?post=80964"},{"taxonomy":"product_tag","embeddable":true,"href":"https:\/\/upstateinternational.org\/pt\/wp-json\/wp\/v2\/product_tag?post=80964"}],"curies":[{"name":"wp","href":"https:\/\/api.w.org\/{rel}","templated":true}]}}