{"id":83555,"date":"2025-03-31T14:40:43","date_gmt":"2025-03-31T18:40:43","guid":{"rendered":"https:\/\/ui-hybrid.local\/?post_type=product&#038;p=83555"},"modified":"2025-11-17T07:54:13","modified_gmt":"2025-11-17T12:54:13","slug":"africa-and-the-global-economy","status":"publish","type":"product","link":"https:\/\/upstateinternational.org\/pt\/produto\/africa-and-the-global-economy\/","title":{"rendered":"Renascimento Econ\u00f4mico da \u00c1frica: Quebrando Barreiras, Construindo Futuros"},"content":{"rendered":"<p>T\u00f3picos para discuss\u00e3o:<\/p>\n<p class=\"\" data-start=\"41\" data-end=\"585\"><strong>Sra. Gugu Selela<\/strong> A palestra explorar\u00e1 o papel em constante evolu\u00e7\u00e3o da \u00c1frica na economia global, examinando seu potencial econ\u00f4mico, desafios estruturais e oportunidades de transforma\u00e7\u00e3o. Ser\u00e3o abordados fatores hist\u00f3ricos e contempor\u00e2neos que influenciam o cen\u00e1rio econ\u00f4mico africano, incluindo legados coloniais, desequil\u00edbrios comerciais e investimentos estrangeiros. Al\u00e9m disso, a Sra. Selela destacar\u00e1 o papel crucial das mulheres africanas no desenvolvimento econ\u00f4mico e a necessidade de solu\u00e7\u00f5es lideradas por africanos que priorizem equidade, inova\u00e7\u00e3o e prosperidade a longo prazo.<\/p>\n<p class=\"\" data-start=\"587\" data-end=\"626\">Quest\u00f5es-chave para discuss\u00e3o incluem:<\/p>\n<ul data-start=\"628\" data-end=\"1314\" data-is-last-node=\"\" data-is-only-node=\"\">\n<li class=\"\" data-start=\"628\" data-end=\"723\">\n<p class=\"\" data-start=\"630\" data-end=\"723\">De que forma as hist\u00f3rias coloniais e os desequil\u00edbrios comerciais moldaram a atual situa\u00e7\u00e3o econ\u00f4mica da \u00c1frica?<\/p>\n<\/li>\n<li class=\"\" data-start=\"724\" data-end=\"830\">\n<p class=\"\" data-start=\"726\" data-end=\"830\">Quais s\u00e3o os desafios estruturais que continuam a dificultar o crescimento econ\u00f4mico da \u00c1frica e como podem ser superados?<\/p>\n<\/li>\n<li class=\"\" data-start=\"831\" data-end=\"951\">\n<p class=\"\" data-start=\"833\" data-end=\"951\">Como os investimentos estrangeiros impactam o desenvolvimento da \u00c1frica: representam um caminho para o progresso ou uma forma de depend\u00eancia econ\u00f4mica?<\/p>\n<\/li>\n<li class=\"\" data-start=\"952\" data-end=\"1092\">\n<p class=\"\" data-start=\"954\" data-end=\"1092\">Qual o papel das mulheres africanas na promo\u00e7\u00e3o da transforma\u00e7\u00e3o econ\u00f4mica e como as pol\u00edticas de inclus\u00e3o de g\u00eanero podem acelerar o crescimento sustent\u00e1vel?<\/p>\n<\/li>\n<li class=\"\" data-start=\"1093\" data-end=\"1221\">\n<p class=\"\" data-start=\"1095\" data-end=\"1221\">Como podem as na\u00e7\u00f5es africanas assumir a lideran\u00e7a na formula\u00e7\u00e3o de pol\u00edticas econ\u00f4micas que promovam a inova\u00e7\u00e3o, a equidade e a prosperidade a longo prazo?<\/p>\n<\/li>\n<\/ul>\n<p>&nbsp;<\/p>\n<hr \/>\n<p><em>O &quot;Al\u00e9m das Manchetes&quot; \u00e9 uma s\u00e9rie de palestras com almo\u00e7o que apresenta informa\u00e7\u00f5es baseadas em fatos sobre os temas globais mais urgentes da atualidade. Os eventos contar\u00e3o com a presen\u00e7a de l\u00edderes de pensamento de institui\u00e7\u00f5es acad\u00eamicas ou de pesquisa, que fornecer\u00e3o contexto e coment\u00e1rios sobre o tema antes de abrir espa\u00e7o para perguntas e debates com o p\u00fablico. Ao oferecer uma plataforma n\u00e3o pol\u00edtica para temas sens\u00edveis, o evento permitir\u00e1 que as pessoas ampliem seus horizontes e fa\u00e7am perguntas que contribuam para o seu aprofundamento no assunto. A s\u00e9rie \u00e9 gratuita, exceto pelo almo\u00e7o, e aberta ao p\u00fablico.<\/em><\/p>","protected":false},"excerpt":{"rendered":"","protected":false},"featured_media":89676,"template":"","meta":{"_acf_changed":false,"_mo_disable_npp":"","wds_primary_product_brand":0,"wds_primary_product_cat":0},"product_brand":[],"product_cat":[146],"product_tag":[],"class_list":{"0":"post-83555","1":"product","2":"type-product","3":"status-publish","4":"has-post-thumbnail","6":"product_cat-events","8":"first","9":"instock","10":"taxable","11":"shipping-taxable","12":"purchasable","13":"product-type-variable"},"acf":[],"_links":{"self":[{"href":"https:\/\/upstateinternational.org\/pt\/wp-json\/wp\/v2\/product\/83555","targetHints":{"allow":["GET"]}}],"collection":[{"href":"https:\/\/upstateinternational.org\/pt\/wp-json\/wp\/v2\/product"}],"about":[{"href":"https:\/\/upstateinternational.org\/pt\/wp-json\/wp\/v2\/types\/product"}],"version-history":[{"count":1,"href":"https:\/\/upstateinternational.org\/pt\/wp-json\/wp\/v2\/product\/83555\/revisions"}],"predecessor-version":[{"id":93790,"href":"https:\/\/upstateinternational.org\/pt\/wp-json\/wp\/v2\/product\/83555\/revisions\/93790"}],"wp:featuredmedia":[{"embeddable":true,"href":"https:\/\/upstateinternational.org\/pt\/wp-json\/wp\/v2\/media\/89676"}],"wp:attachment":[{"href":"https:\/\/upstateinternational.org\/pt\/wp-json\/wp\/v2\/media?parent=83555"}],"wp:term":[{"taxonomy":"product_brand","embeddable":true,"href":"https:\/\/upstateinternational.org\/pt\/wp-json\/wp\/v2\/product_brand?post=83555"},{"taxonomy":"product_cat","embeddable":true,"href":"https:\/\/upstateinternational.org\/pt\/wp-json\/wp\/v2\/product_cat?post=83555"},{"taxonomy":"product_tag","embeddable":true,"href":"https:\/\/upstateinternational.org\/pt\/wp-json\/wp\/v2\/product_tag?post=83555"}],"curies":[{"name":"wp","href":"https:\/\/api.w.org\/{rel}","templated":true}]}}