{"id":88446,"date":"2025-10-07T11:59:21","date_gmt":"2025-10-07T15:59:21","guid":{"rendered":"https:\/\/ui-hybrid.local\/?post_type=product&#038;p=88446"},"modified":"2025-11-17T11:36:04","modified_gmt":"2025-11-17T16:36:04","slug":"flip-the-seasons-craft-your-own-reversible-holiday-sign","status":"publish","type":"product","link":"https:\/\/upstateinternational.org\/pt\/produto\/flip-the-seasons-craft-your-own-reversible-holiday-sign\/","title":{"rendered":"Oficina de Artesanato de Fim de Ano da UIWG \u2013 Fa\u00e7a e Leve"},"content":{"rendered":"<h4 class=\"product_title entry-title\">Vire as esta\u00e7\u00f5es! Crie seu pr\u00f3prio cartaz de Natal revers\u00edvel.<\/h4>\n<p data-start=\"233\" data-end=\"535\">Esta oficina guiada com Maria Brady oferece mais do que apenas artesanato; \u00e9 uma oportunidade para desacelerar, conectar-se com outras pessoas e vivenciar o esp\u00edrito da \u00e9poca. Voc\u00ea aprender\u00e1 t\u00e9cnicas de fa\u00e7a-voc\u00ea-mesmo simples, por\u00e9m gratificantes, enquanto cria uma charmosa placa de madeira revers\u00edvel, perfeita para sua casa ou como um presente especial.<\/p>\n<p data-start=\"537\" data-end=\"885\">Os participantes desfrutar\u00e3o de uma experi\u00eancia pr\u00e1tica e relaxante, com todo o material fornecido, facilitando o foco na criatividade em vez da log\u00edstica. Ao participar, voc\u00ea n\u00e3o s\u00f3 levar\u00e1 para casa uma decora\u00e7\u00e3o sazonal exclusiva, como tamb\u00e9m ter\u00e1 a alegria de criar algo significativo com as suas pr\u00f3prias m\u00e3os, al\u00e9m de sentir-se conectado com outros entusiastas do artesanato.<\/p>\n<p data-start=\"887\" data-end=\"974\">As vagas s\u00e3o limitadas para garantir uma experi\u00eancia de qualidade, por isso recomenda-se a inscri\u00e7\u00e3o antecipada.<\/p>","protected":false},"excerpt":{"rendered":"","protected":false},"featured_media":89681,"template":"","meta":{"_acf_changed":false,"_mo_disable_npp":"","wds_primary_product_brand":0,"wds_primary_product_cat":0},"product_brand":[],"product_cat":[146],"product_tag":[],"class_list":{"0":"post-88446","1":"product","2":"type-product","3":"status-publish","4":"has-post-thumbnail","6":"product_cat-events","8":"first","9":"instock","10":"taxable","11":"shipping-taxable","12":"purchasable","13":"product-type-variable"},"acf":[],"_links":{"self":[{"href":"https:\/\/upstateinternational.org\/pt\/wp-json\/wp\/v2\/product\/88446","targetHints":{"allow":["GET"]}}],"collection":[{"href":"https:\/\/upstateinternational.org\/pt\/wp-json\/wp\/v2\/product"}],"about":[{"href":"https:\/\/upstateinternational.org\/pt\/wp-json\/wp\/v2\/types\/product"}],"version-history":[{"count":0,"href":"https:\/\/upstateinternational.org\/pt\/wp-json\/wp\/v2\/product\/88446\/revisions"}],"wp:featuredmedia":[{"embeddable":true,"href":"https:\/\/upstateinternational.org\/pt\/wp-json\/wp\/v2\/media\/89681"}],"wp:attachment":[{"href":"https:\/\/upstateinternational.org\/pt\/wp-json\/wp\/v2\/media?parent=88446"}],"wp:term":[{"taxonomy":"product_brand","embeddable":true,"href":"https:\/\/upstateinternational.org\/pt\/wp-json\/wp\/v2\/product_brand?post=88446"},{"taxonomy":"product_cat","embeddable":true,"href":"https:\/\/upstateinternational.org\/pt\/wp-json\/wp\/v2\/product_cat?post=88446"},{"taxonomy":"product_tag","embeddable":true,"href":"https:\/\/upstateinternational.org\/pt\/wp-json\/wp\/v2\/product_tag?post=88446"}],"curies":[{"name":"wp","href":"https:\/\/api.w.org\/{rel}","templated":true}]}}