{"id":89885,"date":"2025-11-09T07:14:59","date_gmt":"2025-11-09T12:14:59","guid":{"rendered":"https:\/\/ui-hybrid.local\/?post_type=product&#038;p=89885"},"modified":"2025-11-25T15:49:47","modified_gmt":"2025-11-25T20:49:47","slug":"crossroads-collective","status":"publish","type":"product","link":"https:\/\/upstateinternational.org\/pt\/produto\/crossroads-collective\/","title":{"rendered":"Coletivo Crossroads"},"content":{"rendered":"<p><strong>Torne-se membro, ofere\u00e7a uma ades\u00e3o.<\/strong><\/p>\n<p>Este n\u00edvel \u00e9 perfeito para membros que desejam aprofundar seu compromisso com nossa miss\u00e3o. Al\u00e9m de todos os benef\u00edcios padr\u00e3o para membros, os membros do Crossroads Collective recebem entrada gratuita para duas oficinas ou eventos culturais da UI, desconto nos ingressos para nossos eventos beneficentes exclusivos e reconhecimento de seus nomes em nosso relat\u00f3rio anual.<\/p>\n<p><strong>\u00c9 a nossa forma de agradecer por nos ajudarem a crescer.<\/strong><\/p>\n<ul>\n<li>Compre um, doe um \u2013 financia uma associa\u00e7\u00e3o subsidiada para uma comunidade inclusiva.<\/li>\n<li>Acesso a eventos sociais, encontros e programa\u00e7\u00e3o cultural.<\/li>\n<li>Desconto para membros em cursos de idiomas<\/li>\n<li>Desconto para membros em determinados programas de enriquecimento cultural.<\/li>\n<li>+$25 por membro adicional da fam\u00edlia<\/li>\n<li>Programa cultural especial gratuito<\/li>\n<li>Reconhecimento no relat\u00f3rio anual<\/li>\n<\/ul>","protected":false},"excerpt":{"rendered":"","protected":false},"featured_media":89883,"template":"","meta":{"_acf_changed":false,"_mo_disable_npp":"","wds_primary_product_brand":0,"wds_primary_product_cat":0},"product_brand":[],"product_cat":[127],"product_tag":[],"class_list":{"0":"post-89885","1":"product","2":"type-product","3":"status-publish","4":"has-post-thumbnail","6":"product_cat-memberships","8":"first","9":"instock","10":"virtual","11":"sold-individually","12":"taxable","13":"purchasable","14":"product-type-simple"},"acf":[],"_links":{"self":[{"href":"https:\/\/upstateinternational.org\/pt\/wp-json\/wp\/v2\/product\/89885","targetHints":{"allow":["GET"]}}],"collection":[{"href":"https:\/\/upstateinternational.org\/pt\/wp-json\/wp\/v2\/product"}],"about":[{"href":"https:\/\/upstateinternational.org\/pt\/wp-json\/wp\/v2\/types\/product"}],"version-history":[{"count":0,"href":"https:\/\/upstateinternational.org\/pt\/wp-json\/wp\/v2\/product\/89885\/revisions"}],"wp:featuredmedia":[{"embeddable":true,"href":"https:\/\/upstateinternational.org\/pt\/wp-json\/wp\/v2\/media\/89883"}],"wp:attachment":[{"href":"https:\/\/upstateinternational.org\/pt\/wp-json\/wp\/v2\/media?parent=89885"}],"wp:term":[{"taxonomy":"product_brand","embeddable":true,"href":"https:\/\/upstateinternational.org\/pt\/wp-json\/wp\/v2\/product_brand?post=89885"},{"taxonomy":"product_cat","embeddable":true,"href":"https:\/\/upstateinternational.org\/pt\/wp-json\/wp\/v2\/product_cat?post=89885"},{"taxonomy":"product_tag","embeddable":true,"href":"https:\/\/upstateinternational.org\/pt\/wp-json\/wp\/v2\/product_tag?post=89885"}],"curies":[{"name":"wp","href":"https:\/\/api.w.org\/{rel}","templated":true}]}}