{"id":89887,"date":"2025-11-09T07:16:11","date_gmt":"2025-11-09T12:16:11","guid":{"rendered":"https:\/\/ui-hybrid.local\/?post_type=product&#038;p=89887"},"modified":"2025-11-25T15:50:04","modified_gmt":"2025-11-25T20:50:04","slug":"world-horizon-patron","status":"publish","type":"product","link":"https:\/\/upstateinternational.org\/pt\/produto\/world-horizon-patron\/","title":{"rendered":"Patrono do Horizonte Mundial"},"content":{"rendered":"<h3>Torne-se um Patrono da World Horizon e amplie seu impacto.<\/h3>\n<p>Este n\u00edvel de apoio foi concebido para empresas e indiv\u00edduos que desejam ser pilares de suporte para a nossa comunidade internacional. Os apoiadores recebem todos os benef\u00edcios oferecidos aos membros, incluindo uma aula de idiomas gratuita por ano para um membro da equipe ou convidado, entrada gratuita em todos os workshops e eventos culturais e reconhecimento p\u00fablico em nosso relat\u00f3rio anual, boletim informativo e em nosso evento beneficente principal.<\/p>\n<p><strong>Sua contribui\u00e7\u00e3o tamb\u00e9m ajuda a subsidiar a participa\u00e7\u00e3o de membros da comunidade que necessitam.<\/strong><\/p>\n<ul>\n<li>Acesso a eventos sociais, encontros e programa\u00e7\u00e3o cultural.<\/li>\n<li>Desconto para membros em cursos de idiomas<\/li>\n<li>Desconto para membros em determinados programas de enriquecimento cultural.<\/li>\n<li>Boletim informativo para membros<\/li>\n<li>+$25 por membro adicional da fam\u00edlia<\/li>\n<li>Programa cultural especial gratuito<\/li>\n<li>Reconhecimento no relat\u00f3rio anual<\/li>\n<li>Uma aula de idiomas gratuita durante o ano de ades\u00e3o vigente para uma pessoa.<\/li>\n<li>Reconhecimento durante programa cultural especial gratuito<\/li>\n<li>Evento exclusivo para patrocinadores com membros do conselho.<\/li>\n<li>Reconhecimento no site<\/li>\n<\/ul>","protected":false},"excerpt":{"rendered":"","protected":false},"featured_media":89882,"template":"","meta":{"_acf_changed":false,"_mo_disable_npp":"","wds_primary_product_brand":0,"wds_primary_product_cat":0},"product_brand":[],"product_cat":[127],"product_tag":[],"class_list":{"0":"post-89887","1":"product","2":"type-product","3":"status-publish","4":"has-post-thumbnail","6":"product_cat-memberships","8":"first","9":"instock","10":"virtual","11":"sold-individually","12":"taxable","13":"purchasable","14":"product-type-simple"},"acf":[],"_links":{"self":[{"href":"https:\/\/upstateinternational.org\/pt\/wp-json\/wp\/v2\/product\/89887","targetHints":{"allow":["GET"]}}],"collection":[{"href":"https:\/\/upstateinternational.org\/pt\/wp-json\/wp\/v2\/product"}],"about":[{"href":"https:\/\/upstateinternational.org\/pt\/wp-json\/wp\/v2\/types\/product"}],"version-history":[{"count":0,"href":"https:\/\/upstateinternational.org\/pt\/wp-json\/wp\/v2\/product\/89887\/revisions"}],"wp:featuredmedia":[{"embeddable":true,"href":"https:\/\/upstateinternational.org\/pt\/wp-json\/wp\/v2\/media\/89882"}],"wp:attachment":[{"href":"https:\/\/upstateinternational.org\/pt\/wp-json\/wp\/v2\/media?parent=89887"}],"wp:term":[{"taxonomy":"product_brand","embeddable":true,"href":"https:\/\/upstateinternational.org\/pt\/wp-json\/wp\/v2\/product_brand?post=89887"},{"taxonomy":"product_cat","embeddable":true,"href":"https:\/\/upstateinternational.org\/pt\/wp-json\/wp\/v2\/product_cat?post=89887"},{"taxonomy":"product_tag","embeddable":true,"href":"https:\/\/upstateinternational.org\/pt\/wp-json\/wp\/v2\/product_tag?post=89887"}],"curies":[{"name":"wp","href":"https:\/\/api.w.org\/{rel}","templated":true}]}}