{"id":90344,"date":"2023-12-11T06:18:32","date_gmt":"2023-12-11T11:18:32","guid":{"rendered":"https:\/\/ui-hybrid.local\/product\/membership-2\/"},"modified":"2025-11-24T09:02:49","modified_gmt":"2025-11-24T14:02:49","slug":"membership-2","status":"publish","type":"product","link":"https:\/\/upstateinternational.org\/pt\/produto\/membership-2\/","title":{"rendered":"Ades\u00e3o"},"content":{"rendered":"<h3 style=\"color: #68c5d3;\"><strong>O apoio dos membros proporciona um centro de recursos e conex\u00f5es que ajuda nossa regi\u00e3o a prosperar.<\/strong><\/h3>\n<p>Apoio ao desenvolvimento econ\u00f4mico e \u00e0 qualifica\u00e7\u00e3o profissional (treinamento de flu\u00eancia global, aulas de idiomas, lista de recursos para empresas estrangeiras).<\/p>\n<p>Educa\u00e7\u00e3o (ensinar estudantes de comunidades carentes sobre carreiras globais e ajudar universidades a preparar seus alunos para entrevistas de visto, palestras em universidades)<\/p>\n<p>Vivenciar uma miss\u00e3o de Diversidade e Inclus\u00e3o (removendo barreiras \u00e0 programa\u00e7\u00e3o, celebrando a diversidade cultural, oferecendo treinamento intercultural, suporte de interpreta\u00e7\u00e3o e tradu\u00e7\u00e3o, garantindo que nosso Conselho de Administra\u00e7\u00e3o da UI reflita a diversidade de idade, g\u00eanero, ra\u00e7a, religi\u00e3o, condi\u00e7\u00e3o econ\u00f4mica e cultura).<\/p>\n<p>Apoiar os esfor\u00e7os de outras organiza\u00e7\u00f5es sem fins lucrativos com marketing e promo\u00e7\u00e3o gratuitos de todos os eventos e iniciativas internacionais na regi\u00e3o do Upstate.<\/p>","protected":false},"excerpt":{"rendered":"","protected":false},"featured_media":58734,"template":"","meta":{"_acf_changed":false,"_mo_disable_npp":"","wds_primary_product_brand":0,"wds_primary_product_cat":0},"product_brand":[],"product_cat":[127],"product_tag":[],"class_list":{"0":"post-90344","1":"product","2":"type-product","3":"status-publish","4":"has-post-thumbnail","6":"product_cat-memberships","8":"first","9":"instock","10":"featured","11":"taxable","12":"shipping-taxable","13":"product-type-simple"},"acf":[],"_links":{"self":[{"href":"https:\/\/upstateinternational.org\/pt\/wp-json\/wp\/v2\/product\/90344","targetHints":{"allow":["GET"]}}],"collection":[{"href":"https:\/\/upstateinternational.org\/pt\/wp-json\/wp\/v2\/product"}],"about":[{"href":"https:\/\/upstateinternational.org\/pt\/wp-json\/wp\/v2\/types\/product"}],"version-history":[{"count":0,"href":"https:\/\/upstateinternational.org\/pt\/wp-json\/wp\/v2\/product\/90344\/revisions"}],"wp:featuredmedia":[{"embeddable":true,"href":"https:\/\/upstateinternational.org\/pt\/wp-json\/wp\/v2\/media\/58734"}],"wp:attachment":[{"href":"https:\/\/upstateinternational.org\/pt\/wp-json\/wp\/v2\/media?parent=90344"}],"wp:term":[{"taxonomy":"product_brand","embeddable":true,"href":"https:\/\/upstateinternational.org\/pt\/wp-json\/wp\/v2\/product_brand?post=90344"},{"taxonomy":"product_cat","embeddable":true,"href":"https:\/\/upstateinternational.org\/pt\/wp-json\/wp\/v2\/product_cat?post=90344"},{"taxonomy":"product_tag","embeddable":true,"href":"https:\/\/upstateinternational.org\/pt\/wp-json\/wp\/v2\/product_tag?post=90344"}],"curies":[{"name":"wp","href":"https:\/\/api.w.org\/{rel}","templated":true}]}}