{"id":90354,"date":"2024-11-06T14:10:34","date_gmt":"2024-11-06T19:10:34","guid":{"rendered":"https:\/\/ui-hybrid.local\/product\/14th-annual-german-holiday-party\/"},"modified":"2025-11-24T09:02:51","modified_gmt":"2025-11-24T14:02:51","slug":"14th-annual-german-holiday-party","status":"publish","type":"product","link":"https:\/\/upstateinternational.org\/pt\/produto\/14th-annual-german-holiday-party\/","title":{"rendered":"14\u00aa Festa Anual Alem\u00e3 de Fim de Ano"},"content":{"rendered":"<p><span style=\"color: #ff0000;\"><strong>Celebre o in\u00edcio da temporada de festas em grande estilo, na tradi\u00e7\u00e3o alem\u00e3.<\/strong><\/span><\/p>\n<p>O Christkindlesmarkt (Mercado de Natal) \u00e9 uma feira de rua celebrada em toda a Alemanha durante as quatro semanas do Advento, que antecedem o Natal. Nesses mercados, voc\u00ea pode comprar artesanato, decora\u00e7\u00f5es natalinas, ouvir m\u00fasicas de Natal e se divertir. <em>Gl\u00fchwein<\/em>, Salsichas bratwurst e muitas guloseimas.<\/p>\n<p><em>Gl\u00fchwein<\/em> \u00c9 um vinho quente \u2013 geralmente tinto \u2013 com especiarias, destinado a manter as pessoas aquecidas em climas frios.<\/p>\n<p>Convidamos voc\u00ea cordialmente para a nossa Festa de Fim de Ano Alem\u00e3! Desfrute de Bratwurst, chucrute, salada de batata, Stollen doce (p\u00e3o natalino), outras del\u00edcias alem\u00e3s e bebidas tradicionais especiais para os dias frios.<\/p>\n<p><span style=\"color: #008000;\"><em>Haver\u00e1 um sorteio chin\u00eas com pr\u00eamios incr\u00edveis. Os bilhetes custam $1 cada. 12 bilhetes custam $10. Por favor, tragam dinheiro em esp\u00e9cie! A renda do sorteio ser\u00e1 doada para a institui\u00e7\u00e3o. <\/em><em>Seguindo as organiza\u00e7\u00f5es locais: Period Project\/ Safe Harbor\/ Jasmine Road.<\/em><\/span><\/p>\n<p><strong>Custo por pessoa:<\/strong> $30 para membros da Upstate International | $35 para n\u00e3o membros<br \/>\nN\u00e3o haver\u00e1 reembolso em caso de cancelamento. Somente com reserva, os ingressos n\u00e3o ser\u00e3o vendidos na porta.<\/p>\n<p><strong>Prazo final: ter\u00e7a-feira, 03\/12\/2024<\/strong><\/p>\n<p>D\u00favidas? Entre em contato pelo e-mail internationalwg@upstateinternational.org<\/p>","protected":false},"excerpt":{"rendered":"","protected":false},"featured_media":77461,"template":"","meta":{"_acf_changed":false,"_mo_disable_npp":"","wds_primary_product_brand":0,"wds_primary_product_cat":0},"product_brand":[],"product_cat":[146],"product_tag":[],"class_list":{"0":"post-90354","1":"product","2":"type-product","3":"status-publish","4":"has-post-thumbnail","6":"product_cat-events","8":"first","9":"outofstock","10":"taxable","11":"shipping-taxable","12":"product-type-simple"},"acf":[],"_links":{"self":[{"href":"https:\/\/upstateinternational.org\/pt\/wp-json\/wp\/v2\/product\/90354","targetHints":{"allow":["GET"]}}],"collection":[{"href":"https:\/\/upstateinternational.org\/pt\/wp-json\/wp\/v2\/product"}],"about":[{"href":"https:\/\/upstateinternational.org\/pt\/wp-json\/wp\/v2\/types\/product"}],"version-history":[{"count":0,"href":"https:\/\/upstateinternational.org\/pt\/wp-json\/wp\/v2\/product\/90354\/revisions"}],"wp:featuredmedia":[{"embeddable":true,"href":"https:\/\/upstateinternational.org\/pt\/wp-json\/wp\/v2\/media\/77461"}],"wp:attachment":[{"href":"https:\/\/upstateinternational.org\/pt\/wp-json\/wp\/v2\/media?parent=90354"}],"wp:term":[{"taxonomy":"product_brand","embeddable":true,"href":"https:\/\/upstateinternational.org\/pt\/wp-json\/wp\/v2\/product_brand?post=90354"},{"taxonomy":"product_cat","embeddable":true,"href":"https:\/\/upstateinternational.org\/pt\/wp-json\/wp\/v2\/product_cat?post=90354"},{"taxonomy":"product_tag","embeddable":true,"href":"https:\/\/upstateinternational.org\/pt\/wp-json\/wp\/v2\/product_tag?post=90354"}],"curies":[{"name":"wp","href":"https:\/\/api.w.org\/{rel}","templated":true}]}}