{"id":90385,"date":"2025-05-14T10:37:21","date_gmt":"2025-05-14T14:37:21","guid":{"rendered":"https:\/\/ui-hybrid.local\/product\/spanish-a2-regular-thursdays\/"},"modified":"2025-11-24T09:02:55","modified_gmt":"2025-11-24T14:02:55","slug":"spanish-a2-regular-thursdays","status":"publish","type":"product","link":"https:\/\/upstateinternational.org\/pt\/produto\/spanish-a2-regular-thursdays\/","title":{"rendered":"Espanhol A2 Regular: Sextas-feiras"},"content":{"rendered":"<p><span data-sheets-root=\"1\">Estimule seu c\u00e9rebro aprendendo um novo idioma ou aprimorando suas habilidades em l\u00ednguas estrangeiras na Upstate International! Aprender um novo idioma \u00e9 uma maneira comprovada de melhorar sua capacidade de realizar v\u00e1rias tarefas simultaneamente, aprimorar a mem\u00f3ria e as habilidades de comunica\u00e7\u00e3o, al\u00e9m de impulsionar suas habilidades profissionais. \u00c9 tamb\u00e9m uma forma de enriquecer suas experi\u00eancias de viagem, ampliar sua perspectiva global e abrir portas para voc\u00ea em todo o mundo \u2013 globaliza\u00e7\u00e3o, n\u00e3o \u00e9 mesmo? Junte-se \u00e0 UI nessa jornada!<\/span><\/p>\n<p>As aulas regulares acontecem uma vez por semana, com dura\u00e7\u00e3o total de 75 minutos. As aulas intensivas acontecem duas vezes por semana, com dura\u00e7\u00e3o total de 90 minutos. Para participar de um curso de idiomas, o aluno DEVE ser membro da UI. As aulas s\u00e3o oferecidas online e presencialmente. Role a p\u00e1gina para baixo para ver as datas de in\u00edcio e t\u00e9rmino do seu curso, bem como o local. As taxas N\u00c3O S\u00c3O REEMBOLS\u00c1VEIS, exceto em caso de cancelamento por parte da UI.<\/p>","protected":false},"excerpt":{"rendered":"","protected":false},"featured_media":0,"template":"","meta":{"_acf_changed":false,"_mo_disable_npp":"","wds_primary_product_brand":0,"wds_primary_product_cat":132},"product_brand":[],"product_cat":[132],"product_tag":[134],"class_list":{"0":"post-90385","1":"product","2":"type-product","3":"status-publish","5":"product_cat-language-class","6":"product_tag-spanish","8":"first","9":"instock","10":"virtual","11":"taxable","12":"purchasable","13":"product-type-simple"},"acf":[],"_links":{"self":[{"href":"https:\/\/upstateinternational.org\/pt\/wp-json\/wp\/v2\/product\/90385","targetHints":{"allow":["GET"]}}],"collection":[{"href":"https:\/\/upstateinternational.org\/pt\/wp-json\/wp\/v2\/product"}],"about":[{"href":"https:\/\/upstateinternational.org\/pt\/wp-json\/wp\/v2\/types\/product"}],"version-history":[{"count":0,"href":"https:\/\/upstateinternational.org\/pt\/wp-json\/wp\/v2\/product\/90385\/revisions"}],"wp:attachment":[{"href":"https:\/\/upstateinternational.org\/pt\/wp-json\/wp\/v2\/media?parent=90385"}],"wp:term":[{"taxonomy":"product_brand","embeddable":true,"href":"https:\/\/upstateinternational.org\/pt\/wp-json\/wp\/v2\/product_brand?post=90385"},{"taxonomy":"product_cat","embeddable":true,"href":"https:\/\/upstateinternational.org\/pt\/wp-json\/wp\/v2\/product_cat?post=90385"},{"taxonomy":"product_tag","embeddable":true,"href":"https:\/\/upstateinternational.org\/pt\/wp-json\/wp\/v2\/product_tag?post=90385"}],"curies":[{"name":"wp","href":"https:\/\/api.w.org\/{rel}","templated":true}]}}